{"id":10387,"date":"2019-11-27T10:54:50","date_gmt":"2019-11-27T08:54:50","guid":{"rendered":"https:\/\/motorhome.ee\/kabe\/"},"modified":"2020-04-22T17:16:44","modified_gmt":"2020-04-22T15:16:44","slug":"kabe","status":"publish","type":"page","link":"https:\/\/motorhome.ee\/fi\/matkaautojen-myynti\/kabe\/","title":{"rendered":"KABE"},"content":{"rendered":"<div class=\"wpb-content-wrapper\"><p>[vc_row content_placement=&#8221;top&#8221;][vc_column width=&#8221;1\/3&#8243;][vc_single_image image=&#8221;7448&#8243; img_size=&#8221;full&#8221; alignment=&#8221;center&#8221;][vc_single_image image=&#8221;7454&#8243; img_size=&#8221;full&#8221; css=&#8221;.vc_custom_1574849085380{margin-bottom: 0px !important;}&#8221;][\/vc_column][vc_column width=&#8221;2\/3&#8243;][vc_column_text]KABE AB on ruotsalainen asuntovaunujen ja matkailuautojen valmistaja, joka aloitti toimintansa vuonna 1957. KABE: n p\u00e4\u00e4konttori, kehitysosasto ja tuotanto sijaitsevat Ruotsissa (Tenhult, Sm\u00e5land), miss\u00e4 kaikki asuntovaunu- ja matkailuautomallit valmistetaan. KABE AB on KABE Group AB: n (publ.) tyt\u00e4ryhti\u00f6. Yli 60 vuotta sitten tuotannon aloittanut KABE on panostanut kehitysty\u00f6ss\u00e4\u00e4n eniten Pohjoismaiden ilmastoon parhaiten soveltuvien asuntovaunujen ja matkailuautojen tuotantoon. KABE on aina ollut edell\u00e4k\u00e4vij\u00e4 huviajoneuvojen markkinoilla etenkin my\u00f6t\u00e4vaikuttamalla muun muassa t\u00e4ydellisten l\u00e4mmitys- ja ilmanvaihtoj\u00e4rjestelmien kehitt\u00e4miseen. Ainutlaatuinen lattial\u00e4mmitysj\u00e4rjestelm\u00e4, Vario Ventin patentoitu ilmanvaihtoratkaisu &#8211; n\u00e4m\u00e4 ovat vain muutamia niist\u00e4 harvoista yksityiskohdista, joita et l\u00f6yd\u00e4 muista vapaa-ajan ajoneuvoista.<\/p>\n<p>KABE rakentaa p\u00e4tevien ty\u00f6ntekij\u00f6iden ja teknikkojen avulla 850 vapaa-ajan ajoneuvoa vuodessa Sm\u00e5landin noin 12 000 neli\u00f6metrin tehtaalle. Ajoneuvojen tuotantom\u00e4\u00e4r\u00e4\u00e4 ei lis\u00e4t\u00e4 tietoisesti &#8211; jokaisen KABE-ajoneuvon laadun on oltava ensiluokkaista. Laatu ja sen varmistaminen ovat KABE: n ajattelutavat &#8211; 100%: n laadunvalvonta suoritetaan jokaiselle valmistetulle ajoneuvolle, jossa kiinnitet\u00e4\u00e4n erityist\u00e4 huomiota l\u00e4mp\u00f6eristykseen, ilmanvaihtoon, l\u00e4mmitysj\u00e4rjestelmiin, ikkunoihin, huonekalujen rakentamiseen. Kaikki KABE-asuntovaunut ja -autot valmistetaan Ruotsissa.[\/vc_column_text][\/vc_column][\/vc_row][vc_row content_placement=&#8221;middle&#8221;][vc_column width=&#8221;3\/4&#8243;][vc_column_text]<\/p>\n<h5>KABE ASUNTOVAUNUT JA MATKAILUAUTOT<\/h5>\n<p>Jotta voidaan vastata erilaisiin tarpeisiin ja toiveisiin, olemme jakaneet KABE asuntovaunut kolmeen ryhm\u00e4\u00e4n (CLASSIC, ROYAL, IMPERIAL), jotta voidaan vastata asiakkaiden erilaisiin toiveisiin. Tarvitsetpa pienemm\u00e4n tai suuremman matkailuvaunun, voit aina olla varma, ett\u00e4 kaikissa KABE-matkailuvaunuissa voit nauttia mukavasta oleskelusta ymp\u00e4ri vuoden, korkeaan laatuun, turvallisuuteen sek\u00e4 \u00e4lykk\u00e4isiin ja ainutlaatuisiin ratkaisuihin. K\u00e4ytt\u00e4j\u00e4n mukavuus, turvallisuus ja korkea laatu ovat KABElle aina t\u00e4rkeit\u00e4.[\/vc_column_text][\/vc_column][vc_column width=&#8221;1\/4&#8243;][vc_single_image image=&#8221;8385&#8243; img_size=&#8221;full&#8221; css=&#8221;.vc_custom_1579016376721{margin-bottom: 0px !important;}&#8221;][\/vc_column][\/vc_row][vc_section][vc_row][vc_column][\/vc_column][\/vc_row][vc_row equal_height=&#8221;yes&#8221; content_placement=&#8221;top&#8221; css=&#8221;.vc_custom_1579016491698{margin-top: 32px !important;}&#8221;][vc_column width=&#8221;1\/3&#8243;][vc_column_text]<\/p>\n<h5>KABE CLASSIC ASUNTOVAUNU<\/h5>\n<p>KABE CLASSIC -vaunujen vakiovarusteluettelo on ehk\u00e4 hieman vaatimattomampi ja k\u00e4ytetyt materiaalit ovat yksinkertaisempia, mutta silti l\u00f6yd\u00e4t kaiken tarvitsemasi laadusta tinkim\u00e4tt\u00e4.[\/vc_column_text][\/vc_column][vc_column width=&#8221;1\/3&#8243;][vc_column_text]<\/p>\n<h5>KABE ROYAL ASUNTOVAUNU<\/h5>\n<p>KABE ROYAL -sarja on vakiona kuninkaallinen ylellisyys. Asuntovaunuasiakkaille, jotka haluavat olla modernin tekniikan ja ensiluokkaisten materiaalien k\u00e4yt\u00f6n eturintamassa ja jotka eiv\u00e4t ole tyytyv\u00e4isi\u00e4 muihin kuin parhaimpiin. \u00c4lyk\u00e4s KABE SMART-D -ohjausj\u00e4rjestelm\u00e4 on nyt vakiona kaikissa KABE ROYAL -vaunuissa.[\/vc_column_text][\/vc_column][vc_column width=&#8221;1\/3&#8243;][vc_column_text]<\/p>\n<h5>KABE IMPERIAL ASUNTOVAUNU<\/h5>\n<p>JOS SINULLA ON VAIN EHDOTON HUIPPU TARPEEKSI HYV\u00c4<\/p>\n<p>KABE IMPERIAL -sarjan asuntovaunut ovat ehdoton huippu premium-asuntovaunujen joukossa. KABE IMPERIALI ylellisyys n\u00e4kyy jo ulkopinnalla, joka on sile\u00e4 ja kiilt\u00e4v\u00e4 ja viimeistelty kolmiulotteisilla koristeilla.<\/p>\n<p>[\/vc_column_text][\/vc_column][\/vc_row][vc_row equal_height=&#8221;yes&#8221; content_placement=&#8221;middle&#8221;][vc_column width=&#8221;1\/3&#8243;][vc_btn title=&#8221;KATSO LIS\u00c4\u00c4&#8221; style=&#8221;custom&#8221; custom_background=&#8221;#0f773d&#8221; custom_text=&#8221;#ffffff&#8221; shape=&#8221;square&#8221; link=&#8221;url:https%3A%2F%2Fwww.kabe.se%2Ffi%2Fmatkailuvaunut%2Fclassic%2F||target:%20_blank|&#8221;][\/vc_column][vc_column width=&#8221;1\/3&#8243;][vc_btn title=&#8221;KATSO LIS\u00c4\u00c4&#8221; style=&#8221;custom&#8221; custom_background=&#8221;#0f773d&#8221; custom_text=&#8221;#ffffff&#8221; shape=&#8221;square&#8221; link=&#8221;url:https%3A%2F%2Fwww.kabe.se%2Ffi%2Fmatkailuvaunut%2Froyal%2F||target:%20_blank|&#8221;][\/vc_column][vc_column width=&#8221;1\/3&#8243;][vc_btn title=&#8221;KATSO LIS\u00c4\u00c4&#8221; style=&#8221;custom&#8221; custom_background=&#8221;#0f773d&#8221; custom_text=&#8221;#ffffff&#8221; shape=&#8221;square&#8221; link=&#8221;url:https%3A%2F%2Fwww.kabe.se%2Ffi%2Fmatkailuvaunut%2Fimperial%2F||target:%20_blank|&#8221;][\/vc_column][\/vc_row][\/vc_section][vc_section][vc_row][vc_column][vc_separator][\/vc_column][\/vc_row][vc_row content_placement=&#8221;top&#8221;][vc_column width=&#8221;1\/4&#8243;][vc_column_text]<\/p>\n<h4>KABE TRAVEL MASTER ASUNTOVAUNU<\/h4>\n<p>KABE TRAVEL MASTER puoliksi integroidut ja cross-over-tyyppiset matkailuautot.[\/vc_column_text][\/vc_column][vc_column width=&#8221;1\/4&#8243;][vc_column_text]<\/p>\n<h4>KABE ROYAL ASUNTOVAUNU<\/h4>\n<p>KABE ROYAL puoliksi integroidut, cross-over ja t\u00e4ysin integroidut matkailuautot. Rakennettu korkealaatuiselle FIAT AL-KO -runkolle.[\/vc_column_text][\/vc_column][vc_column width=&#8221;1\/4&#8243;][vc_column_text]<\/p>\n<h4>KABE CROWN ASUNTOVAUNU<\/h4>\n<p>KABE CROWN ylelliset t\u00e4ysin integroidut matkailuautot. Rakennettu korkealaatuiselle Mercedes Benz AL-KO -runkolle.[\/vc_column_text][\/vc_column][vc_column width=&#8221;1\/4&#8243;][vc_column_text]<\/p>\n<h4>KABE IMPERIAL ASUNTOVAUNU<\/h4>\n<p>KABE IMPERIAL -ylelliset t\u00e4ysin integroidut matkailuautot. Rakennettu korkealaatuiselle Mercedes Benz AL-KO tandem-taka-akselirungolle.[\/vc_column_text][\/vc_column][\/vc_row][vc_row content_placement=&#8221;top&#8221;][vc_column width=&#8221;1\/4&#8243;][vc_single_image image=&#8221;7484&#8243; img_size=&#8221;265&#215;175&#8243; alignment=&#8221;center&#8221; css=&#8221;.vc_custom_1579736576683{margin-bottom: 0px !important;}&#8221;][vc_empty_space height=&#8221;16px&#8221;][vc_btn title=&#8221;KATSO LIS\u00c4\u00c4&#8221; style=&#8221;custom&#8221; custom_background=&#8221;#0f773d&#8221; custom_text=&#8221;#ffffff&#8221; shape=&#8221;square&#8221; link=&#8221;url:https%3A%2F%2Fwww.kabe.se%2Ffi%2Fmatkailuautot%2Ftravel-master%2F||target:%20_blank|&#8221;][\/vc_column][vc_column width=&#8221;1\/4&#8243;][vc_single_image image=&#8221;7487&#8243; img_size=&#8221;265&#215;175&#8243; css=&#8221;.vc_custom_1579736580676{margin-bottom: 0px !important;}&#8221;][vc_empty_space height=&#8221;16px&#8221;][vc_btn title=&#8221;KATSO LIS\u00c4\u00c4&#8221; style=&#8221;custom&#8221; custom_background=&#8221;#0f773d&#8221; custom_text=&#8221;#ffffff&#8221; shape=&#8221;square&#8221; link=&#8221;url:https%3A%2F%2Fwww.kabe.se%2Ffi%2Fmatkailuautot%2Froyal%2F||target:%20_blank|&#8221;][\/vc_column][vc_column width=&#8221;1\/4&#8243;][vc_single_image image=&#8221;7490&#8243; img_size=&#8221;265&#215;175&#8243; css=&#8221;.vc_custom_1579736585383{margin-bottom: 0px !important;}&#8221;][vc_empty_space height=&#8221;16px&#8221;][vc_btn title=&#8221;KATSO LIS\u00c4\u00c4&#8221; style=&#8221;custom&#8221; custom_background=&#8221;#0f773d&#8221; custom_text=&#8221;#ffffff&#8221; shape=&#8221;square&#8221; link=&#8221;url:https%3A%2F%2Fwww.kabe.se%2Ffi%2Fmatkailuautot%2Fcrown%2F||target:%20_blank|&#8221;][\/vc_column][vc_column width=&#8221;1\/4&#8243;][vc_single_image image=&#8221;8068&#8243; img_size=&#8221;265&#215;175&#8243; css=&#8221;.vc_custom_1579736588778{margin-bottom: 0px !important;}&#8221;][vc_empty_space height=&#8221;16px&#8221;][vc_btn title=&#8221;KATSO LIS\u00c4\u00c4&#8221; style=&#8221;custom&#8221; custom_background=&#8221;#0f773d&#8221; custom_text=&#8221;#ffffff&#8221; shape=&#8221;square&#8221; link=&#8221;url:https%3A%2F%2Fwww.kabe.se%2Ffi%2Fmatkailuautot%2Fimperial%2F||target:%20_blank|&#8221;][\/vc_column][\/vc_row][\/vc_section][vc_section][vc_row][vc_column][vc_media_grid style=&#8221;load-more&#8221; items_per_page=&#8221;6&#8243; element_width=&#8221;2&#8243; grid_id=&#8221;vc_gid:1587568555262-293900a5-5ca9-10&#8243; include=&#8221;8829,8826,8823,8820,8817,8814,8811,8808&#8243;][\/vc_column][\/vc_row][\/vc_section][vc_section][vc_row][vc_column][vc_separator][\/vc_column][\/vc_row][vc_row][vc_column width=&#8221;1\/3&#8243;][vc_column_text]<\/p>\n<h2>LATAA SE:<\/h2>\n<p>[\/vc_column_text]<ul class='shortcode type-arrows '><li><span class=\"red_box\"><i class='fa fa-angle-right '><\/i><\/span><a href=\"https:\/\/motorhome.ee\/wp-content\/uploads\/2020\/01\/KABE-caravan-2020-se.pdf\" target=\"_blank\" rel=\"noopener noreferrer\">KABE KATALOGI 2020<\/a><\/li><li><span class=\"red_box\"><i class='fa fa-angle-right '><\/i><\/span>[vc_column_text]KABE PDF-KATALOGI 2020[\/vc_column_text]<\/li><li><span class=\"red_box\"><i class='fa fa-angle-right '><\/i><\/span><a href=\"https:\/\/motorhome.ee\/wp-content\/uploads\/2020\/01\/KABE-HINNAKIRI-2020_HAAGISELAMUD.pdf\">KABE HINNASTO 2020_ASUNTOVAUNU<\/a><\/li><\/ul>[\/vc_column][vc_column width=&#8221;1\/3&#8243;][vc_column_text]<\/p>\n<h2>KATSO MY\u00d6S:<\/h2>\n<p>[\/vc_column_text]<ul class='shortcode type-arrows '><li><span class=\"red_box\"><i class='fa fa-angle-right '><\/i><\/span>[vc_column_text]<a href=\"https:\/\/www.kabe.se\/fi\/\" target=\"_blank\" rel=\"noopener noreferrer\">KABE VERKKOSIVUSTO<\/a>[\/vc_column_text]<\/li><\/ul>[\/vc_column][vc_column width=&#8221;1\/3&#8243;][vc_column_text]<\/p>\n<h2>KYSYMYKSI\u00c4?<\/h2>\n<p>&nbsp;<\/p>\n<p><a href=\"https:\/\/motorhome.ee\/fi\/kontakti\/\" target=\"_blank\" rel=\"noopener noreferrer\">OTA MEIHIN YHTEYTT\u00c4, JOS SINULLA ON KYSYTT\u00c4V\u00c4\u00c4!<\/a>[\/vc_column_text][\/vc_column][\/vc_row][\/vc_section][vc_row][vc_column][vc_separator][\/vc_column][\/vc_row]<\/p>\n<\/div>","protected":false},"excerpt":{"rendered":"<p>[vc_row content_placement=&#8221;top&#8221;][vc_column width=&#8221;1\/3&#8243;][vc_single_image image=&#8221;7448&#8243; img_size=&#8221;full&#8221; alignment=&#8221;center&#8221;][vc_single_image image=&#8221;7454&#8243; img_size=&#8221;full&#8221; css=&#8221;.vc_custom_1574849085380{margin-bottom: 0px !important;}&#8221;][\/vc_column][vc_column width=&#8221;2\/3&#8243;][vc_column_text]KABE AB on ruotsalainen asuntovaunujen ja matkailuautojen valmistaja, joka aloitti toimintansa vuonna 1957. KABE: n p\u00e4\u00e4konttori, kehitysosasto ja tuotanto sijaitsevat Ruotsissa (Tenhult, Sm\u00e5land), miss\u00e4 kaikki asuntovaunu- ja matkailuautomallit valmistetaan. KABE AB on KABE Group AB: n (publ.) tyt\u00e4ryhti\u00f6. Yli 60 vuotta sitten tuotannon aloittanut KABE on panostanut kehitysty\u00f6ss\u00e4\u00e4n eniten Pohjoismaiden ilmastoon parhaiten soveltuvien asuntovaunujen ja matkailuautojen tuotantoon. KABE on aina ollut edell\u00e4k\u00e4vij\u00e4 huviajoneuvojen markkinoilla etenkin my\u00f6t\u00e4vaikuttamalla muun muassa t\u00e4ydellisten l\u00e4mmitys- ja ilmanvaihtoj\u00e4rjestelmien kehitt\u00e4miseen. Ainutlaatuinen lattial\u00e4mmitysj\u00e4rjestelm\u00e4, Vario Ventin patentoitu ilmanvaihtoratkaisu &#8211; n\u00e4m\u00e4 ovat vain muutamia niist\u00e4 harvoista yksityiskohdista, joita et l\u00f6yd\u00e4 muista vapaa-ajan ajoneuvoista.<\/p>\n<p>KABE rakentaa p\u00e4tevien ty\u00f6ntekij\u00f6iden ja teknikkojen avulla 850 vapaa-ajan ajoneuvoa vuodessa Sm\u00e5landin noin 12 000 neli\u00f6metrin tehtaalle. Ajoneuvojen tuotantom\u00e4\u00e4r\u00e4\u00e4 ei lis\u00e4t\u00e4 tietoisesti &#8211; jokaisen KABE-ajoneuvon laadun on oltava ensiluokkaista. Laatu ja sen varmistaminen ovat KABE: n ajattelutavat &#8211; 100%: n laadunvalvonta suoritetaan jokaiselle valmistetulle ajoneuvolle, jossa kiinnitet\u00e4\u00e4n erityist\u00e4 huomiota l\u00e4mp\u00f6eristykseen, ilmanvaihtoon, [&#8230;]<\/p>\n","protected":false},"author":1,"featured_media":52764,"parent":10393,"menu_order":0,"comment_status":"closed","ping_status":"closed","template":"","meta":{"_acf_changed":false,"_exactmetrics_skip_tracking":false,"_exactmetrics_sitenote_active":false,"_exactmetrics_sitenote_note":"","_exactmetrics_sitenote_category":0,"footnotes":""},"class_list":["post-10387","page","type-page","status-publish","has-post-thumbnail","hentry"],"acf":[],"yoast_head":"<!-- This site is optimized with the Yoast SEO plugin v27.2 - https:\/\/yoast.com\/product\/yoast-seo-wordpress\/ -->\n<title>KABE - MOTORHOME.ee<\/title>\n<meta name=\"robots\" content=\"index, follow, max-snippet:-1, max-image-preview:large, max-video-preview:-1\" \/>\n<link rel=\"canonical\" href=\"https:\/\/motorhome.ee\/fi\/matkaautojen-myynti\/kabe\/\" \/>\n<meta property=\"og:locale\" content=\"fi_FI\" \/>\n<meta property=\"og:type\" content=\"article\" \/>\n<meta property=\"og:title\" content=\"KABE - MOTORHOME.ee\" \/>\n<meta property=\"og:description\" content=\"[vc_row content_placement=&#8221;top&#8221;][vc_column width=&#8221;1\/3&#8243;][vc_single_image image=&#8221;7448&#8243; img_size=&#8221;full&#8221; alignment=&#8221;center&#8221;][vc_single_image image=&#8221;7454&#8243; img_size=&#8221;full&#8221; css=&#8221;.vc_custom_1574849085380{margin-bottom: 0px !important;}&#8221;][\/vc_column][vc_column width=&#8221;2\/3&#8243;][vc_column_text]KABE AB on ruotsalainen asuntovaunujen ja matkailuautojen valmistaja, joka aloitti toimintansa vuonna 1957. KABE: n p\u00e4\u00e4konttori, kehitysosasto ja tuotanto sijaitsevat Ruotsissa (Tenhult, Sm\u00e5land), miss\u00e4 kaikki asuntovaunu- ja matkailuautomallit valmistetaan. KABE AB on KABE Group AB: n (publ.) tyt\u00e4ryhti\u00f6. Yli 60 vuotta sitten tuotannon aloittanut KABE on panostanut kehitysty\u00f6ss\u00e4\u00e4n eniten Pohjoismaiden ilmastoon parhaiten soveltuvien asuntovaunujen ja matkailuautojen tuotantoon. KABE on aina ollut edell\u00e4k\u00e4vij\u00e4 huviajoneuvojen markkinoilla etenkin my\u00f6t\u00e4vaikuttamalla muun muassa t\u00e4ydellisten l\u00e4mmitys- ja ilmanvaihtoj\u00e4rjestelmien kehitt\u00e4miseen. Ainutlaatuinen lattial\u00e4mmitysj\u00e4rjestelm\u00e4, Vario Ventin patentoitu ilmanvaihtoratkaisu &#8211; n\u00e4m\u00e4 ovat vain muutamia niist\u00e4 harvoista yksityiskohdista, joita et l\u00f6yd\u00e4 muista vapaa-ajan ajoneuvoista. KABE rakentaa p\u00e4tevien ty\u00f6ntekij\u00f6iden ja teknikkojen avulla 850 vapaa-ajan ajoneuvoa vuodessa Sm\u00e5landin noin 12 000 neli\u00f6metrin tehtaalle. Ajoneuvojen tuotantom\u00e4\u00e4r\u00e4\u00e4 ei lis\u00e4t\u00e4 tietoisesti &#8211; jokaisen KABE-ajoneuvon laadun on oltava ensiluokkaista. Laatu ja sen varmistaminen ovat KABE: n ajattelutavat &#8211; 100%: n laadunvalvonta suoritetaan jokaiselle valmistetulle ajoneuvolle, jossa kiinnitet\u00e4\u00e4n erityist\u00e4 huomiota l\u00e4mp\u00f6eristykseen, ilmanvaihtoon, [...]\" \/>\n<meta property=\"og:url\" content=\"https:\/\/motorhome.ee\/fi\/matkaautojen-myynti\/kabe\/\" \/>\n<meta property=\"og:site_name\" content=\"MOTORHOME.ee\" \/>\n<meta property=\"article:publisher\" content=\"https:\/\/www.facebook.com\/MOTORHOME.ee\/\" \/>\n<meta property=\"article:modified_time\" content=\"2020-04-22T15:16:44+00:00\" \/>\n<meta property=\"og:image\" content=\"https:\/\/motorhome.ee\/wp-content\/uploads\/2021\/05\/frankia-_www89ee-1-_www89ee-_www89ee.jpg\" \/>\n\t<meta property=\"og:image:width\" content=\"1134\" \/>\n\t<meta property=\"og:image:height\" content=\"1701\" \/>\n\t<meta property=\"og:image:type\" content=\"image\/jpeg\" \/>\n<meta name=\"twitter:card\" content=\"summary_large_image\" \/>\n<meta name=\"twitter:label1\" content=\"Arvioitu lukuaika\" \/>\n\t<meta name=\"twitter:data1\" content=\"6 minuuttia\" \/>\n<script type=\"application\/ld+json\" class=\"yoast-schema-graph\">{\"@context\":\"https:\/\/schema.org\",\"@graph\":[{\"@type\":\"WebPage\",\"@id\":\"https:\/\/motorhome.ee\/fi\/matkaautojen-myynti\/kabe\/\",\"url\":\"https:\/\/motorhome.ee\/fi\/matkaautojen-myynti\/kabe\/\",\"name\":\"KABE - MOTORHOME.ee\",\"isPartOf\":{\"@id\":\"https:\/\/motorhome.ee\/fi\/#website\"},\"primaryImageOfPage\":{\"@id\":\"https:\/\/motorhome.ee\/fi\/matkaautojen-myynti\/kabe\/#primaryimage\"},\"image\":{\"@id\":\"https:\/\/motorhome.ee\/fi\/matkaautojen-myynti\/kabe\/#primaryimage\"},\"thumbnailUrl\":\"https:\/\/motorhome.ee\/wp-content\/uploads\/2024\/12\/motorhome-hoone.png\",\"datePublished\":\"2019-11-27T08:54:50+00:00\",\"dateModified\":\"2020-04-22T15:16:44+00:00\",\"breadcrumb\":{\"@id\":\"https:\/\/motorhome.ee\/fi\/matkaautojen-myynti\/kabe\/#breadcrumb\"},\"inLanguage\":\"fi\",\"potentialAction\":[{\"@type\":\"ReadAction\",\"target\":[\"https:\/\/motorhome.ee\/fi\/matkaautojen-myynti\/kabe\/\"]}]},{\"@type\":\"ImageObject\",\"inLanguage\":\"fi\",\"@id\":\"https:\/\/motorhome.ee\/fi\/matkaautojen-myynti\/kabe\/#primaryimage\",\"url\":\"https:\/\/motorhome.ee\/wp-content\/uploads\/2024\/12\/motorhome-hoone.png\",\"contentUrl\":\"https:\/\/motorhome.ee\/wp-content\/uploads\/2024\/12\/motorhome-hoone.png\",\"width\":500,\"height\":500,\"caption\":\"Motorhome hoone\"},{\"@type\":\"BreadcrumbList\",\"@id\":\"https:\/\/motorhome.ee\/fi\/matkaautojen-myynti\/kabe\/#breadcrumb\",\"itemListElement\":[{\"@type\":\"ListItem\",\"position\":1,\"name\":\"Home\",\"item\":\"https:\/\/motorhome.ee\/fi\/\"},{\"@type\":\"ListItem\",\"position\":2,\"name\":\"MATKAAUTOJEN MYYNTI\",\"item\":\"https:\/\/motorhome.ee\/fi\/matkaautojen-myynti\/\"},{\"@type\":\"ListItem\",\"position\":3,\"name\":\"KABE\"}]},{\"@type\":\"WebSite\",\"@id\":\"https:\/\/motorhome.ee\/fi\/#website\",\"url\":\"https:\/\/motorhome.ee\/fi\/\",\"name\":\"MOTORHOME.ee\",\"description\":\"\",\"publisher\":{\"@id\":\"https:\/\/motorhome.ee\/fi\/#organization\"},\"potentialAction\":[{\"@type\":\"SearchAction\",\"target\":{\"@type\":\"EntryPoint\",\"urlTemplate\":\"https:\/\/motorhome.ee\/fi\/?s={search_term_string}\"},\"query-input\":{\"@type\":\"PropertyValueSpecification\",\"valueRequired\":true,\"valueName\":\"search_term_string\"}}],\"inLanguage\":\"fi\"},{\"@type\":\"Organization\",\"@id\":\"https:\/\/motorhome.ee\/fi\/#organization\",\"name\":\"Motorhome.ee\",\"url\":\"https:\/\/motorhome.ee\/fi\/\",\"logo\":{\"@type\":\"ImageObject\",\"inLanguage\":\"fi\",\"@id\":\"https:\/\/motorhome.ee\/fi\/#\/schema\/logo\/image\/\",\"url\":\"https:\/\/motorhome.ee\/wp-content\/uploads\/2023\/03\/2021-07-23.jpg\",\"contentUrl\":\"https:\/\/motorhome.ee\/wp-content\/uploads\/2023\/03\/2021-07-23.jpg\",\"width\":540,\"height\":405,\"caption\":\"Motorhome.ee\"},\"image\":{\"@id\":\"https:\/\/motorhome.ee\/fi\/#\/schema\/logo\/image\/\"},\"sameAs\":[\"https:\/\/www.facebook.com\/MOTORHOME.ee\/\",\"https:\/\/www.instagram.com\/motorhome.ee\/\",\"https:\/\/www.youtube.com\/channel\/UCa08CRBOoU-bbN-g0fnNadw\"]}]}<\/script>\n<!-- \/ Yoast SEO plugin. -->","yoast_head_json":{"title":"KABE - MOTORHOME.ee","robots":{"index":"index","follow":"follow","max-snippet":"max-snippet:-1","max-image-preview":"max-image-preview:large","max-video-preview":"max-video-preview:-1"},"canonical":"https:\/\/motorhome.ee\/fi\/matkaautojen-myynti\/kabe\/","og_locale":"fi_FI","og_type":"article","og_title":"KABE - MOTORHOME.ee","og_description":"[vc_row content_placement=&#8221;top&#8221;][vc_column width=&#8221;1\/3&#8243;][vc_single_image image=&#8221;7448&#8243; img_size=&#8221;full&#8221; alignment=&#8221;center&#8221;][vc_single_image image=&#8221;7454&#8243; img_size=&#8221;full&#8221; css=&#8221;.vc_custom_1574849085380{margin-bottom: 0px !important;}&#8221;][\/vc_column][vc_column width=&#8221;2\/3&#8243;][vc_column_text]KABE AB on ruotsalainen asuntovaunujen ja matkailuautojen valmistaja, joka aloitti toimintansa vuonna 1957. KABE: n p\u00e4\u00e4konttori, kehitysosasto ja tuotanto sijaitsevat Ruotsissa (Tenhult, Sm\u00e5land), miss\u00e4 kaikki asuntovaunu- ja matkailuautomallit valmistetaan. KABE AB on KABE Group AB: n (publ.) tyt\u00e4ryhti\u00f6. Yli 60 vuotta sitten tuotannon aloittanut KABE on panostanut kehitysty\u00f6ss\u00e4\u00e4n eniten Pohjoismaiden ilmastoon parhaiten soveltuvien asuntovaunujen ja matkailuautojen tuotantoon. KABE on aina ollut edell\u00e4k\u00e4vij\u00e4 huviajoneuvojen markkinoilla etenkin my\u00f6t\u00e4vaikuttamalla muun muassa t\u00e4ydellisten l\u00e4mmitys- ja ilmanvaihtoj\u00e4rjestelmien kehitt\u00e4miseen. Ainutlaatuinen lattial\u00e4mmitysj\u00e4rjestelm\u00e4, Vario Ventin patentoitu ilmanvaihtoratkaisu &#8211; n\u00e4m\u00e4 ovat vain muutamia niist\u00e4 harvoista yksityiskohdista, joita et l\u00f6yd\u00e4 muista vapaa-ajan ajoneuvoista. KABE rakentaa p\u00e4tevien ty\u00f6ntekij\u00f6iden ja teknikkojen avulla 850 vapaa-ajan ajoneuvoa vuodessa Sm\u00e5landin noin 12 000 neli\u00f6metrin tehtaalle. Ajoneuvojen tuotantom\u00e4\u00e4r\u00e4\u00e4 ei lis\u00e4t\u00e4 tietoisesti &#8211; jokaisen KABE-ajoneuvon laadun on oltava ensiluokkaista. Laatu ja sen varmistaminen ovat KABE: n ajattelutavat &#8211; 100%: n laadunvalvonta suoritetaan jokaiselle valmistetulle ajoneuvolle, jossa kiinnitet\u00e4\u00e4n erityist\u00e4 huomiota l\u00e4mp\u00f6eristykseen, ilmanvaihtoon, [...]","og_url":"https:\/\/motorhome.ee\/fi\/matkaautojen-myynti\/kabe\/","og_site_name":"MOTORHOME.ee","article_publisher":"https:\/\/www.facebook.com\/MOTORHOME.ee\/","article_modified_time":"2020-04-22T15:16:44+00:00","og_image":[{"width":1134,"height":1701,"url":"https:\/\/motorhome.ee\/wp-content\/uploads\/2021\/05\/frankia-_www89ee-1-_www89ee-_www89ee.jpg","type":"image\/jpeg"}],"twitter_card":"summary_large_image","twitter_misc":{"Arvioitu lukuaika":"6 minuuttia"},"schema":{"@context":"https:\/\/schema.org","@graph":[{"@type":"WebPage","@id":"https:\/\/motorhome.ee\/fi\/matkaautojen-myynti\/kabe\/","url":"https:\/\/motorhome.ee\/fi\/matkaautojen-myynti\/kabe\/","name":"KABE - MOTORHOME.ee","isPartOf":{"@id":"https:\/\/motorhome.ee\/fi\/#website"},"primaryImageOfPage":{"@id":"https:\/\/motorhome.ee\/fi\/matkaautojen-myynti\/kabe\/#primaryimage"},"image":{"@id":"https:\/\/motorhome.ee\/fi\/matkaautojen-myynti\/kabe\/#primaryimage"},"thumbnailUrl":"https:\/\/motorhome.ee\/wp-content\/uploads\/2024\/12\/motorhome-hoone.png","datePublished":"2019-11-27T08:54:50+00:00","dateModified":"2020-04-22T15:16:44+00:00","breadcrumb":{"@id":"https:\/\/motorhome.ee\/fi\/matkaautojen-myynti\/kabe\/#breadcrumb"},"inLanguage":"fi","potentialAction":[{"@type":"ReadAction","target":["https:\/\/motorhome.ee\/fi\/matkaautojen-myynti\/kabe\/"]}]},{"@type":"ImageObject","inLanguage":"fi","@id":"https:\/\/motorhome.ee\/fi\/matkaautojen-myynti\/kabe\/#primaryimage","url":"https:\/\/motorhome.ee\/wp-content\/uploads\/2024\/12\/motorhome-hoone.png","contentUrl":"https:\/\/motorhome.ee\/wp-content\/uploads\/2024\/12\/motorhome-hoone.png","width":500,"height":500,"caption":"Motorhome hoone"},{"@type":"BreadcrumbList","@id":"https:\/\/motorhome.ee\/fi\/matkaautojen-myynti\/kabe\/#breadcrumb","itemListElement":[{"@type":"ListItem","position":1,"name":"Home","item":"https:\/\/motorhome.ee\/fi\/"},{"@type":"ListItem","position":2,"name":"MATKAAUTOJEN MYYNTI","item":"https:\/\/motorhome.ee\/fi\/matkaautojen-myynti\/"},{"@type":"ListItem","position":3,"name":"KABE"}]},{"@type":"WebSite","@id":"https:\/\/motorhome.ee\/fi\/#website","url":"https:\/\/motorhome.ee\/fi\/","name":"MOTORHOME.ee","description":"","publisher":{"@id":"https:\/\/motorhome.ee\/fi\/#organization"},"potentialAction":[{"@type":"SearchAction","target":{"@type":"EntryPoint","urlTemplate":"https:\/\/motorhome.ee\/fi\/?s={search_term_string}"},"query-input":{"@type":"PropertyValueSpecification","valueRequired":true,"valueName":"search_term_string"}}],"inLanguage":"fi"},{"@type":"Organization","@id":"https:\/\/motorhome.ee\/fi\/#organization","name":"Motorhome.ee","url":"https:\/\/motorhome.ee\/fi\/","logo":{"@type":"ImageObject","inLanguage":"fi","@id":"https:\/\/motorhome.ee\/fi\/#\/schema\/logo\/image\/","url":"https:\/\/motorhome.ee\/wp-content\/uploads\/2023\/03\/2021-07-23.jpg","contentUrl":"https:\/\/motorhome.ee\/wp-content\/uploads\/2023\/03\/2021-07-23.jpg","width":540,"height":405,"caption":"Motorhome.ee"},"image":{"@id":"https:\/\/motorhome.ee\/fi\/#\/schema\/logo\/image\/"},"sameAs":["https:\/\/www.facebook.com\/MOTORHOME.ee\/","https:\/\/www.instagram.com\/motorhome.ee\/","https:\/\/www.youtube.com\/channel\/UCa08CRBOoU-bbN-g0fnNadw"]}]}},"_links":{"self":[{"href":"https:\/\/motorhome.ee\/fi\/wp-json\/wp\/v2\/pages\/10387","targetHints":{"allow":["GET"]}}],"collection":[{"href":"https:\/\/motorhome.ee\/fi\/wp-json\/wp\/v2\/pages"}],"about":[{"href":"https:\/\/motorhome.ee\/fi\/wp-json\/wp\/v2\/types\/page"}],"author":[{"embeddable":true,"href":"https:\/\/motorhome.ee\/fi\/wp-json\/wp\/v2\/users\/1"}],"replies":[{"embeddable":true,"href":"https:\/\/motorhome.ee\/fi\/wp-json\/wp\/v2\/comments?post=10387"}],"version-history":[{"count":3,"href":"https:\/\/motorhome.ee\/fi\/wp-json\/wp\/v2\/pages\/10387\/revisions"}],"predecessor-version":[{"id":10401,"href":"https:\/\/motorhome.ee\/fi\/wp-json\/wp\/v2\/pages\/10387\/revisions\/10401"}],"up":[{"embeddable":true,"href":"https:\/\/motorhome.ee\/fi\/wp-json\/wp\/v2\/pages\/10393"}],"wp:featuredmedia":[{"embeddable":true,"href":"https:\/\/motorhome.ee\/fi\/wp-json\/wp\/v2\/media\/52764"}],"wp:attachment":[{"href":"https:\/\/motorhome.ee\/fi\/wp-json\/wp\/v2\/media?parent=10387"}],"curies":[{"name":"wp","href":"https:\/\/api.w.org\/{rel}","templated":true}]}}