{"id":10439,"date":"2017-03-23T11:26:03","date_gmt":"2017-03-23T09:26:03","guid":{"rendered":"https:\/\/motorhome.ee\/matkaauto-muuk\/frankia\/"},"modified":"2025-08-09T12:40:08","modified_gmt":"2025-08-09T09:40:08","slug":"frankia","status":"publish","type":"page","link":"https:\/\/motorhome.ee\/fi\/matkaautojen-myynti\/frankia\/","title":{"rendered":"FRANKIA"},"content":{"rendered":"<div class=\"wpb-content-wrapper\"><p>[vc_row css=&#8221;.vc_custom_1410361334750{margin-bottom: 70px !important;}&#8221;][vc_column width=&#8221;2\/3&#8243;][vc_column_text]1960 vuonna perustettu FRANKIA on hyvin pitk\u00e4aikaisia perinteit\u00e4 omaava Saksan Ylemman Frankoonian alueella Marktschorgastis sijaitsev yritys, joka on ollut tienraivaaja matkakotien alaalla 58 vuotta. El\u00e4m\u00e4ntyyli, innovatiivisuus sek\u00e4 t\u00e4ytellisyyksiin pyrkiv\u00e4 \/t\u00e4ydellinen saksalainen laatu ovat FRANKIAn p\u00e4ivitt\u00e4isen ty\u00f6n <em>basic elements<\/em>.<\/p>\n<p>FRANKIA pit\u00e4\u00e4 aina tulevaisuuden mieless\u00e4: heid\u00e4n motivoituneet\/sitoutuneet ja korkeaa ammatitasoa omavat ty\u00f6ntekij\u00e4t paneutuvat koko syd\u00e4mell\u00e4 jokaiseen FRANKIA:an, p\u00e4\u00e4m\u00e4\u00e4r\u00e4n\u00e4 tehd\u00e4 sinun loman Frankia matkaautolla viel\u00e4 enemm\u00e4n rentoutuvaksi, naudinnolliseksi ja paljon-paljon mukavammaksi.\u00a0 Jatkuva uusien ideoiden kehitt\u00e4minen ja asiakkaite sek\u00e4 yhteisty\u00f6partnereiten kuunteleminen\/huomioimeinen auttaa FRANKIA tiimi olemaan kilpailijoista aina yhden askelen verran edell\u00e4 sek\u00e4 innovatiivsete teknologiate, kekseli\u00e4ite tilaratkaisuje, ylellise mukavuude ett\u00e4 verrattoman laadun suhteen.<\/p>\n<p>Me voime rohkeasti v\u00e4itt\u00e4\u00e4, ett\u00e4 FRANKIA matkaautot ovat parimat Premium-liner luokan matkaautoista.<\/p>\n<p>NB! Tiesitko jo, ett\u00e4 nykyaikaisten Premium-luokan asuntoautojen laajalti k\u00e4yt\u00f6ss\u00e4 oleva tuplalattia ratkaisun ovat keksineet just Frankialla?[\/vc_column_text][\/vc_column][vc_column width=&#8221;1\/3&#8243;][vc_single_image image=&#8221;48432&#8243; img_size=&#8221;large&#8221; css=&#8221;&#8221;][\/vc_column][\/vc_row][vc_section][vc_row][vc_column][vc_separator][\/vc_column][\/vc_row][vc_row content_placement=&#8221;middle&#8221;][vc_column width=&#8221;1\/2&#8243;][vc_single_image image=&#8221;7179&#8243; img_size=&#8221;full&#8221; onclick=&#8221;img_link_large&#8221;][\/vc_column][vc_column width=&#8221;1\/2&#8243;][vc_custom_heading text=&#8221;FRANKIA F-LINE&#8221; font_container=&#8221;tag:h2|text_align:left|color:%23000000&#8243; use_theme_fonts=&#8221;yes&#8221; css=&#8221;.vc_custom_1574837254185{margin-bottom: 25px !important;}&#8221;][vc_column_text]FRANKIA F-LINE asuntoautojen mallit on rakennettu korkealaatuiselle FIAT DUCATO ALKO -vaunulle. 740 cm: n malleissa ALKO-2-akselisen rungon suurin sallittu paino on 4,5 tonnia (voidaan nostaa 5,0 tonniin), 790 cm: n malleista k\u00e4ytet\u00e4\u00e4n ALKO 3-akselista alustaa, joka mahdollistaa auton nostamisen 5,5 tonniin. Alkaen F-Line 790 -malleista, ALDE on tavallinen nestel\u00e4mmitysj\u00e4rjestelm\u00e4 (pienemmiss\u00e4 malleissa Truma Combi 6EH -ilmal\u00e4mmitysj\u00e4rjestelm\u00e4).[\/vc_column_text][vc_btn title=&#8221;Katso lis\u00e4\u00e4&#8221; style=&#8221;custom&#8221; custom_background=&#8221;#0f773d&#8221; custom_text=&#8221;#ffffff&#8221; link=&#8221;url:https%3A%2F%2Fwww.frankia.com%2Fen%2Fmotorhomes-and-recreational-vehicles%2Ffrankia-f-line||target:%20_blank|&#8221;][\/vc_column][\/vc_row][\/vc_section][vc_section][vc_row][vc_column][vc_separator][\/vc_column][\/vc_row][vc_row content_placement=&#8221;middle&#8221;][vc_column width=&#8221;1\/2&#8243;][vc_custom_heading text=&#8221;FRANKIA TITAN&#8221; font_container=&#8221;tag:h2|text_align:left|color:%23000000&#8243; use_theme_fonts=&#8221;yes&#8221; css=&#8221;.vc_custom_1574837315126{margin-bottom: 25px !important;}&#8221;][vc_column_text]Samoin kuin F-LINE-malleissa, FRANKIA TITAN -asuntoauto on rakennettu korkealaatuiseen FIAT DUCATO ALKO -runkoon. Mallisarja sis\u00e4lt\u00e4\u00e4 yli 790 cm pitki\u00e4 malleja, joissa on kolmiakselinen ALKO-alakehys (kokonaispaino jopa 5,5 tonnia). T\u00e4ydelliset laitteet ALDE-nestel\u00e4mmitysj\u00e4rjestelm\u00e4st\u00e4 l\u00e4mm\u00f6nvaihtimella ja erillisell\u00e4 tuulilasinl\u00e4mmittimell\u00e4, 1700 W: n B\u00fcttner-invertterill\u00e4, 110 Ah: n litium-ioni-akulla edistyneeseen HI-FI-\u00e4\u00e4nij\u00e4rjestelm\u00e4\u00e4n ja SAT-TV-j\u00e4rjestelm\u00e4\u00e4n. Tehokkain 177 hv MULTIJET II EURO 6 -moottori ja automaattivaihteisto. Saatavana on my\u00f6s 5,5 metrin markiisi ja aurinkopaneelit (2 x 110W).[\/vc_column_text][vc_btn title=&#8221;Katso lis\u00e4\u00e4&#8221; style=&#8221;custom&#8221; custom_background=&#8221;#0f773d&#8221; custom_text=&#8221;#ffffff&#8221; link=&#8221;url:https%3A%2F%2Fwww.frankia.com%2Fen%2Fmotorhomes-and-recreational-vehicles%2Ffrankia-titan||target:%20_blank|&#8221;][\/vc_column][vc_column width=&#8221;1\/2&#8243;][vc_single_image image=&#8221;7167&#8243; img_size=&#8221;full&#8221; onclick=&#8221;img_link_large&#8221;][\/vc_column][\/vc_row][\/vc_section][vc_section][vc_row][vc_column][vc_separator][\/vc_column][\/vc_row][vc_row content_placement=&#8221;middle&#8221;][vc_column width=&#8221;1\/2&#8243;][vc_single_image image=&#8221;7185&#8243; img_size=&#8221;full&#8221;][\/vc_column][vc_column width=&#8221;1\/2&#8243;][vc_custom_heading text=&#8221;FRANKIA M-LINE&#8221; font_container=&#8221;tag:h2|text_align:left|color:%23000000&#8243; use_theme_fonts=&#8221;yes&#8221; css=&#8221;.vc_custom_1574837378710{margin-bottom: 25px !important;}&#8221;][vc_column_text]FRANKIA M-LINE matkailuautojen mallit on rakennettu aivan uusiin ylellisiin MERCEDES BENZ SPRINTER 519 takavetolaitteisiin. M-LINE-malleja on saatavana sek\u00e4 puoliksi integroituina ett\u00e4 t\u00e4ysin integroituina malleina, joten on mahdollista valita yhteens\u00e4 9 erilaista sisustusratkaisua. Perusvarustus on runsas &#8211; 163 hv 3 litran MB-dieselmoottori, enint\u00e4\u00e4n 5 tonnin sallittu enimm\u00e4ispaino, nykyaikaiset kuljettajan avustusj\u00e4rjestelm\u00e4t (ABS, EBD, TCS, ESP), vakionopeuss\u00e4\u00e4din, manuaalinen ilmastointi ja my\u00f6s Webasto-moottorin esil\u00e4mmitys. M-LINE-malleissa on saatavana my\u00f6s FRANKIAn patentoitu Thermo Guard Plus -sein\u00e4rakenne, jolla on 7 vuoden vesitiiviystakuu (voidaan pident\u00e4\u00e4 jopa 10 vuoteen), ALDE-nestem\u00e4inen lattial\u00e4mmitys, keraaminen WC ja TEC TOWER (j\u00e4\u00e4kaappipakastin, kaasuliesi \/ grilli).[\/vc_column_text][vc_btn title=&#8221;Katso lis\u00e4\u00e4&#8221; style=&#8221;custom&#8221; custom_background=&#8221;#0f773d&#8221; custom_text=&#8221;#ffffff&#8221; link=&#8221;url:https%3A%2F%2Fwww.frankia.com%2Fen%2Fmotorhomes-and-recreational-vehicles%2Ffrankia-m-line||target:%20_blank|&#8221;][\/vc_column][\/vc_row][\/vc_section][vc_section][vc_row][vc_column][vc_separator][\/vc_column][\/vc_row][vc_row content_placement=&#8221;middle&#8221;][vc_column width=&#8221;1\/2&#8243;][vc_custom_heading text=&#8221;FRANKIA PLATIN&#8221; font_container=&#8221;tag:h2|text_align:left|color:%23000000&#8243; use_theme_fonts=&#8221;yes&#8221; css=&#8221;.vc_custom_1574837477203{margin-bottom: 25px !important;}&#8221;][vc_column_text]FRANKIA PLATIN, kuten nimest\u00e4 voi p\u00e4\u00e4tell\u00e4, on FRANKIAn todellinen lippulaiva. Kuten M-LINE, my\u00f6s FRANKIA PLATIN on rakennettu uudelle MERCEDES BENZ SPRINTER 519 rungolle. PLATIN-mallisarja sis\u00e4lt\u00e4\u00e4 yhteens\u00e4 4 erilaista sisustusratkaisua &#8211; 7900-sarja (8,04 m) ja 8400-sarja (8,58 m). PLATIN sis\u00e4lt\u00e4\u00e4 kaiken, mit\u00e4 ylellinen retkeilyauto tarvitsee &#8211; ALDE-nestem\u00e4inen l\u00e4mmitysj\u00e4rjestelm\u00e4 l\u00e4mm\u00f6nvaihtimella, lattial\u00e4mmitys ja erillinen tuulilasinl\u00e4mmitin, 1700 W B\u00fcttner Elektronic -invertteri, 2 x 110 Ah litium-ioniakku 2 x 40 A -akkulaturilla, B\u00fcttner Elektronik , tehokas 220 A: n generaattori, 90 A: n akun latausvahvistin, asuin ilmastointilaite (t\u00e4ydellisen s\u00e4hk\u00f6j\u00e4rjestelm\u00e4n ansiosta, joka voi toimia ajon aikana), edistyksellinen HI-FI-\u00e4\u00e4ni- ja multimediaj\u00e4rjestelm\u00e4 sek\u00e4 t\u00e4ysin automaattinen SAT-TV-j\u00e4rjestelm\u00e4. PLATIN vakiona on my\u00f6s tehokkain 3 litran 190 hevosvoiman V6-dieselmoottori, jossa on 7-nopeuksinen automaattivaihteisto.[\/vc_column_text][vc_btn title=&#8221;Katso lis\u00e4\u00e4&#8221; style=&#8221;custom&#8221; custom_background=&#8221;#0f773d&#8221; custom_text=&#8221;#ffffff&#8221; link=&#8221;url:https%3A%2F%2Fwww.frankia.com%2Fen%2Fmotorhomes-and-recreational-vehicles%2Ffrankia-platin||target:%20_blank|&#8221;][\/vc_column][vc_column width=&#8221;1\/2&#8243;][vc_single_image image=&#8221;7191&#8243; img_size=&#8221;full&#8221;][\/vc_column][\/vc_row][\/vc_section][vc_section][vc_row][vc_column][vc_separator][\/vc_column][\/vc_row][vc_row][vc_column width=&#8221;1\/3&#8243;][vc_column_text]<\/p>\n<h2>LATAA SE:<\/h2>\n<p>[\/vc_column_text]<ul class='shortcode type-arrows '><li><span class=\"red_box\"><i class='fa fa-angle-right '><\/i><\/span><a href=\"https:\/\/motorhome.ee\/wp-content\/uploads\/2019\/11\/FRANKIA-F-LINE-2020-KATALOOG.pdf\">FRANKIA F-LINE 2020 KATALOGI<\/a><\/li><li><span class=\"red_box\"><i class='fa fa-angle-right '><\/i><\/span><a href=\"https:\/\/motorhome.ee\/wp-content\/uploads\/2019\/11\/FRANKIA-M-LINE-2020-KATALOOG.pdf\">FRANKIA M-LINE 2020 KATALOGI<\/a><\/li><li><span class=\"red_box\"><i class='fa fa-angle-right '><\/i><\/span><a href=\"https:\/\/motorhome.ee\/wp-content\/uploads\/2019\/11\/YUKON-by-FRANKIA-2020-KATALOOG.pdf\">YUKON by FRANKIA 2020 KATALOGI<\/a><\/li><\/ul>[\/vc_column][vc_column width=&#8221;1\/3&#8243;][vc_column_text]<\/p>\n<h2>LATAA SE:<\/h2>\n<p>[\/vc_column_text]<ul class='shortcode type-arrows '><li><span class=\"red_box\"><i class='fa fa-angle-right '><\/i><\/span><a href=\"https:\/\/motorhome.ee\/wp-content\/uploads\/2019\/11\/FRANKIA-TITAN-2020-KATALOOG.pdf\">FRANKIA TITAN 2020 KATALOGI<\/a><\/li><li><span class=\"red_box\"><i class='fa fa-angle-right '><\/i><\/span><a href=\"https:\/\/motorhome.ee\/wp-content\/uploads\/2019\/11\/FRANKIA-PLATIN-2020-KATALOOG.pdf\">FRANKIA PLATIN 2020 KATALOGI<\/a><\/li><li><span class=\"red_box\"><i class='fa fa-angle-right '><\/i><\/span><a href=\"https:\/\/motorhome.ee\/wp-content\/uploads\/2019\/11\/TEHNLISED-ANDMED-2020.pdf\"> TEKNISET VAATIMUKSET 2020<\/a><\/li><\/ul>[\/vc_column][vc_column width=&#8221;1\/3&#8243;][vc_column_text]<\/p>\n<h2>KYSYMYKSI\u00c4?<\/h2>\n<p>&nbsp;<\/p>\n<p><a href=\"https:\/\/motorhome.ee\/fi\/kontakti\/\" target=\"_blank\" rel=\"noopener noreferrer\">OTA MEIHIN YHTEYTT\u00c4, JOS SINULLA ON KYSYTT\u00c4V\u00c4\u00c4!<\/a>[\/vc_column_text][\/vc_column][\/vc_row][\/vc_section]<\/p>\n<\/div>","protected":false},"excerpt":{"rendered":"<p>[vc_row css=&#8221;.vc_custom_1410361334750{margin-bottom: 70px !important;}&#8221;][vc_column width=&#8221;2\/3&#8243;][vc_column_text]1960 vuonna perustettu FRANKIA on hyvin pitk\u00e4aikaisia perinteit\u00e4 omaava Saksan Ylemman Frankoonian alueella Marktschorgastis sijaitsev yritys, joka on ollut tienraivaaja matkakotien alaalla 58 vuotta. El\u00e4m\u00e4ntyyli, innovatiivisuus sek\u00e4 t\u00e4ytellisyyksiin pyrkiv\u00e4 \/t\u00e4ydellinen saksalainen laatu ovat FRANKIAn p\u00e4ivitt\u00e4isen ty\u00f6n <em>basic elements<\/em>.<\/p>\n<p>FRANKIA pit\u00e4\u00e4 aina tulevaisuuden mieless\u00e4: heid\u00e4n motivoituneet\/sitoutuneet ja korkeaa ammatitasoa omavat ty\u00f6ntekij\u00e4t paneutuvat koko syd\u00e4mell\u00e4 jokaiseen FRANKIA:an, p\u00e4\u00e4m\u00e4\u00e4r\u00e4n\u00e4 tehd\u00e4 sinun loman Frankia matkaautolla viel\u00e4 enemm\u00e4n rentoutuvaksi, naudinnolliseksi ja paljon-paljon mukavammaksi.\u00a0 Jatkuva uusien ideoiden kehitt\u00e4minen ja asiakkaite sek\u00e4 yhteisty\u00f6partnereiten kuunteleminen\/huomioimeinen auttaa FRANKIA tiimi olemaan kilpailijoista aina yhden askelen verran edell\u00e4 sek\u00e4 innovatiivsete teknologiate, kekseli\u00e4ite tilaratkaisuje, ylellise mukavuude ett\u00e4 verrattoman laadun suhteen.<\/p>\n<p>Me voime rohkeasti v\u00e4itt\u00e4\u00e4, ett\u00e4 FRANKIA matkaautot ovat parimat Premium-liner luokan matkaautoista.<\/p>\n<p>NB! Tiesitko jo, ett\u00e4 nykyaikaisten Premium-luokan asuntoautojen laajalti k\u00e4yt\u00f6ss\u00e4 oleva tuplalattia ratkaisun ovat keksineet just Frankialla?[\/vc_column_text][\/vc_column][vc_column width=&#8221;1\/3&#8243;][vc_single_image image=&#8221;48432&#8243; img_size=&#8221;large&#8221; css=&#8221;&#8221;][\/vc_column][\/vc_row][vc_section][vc_row][vc_column][vc_separator][\/vc_column][\/vc_row][vc_row content_placement=&#8221;middle&#8221;][vc_column width=&#8221;1\/2&#8243;][vc_single_image image=&#8221;7179&#8243; img_size=&#8221;full&#8221; onclick=&#8221;img_link_large&#8221;][\/vc_column][vc_column width=&#8221;1\/2&#8243;][vc_custom_heading text=&#8221;FRANKIA F-LINE&#8221; font_container=&#8221;tag:h2|text_align:left|color:%23000000&#8243; use_theme_fonts=&#8221;yes&#8221; css=&#8221;.vc_custom_1574837254185{margin-bottom: 25px !important;}&#8221;][vc_column_text]FRANKIA F-LINE asuntoautojen mallit on rakennettu korkealaatuiselle FIAT DUCATO [&#8230;]<\/p>\n","protected":false},"author":1,"featured_media":0,"parent":10393,"menu_order":0,"comment_status":"closed","ping_status":"closed","template":"","meta":{"_acf_changed":false,"_exactmetrics_skip_tracking":false,"_exactmetrics_sitenote_active":false,"_exactmetrics_sitenote_note":"","_exactmetrics_sitenote_category":0,"footnotes":""},"class_list":["post-10439","page","type-page","status-publish","hentry"],"acf":[],"yoast_head":"<!-- This site is optimized with the Yoast SEO plugin v27.2 - https:\/\/yoast.com\/product\/yoast-seo-wordpress\/ -->\n<title>FRANKIA - MOTORHOME.ee<\/title>\n<meta name=\"robots\" content=\"index, follow, max-snippet:-1, max-image-preview:large, max-video-preview:-1\" \/>\n<link rel=\"canonical\" href=\"https:\/\/motorhome.ee\/fi\/matkaautojen-myynti\/frankia\/\" \/>\n<meta property=\"og:locale\" content=\"fi_FI\" \/>\n<meta property=\"og:type\" content=\"article\" \/>\n<meta property=\"og:title\" content=\"FRANKIA - MOTORHOME.ee\" \/>\n<meta property=\"og:description\" content=\"[vc_row css=&#8221;.vc_custom_1410361334750{margin-bottom: 70px !important;}&#8221;][vc_column width=&#8221;2\/3&#8243;][vc_column_text]1960 vuonna perustettu FRANKIA on hyvin pitk\u00e4aikaisia perinteit\u00e4 omaava Saksan Ylemman Frankoonian alueella Marktschorgastis sijaitsev yritys, joka on ollut tienraivaaja matkakotien alaalla 58 vuotta. El\u00e4m\u00e4ntyyli, innovatiivisuus sek\u00e4 t\u00e4ytellisyyksiin pyrkiv\u00e4 \/t\u00e4ydellinen saksalainen laatu ovat FRANKIAn p\u00e4ivitt\u00e4isen ty\u00f6n basic elements. FRANKIA pit\u00e4\u00e4 aina tulevaisuuden mieless\u00e4: heid\u00e4n motivoituneet\/sitoutuneet ja korkeaa ammatitasoa omavat ty\u00f6ntekij\u00e4t paneutuvat koko syd\u00e4mell\u00e4 jokaiseen FRANKIA:an, p\u00e4\u00e4m\u00e4\u00e4r\u00e4n\u00e4 tehd\u00e4 sinun loman Frankia matkaautolla viel\u00e4 enemm\u00e4n rentoutuvaksi, naudinnolliseksi ja paljon-paljon mukavammaksi.\u00a0 Jatkuva uusien ideoiden kehitt\u00e4minen ja asiakkaite sek\u00e4 yhteisty\u00f6partnereiten kuunteleminen\/huomioimeinen auttaa FRANKIA tiimi olemaan kilpailijoista aina yhden askelen verran edell\u00e4 sek\u00e4 innovatiivsete teknologiate, kekseli\u00e4ite tilaratkaisuje, ylellise mukavuude ett\u00e4 verrattoman laadun suhteen. Me voime rohkeasti v\u00e4itt\u00e4\u00e4, ett\u00e4 FRANKIA matkaautot ovat parimat Premium-liner luokan matkaautoista. NB! Tiesitko jo, ett\u00e4 nykyaikaisten Premium-luokan asuntoautojen laajalti k\u00e4yt\u00f6ss\u00e4 oleva tuplalattia ratkaisun ovat keksineet just Frankialla?[\/vc_column_text][\/vc_column][vc_column width=&#8221;1\/3&#8243;][vc_single_image image=&#8221;48432&#8243; img_size=&#8221;large&#8221; css=&#8221;&#8221;][\/vc_column][\/vc_row][vc_section][vc_row][vc_column][vc_separator][\/vc_column][\/vc_row][vc_row content_placement=&#8221;middle&#8221;][vc_column width=&#8221;1\/2&#8243;][vc_single_image image=&#8221;7179&#8243; img_size=&#8221;full&#8221; onclick=&#8221;img_link_large&#8221;][\/vc_column][vc_column width=&#8221;1\/2&#8243;][vc_custom_heading text=&#8221;FRANKIA F-LINE&#8221; font_container=&#8221;tag:h2|text_align:left|color:%23000000&#8243; use_theme_fonts=&#8221;yes&#8221; css=&#8221;.vc_custom_1574837254185{margin-bottom: 25px !important;}&#8221;][vc_column_text]FRANKIA F-LINE asuntoautojen mallit on rakennettu korkealaatuiselle FIAT DUCATO [...]\" \/>\n<meta property=\"og:url\" content=\"https:\/\/motorhome.ee\/fi\/matkaautojen-myynti\/frankia\/\" \/>\n<meta property=\"og:site_name\" content=\"MOTORHOME.ee\" \/>\n<meta property=\"article:publisher\" content=\"https:\/\/www.facebook.com\/MOTORHOME.ee\/\" \/>\n<meta property=\"article:modified_time\" content=\"2025-08-09T09:40:08+00:00\" \/>\n<meta property=\"og:image\" content=\"https:\/\/motorhome.ee\/wp-content\/uploads\/2021\/05\/frankia-_www89ee-1-_www89ee-_www89ee.jpg\" \/>\n\t<meta property=\"og:image:width\" content=\"1134\" \/>\n\t<meta property=\"og:image:height\" content=\"1701\" \/>\n\t<meta property=\"og:image:type\" content=\"image\/jpeg\" \/>\n<meta name=\"twitter:card\" content=\"summary_large_image\" \/>\n<meta name=\"twitter:label1\" content=\"Arvioitu lukuaika\" \/>\n\t<meta name=\"twitter:data1\" content=\"4 minuuttia\" \/>\n<script type=\"application\/ld+json\" class=\"yoast-schema-graph\">{\"@context\":\"https:\/\/schema.org\",\"@graph\":[{\"@type\":\"WebPage\",\"@id\":\"https:\/\/motorhome.ee\/fi\/matkaautojen-myynti\/frankia\/\",\"url\":\"https:\/\/motorhome.ee\/fi\/matkaautojen-myynti\/frankia\/\",\"name\":\"FRANKIA - MOTORHOME.ee\",\"isPartOf\":{\"@id\":\"https:\/\/motorhome.ee\/fi\/#website\"},\"datePublished\":\"2017-03-23T09:26:03+00:00\",\"dateModified\":\"2025-08-09T09:40:08+00:00\",\"breadcrumb\":{\"@id\":\"https:\/\/motorhome.ee\/fi\/matkaautojen-myynti\/frankia\/#breadcrumb\"},\"inLanguage\":\"fi\",\"potentialAction\":[{\"@type\":\"ReadAction\",\"target\":[\"https:\/\/motorhome.ee\/fi\/matkaautojen-myynti\/frankia\/\"]}]},{\"@type\":\"BreadcrumbList\",\"@id\":\"https:\/\/motorhome.ee\/fi\/matkaautojen-myynti\/frankia\/#breadcrumb\",\"itemListElement\":[{\"@type\":\"ListItem\",\"position\":1,\"name\":\"Home\",\"item\":\"https:\/\/motorhome.ee\/fi\/\"},{\"@type\":\"ListItem\",\"position\":2,\"name\":\"MATKAAUTOJEN MYYNTI\",\"item\":\"https:\/\/motorhome.ee\/fi\/matkaautojen-myynti\/\"},{\"@type\":\"ListItem\",\"position\":3,\"name\":\"FRANKIA\"}]},{\"@type\":\"WebSite\",\"@id\":\"https:\/\/motorhome.ee\/fi\/#website\",\"url\":\"https:\/\/motorhome.ee\/fi\/\",\"name\":\"MOTORHOME.ee\",\"description\":\"\",\"publisher\":{\"@id\":\"https:\/\/motorhome.ee\/fi\/#organization\"},\"potentialAction\":[{\"@type\":\"SearchAction\",\"target\":{\"@type\":\"EntryPoint\",\"urlTemplate\":\"https:\/\/motorhome.ee\/fi\/?s={search_term_string}\"},\"query-input\":{\"@type\":\"PropertyValueSpecification\",\"valueRequired\":true,\"valueName\":\"search_term_string\"}}],\"inLanguage\":\"fi\"},{\"@type\":\"Organization\",\"@id\":\"https:\/\/motorhome.ee\/fi\/#organization\",\"name\":\"Motorhome.ee\",\"url\":\"https:\/\/motorhome.ee\/fi\/\",\"logo\":{\"@type\":\"ImageObject\",\"inLanguage\":\"fi\",\"@id\":\"https:\/\/motorhome.ee\/fi\/#\/schema\/logo\/image\/\",\"url\":\"https:\/\/motorhome.ee\/wp-content\/uploads\/2023\/03\/2021-07-23.jpg\",\"contentUrl\":\"https:\/\/motorhome.ee\/wp-content\/uploads\/2023\/03\/2021-07-23.jpg\",\"width\":540,\"height\":405,\"caption\":\"Motorhome.ee\"},\"image\":{\"@id\":\"https:\/\/motorhome.ee\/fi\/#\/schema\/logo\/image\/\"},\"sameAs\":[\"https:\/\/www.facebook.com\/MOTORHOME.ee\/\",\"https:\/\/www.instagram.com\/motorhome.ee\/\",\"https:\/\/www.youtube.com\/channel\/UCa08CRBOoU-bbN-g0fnNadw\"]}]}<\/script>\n<!-- \/ Yoast SEO plugin. -->","yoast_head_json":{"title":"FRANKIA - MOTORHOME.ee","robots":{"index":"index","follow":"follow","max-snippet":"max-snippet:-1","max-image-preview":"max-image-preview:large","max-video-preview":"max-video-preview:-1"},"canonical":"https:\/\/motorhome.ee\/fi\/matkaautojen-myynti\/frankia\/","og_locale":"fi_FI","og_type":"article","og_title":"FRANKIA - MOTORHOME.ee","og_description":"[vc_row css=&#8221;.vc_custom_1410361334750{margin-bottom: 70px !important;}&#8221;][vc_column width=&#8221;2\/3&#8243;][vc_column_text]1960 vuonna perustettu FRANKIA on hyvin pitk\u00e4aikaisia perinteit\u00e4 omaava Saksan Ylemman Frankoonian alueella Marktschorgastis sijaitsev yritys, joka on ollut tienraivaaja matkakotien alaalla 58 vuotta. El\u00e4m\u00e4ntyyli, innovatiivisuus sek\u00e4 t\u00e4ytellisyyksiin pyrkiv\u00e4 \/t\u00e4ydellinen saksalainen laatu ovat FRANKIAn p\u00e4ivitt\u00e4isen ty\u00f6n basic elements. FRANKIA pit\u00e4\u00e4 aina tulevaisuuden mieless\u00e4: heid\u00e4n motivoituneet\/sitoutuneet ja korkeaa ammatitasoa omavat ty\u00f6ntekij\u00e4t paneutuvat koko syd\u00e4mell\u00e4 jokaiseen FRANKIA:an, p\u00e4\u00e4m\u00e4\u00e4r\u00e4n\u00e4 tehd\u00e4 sinun loman Frankia matkaautolla viel\u00e4 enemm\u00e4n rentoutuvaksi, naudinnolliseksi ja paljon-paljon mukavammaksi.\u00a0 Jatkuva uusien ideoiden kehitt\u00e4minen ja asiakkaite sek\u00e4 yhteisty\u00f6partnereiten kuunteleminen\/huomioimeinen auttaa FRANKIA tiimi olemaan kilpailijoista aina yhden askelen verran edell\u00e4 sek\u00e4 innovatiivsete teknologiate, kekseli\u00e4ite tilaratkaisuje, ylellise mukavuude ett\u00e4 verrattoman laadun suhteen. Me voime rohkeasti v\u00e4itt\u00e4\u00e4, ett\u00e4 FRANKIA matkaautot ovat parimat Premium-liner luokan matkaautoista. NB! Tiesitko jo, ett\u00e4 nykyaikaisten Premium-luokan asuntoautojen laajalti k\u00e4yt\u00f6ss\u00e4 oleva tuplalattia ratkaisun ovat keksineet just Frankialla?[\/vc_column_text][\/vc_column][vc_column width=&#8221;1\/3&#8243;][vc_single_image image=&#8221;48432&#8243; img_size=&#8221;large&#8221; css=&#8221;&#8221;][\/vc_column][\/vc_row][vc_section][vc_row][vc_column][vc_separator][\/vc_column][\/vc_row][vc_row content_placement=&#8221;middle&#8221;][vc_column width=&#8221;1\/2&#8243;][vc_single_image image=&#8221;7179&#8243; img_size=&#8221;full&#8221; onclick=&#8221;img_link_large&#8221;][\/vc_column][vc_column width=&#8221;1\/2&#8243;][vc_custom_heading text=&#8221;FRANKIA F-LINE&#8221; font_container=&#8221;tag:h2|text_align:left|color:%23000000&#8243; use_theme_fonts=&#8221;yes&#8221; css=&#8221;.vc_custom_1574837254185{margin-bottom: 25px !important;}&#8221;][vc_column_text]FRANKIA F-LINE asuntoautojen mallit on rakennettu korkealaatuiselle FIAT DUCATO [...]","og_url":"https:\/\/motorhome.ee\/fi\/matkaautojen-myynti\/frankia\/","og_site_name":"MOTORHOME.ee","article_publisher":"https:\/\/www.facebook.com\/MOTORHOME.ee\/","article_modified_time":"2025-08-09T09:40:08+00:00","og_image":[{"width":1134,"height":1701,"url":"https:\/\/motorhome.ee\/wp-content\/uploads\/2021\/05\/frankia-_www89ee-1-_www89ee-_www89ee.jpg","type":"image\/jpeg"}],"twitter_card":"summary_large_image","twitter_misc":{"Arvioitu lukuaika":"4 minuuttia"},"schema":{"@context":"https:\/\/schema.org","@graph":[{"@type":"WebPage","@id":"https:\/\/motorhome.ee\/fi\/matkaautojen-myynti\/frankia\/","url":"https:\/\/motorhome.ee\/fi\/matkaautojen-myynti\/frankia\/","name":"FRANKIA - MOTORHOME.ee","isPartOf":{"@id":"https:\/\/motorhome.ee\/fi\/#website"},"datePublished":"2017-03-23T09:26:03+00:00","dateModified":"2025-08-09T09:40:08+00:00","breadcrumb":{"@id":"https:\/\/motorhome.ee\/fi\/matkaautojen-myynti\/frankia\/#breadcrumb"},"inLanguage":"fi","potentialAction":[{"@type":"ReadAction","target":["https:\/\/motorhome.ee\/fi\/matkaautojen-myynti\/frankia\/"]}]},{"@type":"BreadcrumbList","@id":"https:\/\/motorhome.ee\/fi\/matkaautojen-myynti\/frankia\/#breadcrumb","itemListElement":[{"@type":"ListItem","position":1,"name":"Home","item":"https:\/\/motorhome.ee\/fi\/"},{"@type":"ListItem","position":2,"name":"MATKAAUTOJEN MYYNTI","item":"https:\/\/motorhome.ee\/fi\/matkaautojen-myynti\/"},{"@type":"ListItem","position":3,"name":"FRANKIA"}]},{"@type":"WebSite","@id":"https:\/\/motorhome.ee\/fi\/#website","url":"https:\/\/motorhome.ee\/fi\/","name":"MOTORHOME.ee","description":"","publisher":{"@id":"https:\/\/motorhome.ee\/fi\/#organization"},"potentialAction":[{"@type":"SearchAction","target":{"@type":"EntryPoint","urlTemplate":"https:\/\/motorhome.ee\/fi\/?s={search_term_string}"},"query-input":{"@type":"PropertyValueSpecification","valueRequired":true,"valueName":"search_term_string"}}],"inLanguage":"fi"},{"@type":"Organization","@id":"https:\/\/motorhome.ee\/fi\/#organization","name":"Motorhome.ee","url":"https:\/\/motorhome.ee\/fi\/","logo":{"@type":"ImageObject","inLanguage":"fi","@id":"https:\/\/motorhome.ee\/fi\/#\/schema\/logo\/image\/","url":"https:\/\/motorhome.ee\/wp-content\/uploads\/2023\/03\/2021-07-23.jpg","contentUrl":"https:\/\/motorhome.ee\/wp-content\/uploads\/2023\/03\/2021-07-23.jpg","width":540,"height":405,"caption":"Motorhome.ee"},"image":{"@id":"https:\/\/motorhome.ee\/fi\/#\/schema\/logo\/image\/"},"sameAs":["https:\/\/www.facebook.com\/MOTORHOME.ee\/","https:\/\/www.instagram.com\/motorhome.ee\/","https:\/\/www.youtube.com\/channel\/UCa08CRBOoU-bbN-g0fnNadw"]}]}},"_links":{"self":[{"href":"https:\/\/motorhome.ee\/fi\/wp-json\/wp\/v2\/pages\/10439","targetHints":{"allow":["GET"]}}],"collection":[{"href":"https:\/\/motorhome.ee\/fi\/wp-json\/wp\/v2\/pages"}],"about":[{"href":"https:\/\/motorhome.ee\/fi\/wp-json\/wp\/v2\/types\/page"}],"author":[{"embeddable":true,"href":"https:\/\/motorhome.ee\/fi\/wp-json\/wp\/v2\/users\/1"}],"replies":[{"embeddable":true,"href":"https:\/\/motorhome.ee\/fi\/wp-json\/wp\/v2\/comments?post=10439"}],"version-history":[{"count":4,"href":"https:\/\/motorhome.ee\/fi\/wp-json\/wp\/v2\/pages\/10439\/revisions"}],"predecessor-version":[{"id":48441,"href":"https:\/\/motorhome.ee\/fi\/wp-json\/wp\/v2\/pages\/10439\/revisions\/48441"}],"up":[{"embeddable":true,"href":"https:\/\/motorhome.ee\/fi\/wp-json\/wp\/v2\/pages\/10393"}],"wp:attachment":[{"href":"https:\/\/motorhome.ee\/fi\/wp-json\/wp\/v2\/media?parent=10439"}],"curies":[{"name":"wp","href":"https:\/\/api.w.org\/{rel}","templated":true}]}}