{"id":10943,"date":"2017-03-22T15:18:15","date_gmt":"2017-03-22T13:18:15","guid":{"rendered":"https:\/\/motorhome.ee\/asuntoauton-vuokrauksesta\/matkabussi-rentimisest-2\/"},"modified":"2026-01-12T14:18:02","modified_gmt":"2026-01-12T12:18:02","slug":"asuntoauton-vuokrauksesta","status":"publish","type":"page","link":"https:\/\/motorhome.ee\/fi\/asuntoauton-vuokrauksesta\/asuntoauton-vuokrauksesta\/","title":{"rendered":"Asuntoauton vuokrauksesta"},"content":{"rendered":"<div class=\"wpb-content-wrapper\"><p>[vc_row][vc_column width=&#8221;1\/2&#8243;][vc_single_image image=&#8221;56556&#8243; img_size=&#8221;full&#8221; alignment=&#8221;center&#8221; css=&#8221;&#8221;][\/vc_column][vc_column width=&#8221;1\/2&#8243;][vc_column_text]<\/p>\n<h2><\/h2>\n<h2><strong>Miksi vuokrata asuntoauto?<\/strong><\/h2>\n<p>&nbsp;<\/p>\n<p>Jos haluat \u201crajoiteitta\u201d matkustaa mukavasti mihin ikin\u00e4 haluat\/tekee mieli, mutta teltassa taivasalla y\u00f6pyminen ei ole sinua varten? Haluat l\u00f6yt\u00e4\u00e4 uusia paikkoja Virossa ja koko Euroopassa? Unelmoit mukavuudesta ja luksuksesta sek\u00e4 riippumattomuudesta vaihtelevist\u00e4 s\u00e4\u00e4oloista? Haluat nauttia kaikesta mihin olet tottunut kotona, hotellissa tai m\u00f6kiss\u00e4 ja samalla laajentaa maailmaasi?<\/p>\n<p><span style=\"font-size: 14pt;\"><strong>Asuntoauton vuokraus mahdollistaa t\u00e4m\u00e4n kaiken!<\/strong><\/span><\/p>\n<p><strong>Vuokraa uusi nykyaikainen ja t\u00e4ydellisesti varustettu matkahuvila \u00a0motorhome.ee:st\u00e4!<\/strong> Meid\u00e4n uudet laadukat asuntoautot tarjoavat sinulle ainutlaatuisen mahdollisuuden tutustua maailmaan! <strong>Motorhome.ee<\/strong> asuntoautoja voi vuokrata my\u00f6s sis\u00e4lt\u00e4en \u201c<strong>All inclusive<\/strong>\u201d paketin, mik\u00e4 tarkoittaa, ettei sinun tarvitse huolehtia mukaan mit\u00e4\u00e4n muuta kuin omat vaatteet ja elintarvikeet. &#8220;<strong>All inclusive<\/strong>&#8221; paketin avulla sinun ei tarvitsee kuluttaa yht\u00e4 lomap\u00e4iv\u00e4\u00e4 pakatessa autoa ja yhden p\u00e4iv\u00e4n purkaessa autoa. Sinun ei tarvitsee murehtia siit\u00e4, oletko muistanut ottaa mukaan kaiken tarpeellisen! Ei tarvitse vaivautua lomalta palatessa tavaroiden purkamisesta. N\u00e4in s\u00e4\u00e4st\u00e4t kaksi p\u00e4iv\u00e4\u00e4 laadukasta loma-aikaa.<\/p>\n<p>Tutustuu tarkemmin &#8220;<strong>All inclusive<\/strong>&#8221; pakettiin <span style=\"color: #ff0000;\"><strong><a style=\"color: #ff0000;\" href=\"https:\/\/motorhome.ee\/fi\/asuntoauton-vuokrauksesta\/koik-hinnas-pakett\/\">t\u00e4ss\u00e4<\/a><\/strong><\/span>.[\/vc_column_text][\/vc_column][\/vc_row][vc_row][vc_column width=&#8221;1\/2&#8243;][vc_column_text]<\/p>\n<h2><\/h2>\n<h2><strong>Helppo ja mahdollisuuksia tarjoava<\/strong><\/h2>\n<p>&nbsp;<\/p>\n<div>\n<p><strong>Asuntoautolla matkustaminen on mukavaa, joustavaa ja mielenkiintoista!<\/strong> Se tarjoaa sinulle todellisen vapauden, vapauden suunnitella oman matkan reitin, sen pituuden ja pys\u00e4hdyspaikat. Jokainen matkap\u00e4iv\u00e4 sis\u00e4lt\u00e4\u00e4 uusia el\u00e4myksi\u00e4 ja vain sin\u00e4 p\u00e4\u00e4t\u00e4t miss\u00e4 sin\u00e4 her\u00e4\u00e4t seuraavana aamuna. Matkustaessa asuntoautolla n\u00e4et ja koet oman matkan aikana huomattavasti enemm\u00e4n \u2013pys\u00e4hdyt miss\u00e4 ja milloin haluat, vaikka kahvittelemaan upealla n\u00e4k\u00f6alapaikalla m\u00e4en rinteessa tai pulikoimaan jollekkin kauniille rannalle. Asuntoautolla ajaminen on helppoa ja siihen et tarvitse erityist\u00e4 ajokorttia, riitt\u00e4 <strong>B-luokan ajokortti<\/strong>. Tule ja vuokraa asuntoauto ja l\u00e4hde vaikka heti perheen tai yst\u00e4vien kanssa etsim\u00e4\u00e4n uusia el\u00e4myksi\u00e4. Asuntoauton vuokraaminen on helppoa.<\/p>\n<\/div>\n<p>[\/vc_column_text][\/vc_column][vc_column width=&#8221;1\/2&#8243;][vc_single_image image=&#8221;56564&#8243; img_size=&#8221;full&#8221; alignment=&#8221;center&#8221; css=&#8221;&#8221;][\/vc_column][\/vc_row][vc_row][vc_column width=&#8221;1\/2&#8243;][vc_single_image image=&#8221;56552&#8243; img_size=&#8221;full&#8221; alignment=&#8221;center&#8221; css=&#8221;&#8221;][\/vc_column][vc_column width=&#8221;1\/2&#8243;][vc_column_text]<\/p>\n<div>\n<h2><\/h2>\n<h2><strong>Y\u00f6pyminen asuntoautossa<\/strong><\/h2>\n<p>&nbsp;<\/p>\n<\/div>\n<div>\n<p><strong>Kun vuokraat asuntoauton<\/strong>, sinun ei tarvitsee matkan aikana koskaan murhetia miss\u00e4 y\u00f6vyt eik\u00e4 sinun tarvitsee petty\u00e4, jos hotelli ei n\u00e4yt\u00e4 yht\u00e4 kauniilta kuin mainoskuvissa. Sin\u00e4 voit keskitty\u00e4 matkasta nauttimiseen riippumatta lentojen aikatauluista tai murehtimatta esim. lentopelon takia. Sin\u00e4 j\u00e4\u00e4t lep\u00e4m\u00e4\u00e4n mihin ikin\u00e4 haluat ja mukava huvila\/lomakoti on sinulla aina mukana. Asuntoautolla matkustaminen sopii lapsiperheille, pariskunnille tai vaikka yst\u00e4vien kesken. Valitse meid\u00e4n autojen valikoimasta sinulle sopiva ja sinun muistojen t\u00e4ytt\u00e4m\u00e4 loma voi alkaa!<\/p>\n<\/div>\n<p>[\/vc_column_text][\/vc_column][\/vc_row][vc_row][vc_column width=&#8221;1\/2&#8243;][vc_column_text]<\/p>\n<h2><\/h2>\n<h2><strong>Kaikki mukavuudet<\/strong><\/h2>\n<p>&nbsp;<\/p>\n<p><strong>MOTORHOME.ee asuntoautot ovat uusia, nykyiaikaisia ja niiss\u00e4 on kaikki mukavuudet.<\/strong> Asuntoautossa on keitti\u00f6, jonka varustuksiin kuuluu j\u00e4\u00e4kaappi, pakastin, kaasuliesi ja lavuaari. Lis\u00e4ksi siell\u00e4 l\u00f6ytyy paljon tilavia keitti\u00f6kaappeja jossa mukavasti s\u00e4ilytt\u00e4\u00e4 elintarvikkeita ja keitti\u00f6tarvikkeita. Sen takia matkalomakodissa ruuan laittaminen on yht\u00e4 mukava kuin omassa keitti\u00f6ss\u00e4si kotona. Kaikissa asuntoautoissa on WC ja suihku varmistamaan, ett\u00e4 riippumatta sijainistasi sinun ei tarvitsee kuluttaa aikaa sopivien pys\u00e4hdyspaikkojen etsimiseen. Jos matkustat viile\u00e4missa olosuhteissa, niin Truma Combi kaasul\u00e4mmitysj\u00e4rjestelm\u00e4n p\u00e4\u00e4lle laittaminen varmistaa, ett\u00e4 sinulla on mukavan l\u00e4mmin ja ett\u00e4 sinulla on l\u00e4mmin vesi my\u00f6s talvella esim laskettelureissujen aikana. Kaikissa meid\u00e4n vuokra-autoissa on asennettuna TV (joissakin autoissa on my\u00f6s DVD soitin), miss\u00e4 on HDMI\/USB liittimet. Riippuen mallista asuntoautoissa on jopa 7 tilavaa peti\u00e4.[\/vc_column_text][\/vc_column][vc_column width=&#8221;1\/2&#8243;][vc_single_image image=&#8221;55467&#8243; img_size=&#8221;full&#8221; alignment=&#8221;center&#8221; css=&#8221;&#8221;][\/vc_column][\/vc_row][vc_row][vc_column][vc_column_text]<strong>MOTORHOME.ee<\/strong> asuntoautot ovat uusia ja laadukkaita, mink\u00e4 takia sinun ei tarvitse olla huolissa ett\u00e4 ne j\u00e4tt\u00e4v\u00e4t tien varteen. Kaikkissa ajoneuvoissa on koko Europassa toimiva 24h autoapu-palvelu.<\/p>\n<p>Uudessa asuntoautossa polttoaine (diesel) kulutus on 8,5 \u2013 11 l \/100 km riippuen mallista.<\/p>\n<p>Tutustu <strong>MOTORHOME.ee<\/strong> <a href=\"https:\/\/motorhome.ee\/fi\/asuntoauton-vuokrauksesta\/\">asuntoautojen valikoimaan<\/a>, <a href=\"https:\/\/motorhome.ee\/fi\/matkabussi-rent\/matkabussi-renditingimused\/\">vuokraehtoihin<\/a> ja <a href=\"https:\/\/motorhome.ee\/fi\/kontakti\/\">kysy tarjousta<\/a> toteuttaaksesi unohtumattoman matkan![\/vc_column_text][\/vc_column][\/vc_row]<\/p>\n<\/div>","protected":false},"excerpt":{"rendered":"<p>[vc_row][vc_column width=&#8221;1\/2&#8243;][vc_single_image image=&#8221;56556&#8243; img_size=&#8221;full&#8221; alignment=&#8221;center&#8221; css=&#8221;&#8221;][\/vc_column][vc_column width=&#8221;1\/2&#8243;][vc_column_text]<\/p>\n<p> <strong>Miksi vuokrata asuntoauto?<\/strong> <\/p>\n<p>&nbsp;<\/p>\n<p>Jos haluat \u201crajoiteitta\u201d matkustaa mukavasti mihin ikin\u00e4 haluat\/tekee mieli, mutta teltassa taivasalla y\u00f6pyminen ei ole sinua varten? Haluat l\u00f6yt\u00e4\u00e4 uusia paikkoja Virossa ja koko Euroopassa? Unelmoit mukavuudesta ja luksuksesta sek\u00e4 riippumattomuudesta vaihtelevist\u00e4 s\u00e4\u00e4oloista? Haluat nauttia kaikesta mihin olet tottunut kotona, hotellissa tai m\u00f6kiss\u00e4 ja samalla laajentaa maailmaasi?<\/p>\n<p><strong>Asuntoauton vuokraus mahdollistaa t\u00e4m\u00e4n kaiken!<\/strong><\/p>\n<p><strong>Vuokraa uusi nykyaikainen ja t\u00e4ydellisesti varustettu matkahuvila \u00a0motorhome.ee:st\u00e4!<\/strong> Meid\u00e4n uudet laadukat asuntoautot tarjoavat sinulle ainutlaatuisen mahdollisuuden tutustua maailmaan! <strong>Motorhome.ee<\/strong> asuntoautoja voi vuokrata my\u00f6s sis\u00e4lt\u00e4en \u201c<strong>All inclusive<\/strong>\u201d paketin, mik\u00e4 tarkoittaa, ettei sinun tarvitse huolehtia mukaan mit\u00e4\u00e4n muuta kuin omat vaatteet ja elintarvikeet. &#8220;<strong>All inclusive<\/strong>&#8221; paketin avulla sinun ei tarvitsee kuluttaa yht\u00e4 lomap\u00e4iv\u00e4\u00e4 pakatessa autoa ja yhden p\u00e4iv\u00e4n purkaessa autoa. Sinun ei tarvitsee murehtia siit\u00e4, oletko muistanut ottaa mukaan kaiken tarpeellisen! Ei tarvitse vaivautua lomalta palatessa tavaroiden purkamisesta. N\u00e4in s\u00e4\u00e4st\u00e4t kaksi p\u00e4iv\u00e4\u00e4 laadukasta loma-aikaa.<\/p>\n<p>Tutustuu tarkemmin &#8220;<strong>All inclusive<\/strong>&#8221; pakettiin <strong>t\u00e4ss\u00e4<\/strong>.[\/vc_column_text][\/vc_column][\/vc_row][vc_row][vc_column width=&#8221;1\/2&#8243;][vc_column_text]<\/p>\n<p> <strong>Helppo ja mahdollisuuksia [&#8230;]<\/strong><\/p>\n","protected":false},"author":1,"featured_media":0,"parent":10855,"menu_order":2,"comment_status":"closed","ping_status":"closed","template":"","meta":{"_acf_changed":false,"_exactmetrics_skip_tracking":false,"_exactmetrics_sitenote_active":false,"_exactmetrics_sitenote_note":"","_exactmetrics_sitenote_category":0,"footnotes":""},"class_list":["post-10943","page","type-page","status-publish","hentry"],"acf":[],"yoast_head":"<!-- This site is optimized with the Yoast SEO plugin v27.6 - https:\/\/yoast.com\/product\/yoast-seo-wordpress\/ -->\n<title>Asuntoauton vuokrauksesta - MOTORHOME.ee<\/title>\n<meta name=\"description\" content=\"Asuntoauton vuokrauksesta. OTORHOME.ee asuntoautot ovat uusia, nykyiaikaisia ja niiss\u00e4 on kaikki mukavuudet.\" \/>\n<meta name=\"robots\" content=\"index, follow, max-snippet:-1, max-image-preview:large, max-video-preview:-1\" \/>\n<link rel=\"canonical\" href=\"https:\/\/motorhome.ee\/fi\/asuntoauton-vuokrauksesta\/asuntoauton-vuokrauksesta\/\" \/>\n<meta property=\"og:locale\" content=\"fi_FI\" \/>\n<meta property=\"og:type\" content=\"article\" \/>\n<meta property=\"og:title\" content=\"Asuntoauton vuokrauksesta - MOTORHOME.ee\" \/>\n<meta property=\"og:description\" content=\"Asuntoauton vuokrauksesta. OTORHOME.ee asuntoautot ovat uusia, nykyiaikaisia ja niiss\u00e4 on kaikki mukavuudet.\" \/>\n<meta property=\"og:url\" content=\"https:\/\/motorhome.ee\/fi\/asuntoauton-vuokrauksesta\/asuntoauton-vuokrauksesta\/\" \/>\n<meta property=\"og:site_name\" content=\"MOTORHOME.ee\" \/>\n<meta property=\"article:publisher\" content=\"https:\/\/www.facebook.com\/MOTORHOME.ee\/\" \/>\n<meta property=\"article:modified_time\" content=\"2026-01-12T12:18:02+00:00\" \/>\n<meta property=\"og:image\" content=\"https:\/\/motorhome.ee\/wp-content\/uploads\/2021\/05\/frankia-_www89ee-1-_www89ee-_www89ee.jpg\" \/>\n\t<meta property=\"og:image:width\" content=\"1134\" \/>\n\t<meta property=\"og:image:height\" content=\"1701\" \/>\n\t<meta property=\"og:image:type\" content=\"image\/jpeg\" \/>\n<meta name=\"twitter:card\" content=\"summary_large_image\" \/>\n<meta name=\"twitter:label1\" content=\"Arvioitu lukuaika\" \/>\n\t<meta name=\"twitter:data1\" content=\"4 minuuttia\" \/>\n<script type=\"application\/ld+json\" class=\"yoast-schema-graph\">{\"@context\":\"https:\\\/\\\/schema.org\",\"@graph\":[{\"@type\":\"WebPage\",\"@id\":\"https:\\\/\\\/motorhome.ee\\\/fi\\\/asuntoauton-vuokrauksesta\\\/asuntoauton-vuokrauksesta\\\/\",\"url\":\"https:\\\/\\\/motorhome.ee\\\/fi\\\/asuntoauton-vuokrauksesta\\\/asuntoauton-vuokrauksesta\\\/\",\"name\":\"Asuntoauton vuokrauksesta - MOTORHOME.ee\",\"isPartOf\":{\"@id\":\"https:\\\/\\\/motorhome.ee\\\/fi\\\/#website\"},\"datePublished\":\"2017-03-22T13:18:15+00:00\",\"dateModified\":\"2026-01-12T12:18:02+00:00\",\"description\":\"Asuntoauton vuokrauksesta. OTORHOME.ee asuntoautot ovat uusia, nykyiaikaisia ja niiss\u00e4 on kaikki mukavuudet.\",\"breadcrumb\":{\"@id\":\"https:\\\/\\\/motorhome.ee\\\/fi\\\/asuntoauton-vuokrauksesta\\\/asuntoauton-vuokrauksesta\\\/#breadcrumb\"},\"inLanguage\":\"fi\",\"potentialAction\":[{\"@type\":\"ReadAction\",\"target\":[\"https:\\\/\\\/motorhome.ee\\\/fi\\\/asuntoauton-vuokrauksesta\\\/asuntoauton-vuokrauksesta\\\/\"]}]},{\"@type\":\"BreadcrumbList\",\"@id\":\"https:\\\/\\\/motorhome.ee\\\/fi\\\/asuntoauton-vuokrauksesta\\\/asuntoauton-vuokrauksesta\\\/#breadcrumb\",\"itemListElement\":[{\"@type\":\"ListItem\",\"position\":1,\"name\":\"Home\",\"item\":\"https:\\\/\\\/motorhome.ee\\\/fi\\\/\"},{\"@type\":\"ListItem\",\"position\":2,\"name\":\"ASUNTOAUTON VUOKRAUKSESTA\",\"item\":\"https:\\\/\\\/motorhome.ee\\\/fi\\\/asuntoauton-vuokrauksesta\\\/\"},{\"@type\":\"ListItem\",\"position\":3,\"name\":\"Asuntoauton vuokrauksesta\"}]},{\"@type\":\"WebSite\",\"@id\":\"https:\\\/\\\/motorhome.ee\\\/fi\\\/#website\",\"url\":\"https:\\\/\\\/motorhome.ee\\\/fi\\\/\",\"name\":\"MOTORHOME.ee\",\"description\":\"\",\"publisher\":{\"@id\":\"https:\\\/\\\/motorhome.ee\\\/fi\\\/#organization\"},\"potentialAction\":[{\"@type\":\"SearchAction\",\"target\":{\"@type\":\"EntryPoint\",\"urlTemplate\":\"https:\\\/\\\/motorhome.ee\\\/fi\\\/?s={search_term_string}\"},\"query-input\":{\"@type\":\"PropertyValueSpecification\",\"valueRequired\":true,\"valueName\":\"search_term_string\"}}],\"inLanguage\":\"fi\"},{\"@type\":\"Organization\",\"@id\":\"https:\\\/\\\/motorhome.ee\\\/fi\\\/#organization\",\"name\":\"Motorhome.ee\",\"url\":\"https:\\\/\\\/motorhome.ee\\\/fi\\\/\",\"logo\":{\"@type\":\"ImageObject\",\"inLanguage\":\"fi\",\"@id\":\"https:\\\/\\\/motorhome.ee\\\/fi\\\/#\\\/schema\\\/logo\\\/image\\\/\",\"url\":\"https:\\\/\\\/motorhome.ee\\\/wp-content\\\/uploads\\\/2023\\\/03\\\/2021-07-23.jpg\",\"contentUrl\":\"https:\\\/\\\/motorhome.ee\\\/wp-content\\\/uploads\\\/2023\\\/03\\\/2021-07-23.jpg\",\"width\":540,\"height\":405,\"caption\":\"Motorhome.ee\"},\"image\":{\"@id\":\"https:\\\/\\\/motorhome.ee\\\/fi\\\/#\\\/schema\\\/logo\\\/image\\\/\"},\"sameAs\":[\"https:\\\/\\\/www.facebook.com\\\/MOTORHOME.ee\\\/\",\"https:\\\/\\\/www.instagram.com\\\/motorhome.ee\\\/\",\"https:\\\/\\\/www.youtube.com\\\/channel\\\/UCa08CRBOoU-bbN-g0fnNadw\"]}]}<\/script>\n<!-- \/ Yoast SEO plugin. -->","yoast_head_json":{"title":"Asuntoauton vuokrauksesta - MOTORHOME.ee","description":"Asuntoauton vuokrauksesta. OTORHOME.ee asuntoautot ovat uusia, nykyiaikaisia ja niiss\u00e4 on kaikki mukavuudet.","robots":{"index":"index","follow":"follow","max-snippet":"max-snippet:-1","max-image-preview":"max-image-preview:large","max-video-preview":"max-video-preview:-1"},"canonical":"https:\/\/motorhome.ee\/fi\/asuntoauton-vuokrauksesta\/asuntoauton-vuokrauksesta\/","og_locale":"fi_FI","og_type":"article","og_title":"Asuntoauton vuokrauksesta - MOTORHOME.ee","og_description":"Asuntoauton vuokrauksesta. OTORHOME.ee asuntoautot ovat uusia, nykyiaikaisia ja niiss\u00e4 on kaikki mukavuudet.","og_url":"https:\/\/motorhome.ee\/fi\/asuntoauton-vuokrauksesta\/asuntoauton-vuokrauksesta\/","og_site_name":"MOTORHOME.ee","article_publisher":"https:\/\/www.facebook.com\/MOTORHOME.ee\/","article_modified_time":"2026-01-12T12:18:02+00:00","og_image":[{"width":1134,"height":1701,"url":"https:\/\/motorhome.ee\/wp-content\/uploads\/2021\/05\/frankia-_www89ee-1-_www89ee-_www89ee.jpg","type":"image\/jpeg"}],"twitter_card":"summary_large_image","twitter_misc":{"Arvioitu lukuaika":"4 minuuttia"},"schema":{"@context":"https:\/\/schema.org","@graph":[{"@type":"WebPage","@id":"https:\/\/motorhome.ee\/fi\/asuntoauton-vuokrauksesta\/asuntoauton-vuokrauksesta\/","url":"https:\/\/motorhome.ee\/fi\/asuntoauton-vuokrauksesta\/asuntoauton-vuokrauksesta\/","name":"Asuntoauton vuokrauksesta - MOTORHOME.ee","isPartOf":{"@id":"https:\/\/motorhome.ee\/fi\/#website"},"datePublished":"2017-03-22T13:18:15+00:00","dateModified":"2026-01-12T12:18:02+00:00","description":"Asuntoauton vuokrauksesta. OTORHOME.ee asuntoautot ovat uusia, nykyiaikaisia ja niiss\u00e4 on kaikki mukavuudet.","breadcrumb":{"@id":"https:\/\/motorhome.ee\/fi\/asuntoauton-vuokrauksesta\/asuntoauton-vuokrauksesta\/#breadcrumb"},"inLanguage":"fi","potentialAction":[{"@type":"ReadAction","target":["https:\/\/motorhome.ee\/fi\/asuntoauton-vuokrauksesta\/asuntoauton-vuokrauksesta\/"]}]},{"@type":"BreadcrumbList","@id":"https:\/\/motorhome.ee\/fi\/asuntoauton-vuokrauksesta\/asuntoauton-vuokrauksesta\/#breadcrumb","itemListElement":[{"@type":"ListItem","position":1,"name":"Home","item":"https:\/\/motorhome.ee\/fi\/"},{"@type":"ListItem","position":2,"name":"ASUNTOAUTON VUOKRAUKSESTA","item":"https:\/\/motorhome.ee\/fi\/asuntoauton-vuokrauksesta\/"},{"@type":"ListItem","position":3,"name":"Asuntoauton vuokrauksesta"}]},{"@type":"WebSite","@id":"https:\/\/motorhome.ee\/fi\/#website","url":"https:\/\/motorhome.ee\/fi\/","name":"MOTORHOME.ee","description":"","publisher":{"@id":"https:\/\/motorhome.ee\/fi\/#organization"},"potentialAction":[{"@type":"SearchAction","target":{"@type":"EntryPoint","urlTemplate":"https:\/\/motorhome.ee\/fi\/?s={search_term_string}"},"query-input":{"@type":"PropertyValueSpecification","valueRequired":true,"valueName":"search_term_string"}}],"inLanguage":"fi"},{"@type":"Organization","@id":"https:\/\/motorhome.ee\/fi\/#organization","name":"Motorhome.ee","url":"https:\/\/motorhome.ee\/fi\/","logo":{"@type":"ImageObject","inLanguage":"fi","@id":"https:\/\/motorhome.ee\/fi\/#\/schema\/logo\/image\/","url":"https:\/\/motorhome.ee\/wp-content\/uploads\/2023\/03\/2021-07-23.jpg","contentUrl":"https:\/\/motorhome.ee\/wp-content\/uploads\/2023\/03\/2021-07-23.jpg","width":540,"height":405,"caption":"Motorhome.ee"},"image":{"@id":"https:\/\/motorhome.ee\/fi\/#\/schema\/logo\/image\/"},"sameAs":["https:\/\/www.facebook.com\/MOTORHOME.ee\/","https:\/\/www.instagram.com\/motorhome.ee\/","https:\/\/www.youtube.com\/channel\/UCa08CRBOoU-bbN-g0fnNadw"]}]}},"_links":{"self":[{"href":"https:\/\/motorhome.ee\/fi\/wp-json\/wp\/v2\/pages\/10943","targetHints":{"allow":["GET"]}}],"collection":[{"href":"https:\/\/motorhome.ee\/fi\/wp-json\/wp\/v2\/pages"}],"about":[{"href":"https:\/\/motorhome.ee\/fi\/wp-json\/wp\/v2\/types\/page"}],"author":[{"embeddable":true,"href":"https:\/\/motorhome.ee\/fi\/wp-json\/wp\/v2\/users\/1"}],"replies":[{"embeddable":true,"href":"https:\/\/motorhome.ee\/fi\/wp-json\/wp\/v2\/comments?post=10943"}],"version-history":[{"count":6,"href":"https:\/\/motorhome.ee\/fi\/wp-json\/wp\/v2\/pages\/10943\/revisions"}],"predecessor-version":[{"id":56577,"href":"https:\/\/motorhome.ee\/fi\/wp-json\/wp\/v2\/pages\/10943\/revisions\/56577"}],"up":[{"embeddable":true,"href":"https:\/\/motorhome.ee\/fi\/wp-json\/wp\/v2\/pages\/10855"}],"wp:attachment":[{"href":"https:\/\/motorhome.ee\/fi\/wp-json\/wp\/v2\/media?parent=10943"}],"curies":[{"name":"wp","href":"https:\/\/api.w.org\/{rel}","templated":true}]}}