{"id":10948,"date":"2017-03-23T11:24:06","date_gmt":"2017-03-23T09:24:06","guid":{"rendered":"https:\/\/motorhome.ee\/asuntoauton-vuokrauksesta\/koik-hinnas-pakett\/"},"modified":"2025-08-05T12:42:27","modified_gmt":"2025-08-05T09:42:27","slug":"all-inclusive-paketti","status":"publish","type":"page","link":"https:\/\/motorhome.ee\/fi\/asuntoauton-vuokrauksesta\/all-inclusive-paketti\/","title":{"rendered":"&#8220;All inclusive&#8221; paketti"},"content":{"rendered":"<div class=\"wpb-content-wrapper\"><p>[vc_row][vc_column][vc_column_text]Kun vuokraat auton meid\u00e4n kautta voit valita my\u00f6s \u201c<strong>All inclusive<\/strong>\u201d paketin jolloin sinun ei tarvitse huolehtia mukaan mit\u00e4\u00e4n muuta kuin omat vaatteet ja elintarvikeet. N\u00e4in s\u00e4\u00e4st\u00e4t laadukasta loma-aikaa. \u00c4l\u00e4 ole huolissa siit\u00e4 oletko muistanut pakata kaiken tarpeellisen mukaan!<br \/>\nKaikki mit\u00e4 tarvitset miellytt\u00e4v\u00e4\u00e4n lomaan, on mukavasti saatavana sinulle matkailuautossa.<\/p>\n<h5>All Inclusive paketin hinta (hinta yhdelle asuntoautolle): 15 \u20ac\/vrk (minimihinta 100 \u20ac\/ vuokraus).<\/h5>\n<p>[\/vc_column_text][vc_row_inner][vc_column_inner width=&#8221;1\/3&#8243;][vc_column_text]<\/p>\n<h4>Navigaattori<\/h4>\n<p>Navigaattori Garmin Camper sis\u00e4lt\u00e4\u00e4 koko Euroopan kartaston. Lis\u00e4ksi navigointij\u00e4rjestelm\u00e4 sis\u00e4lt\u00e4\u00e4 tietoja leirint\u00e4alueista ja asuntoautojen parkkipaikoista.[\/vc_column_text][vc_single_image image=&#8221;9838&#8243; img_size=&#8221;full&#8221; alignment=&#8221;center&#8221;][\/vc_column_inner][vc_column_inner width=&#8221;1\/3&#8243;][vc_column_text]<\/p>\n<h4>Turvallisuuspaketti<\/h4>\n<p>Turvallisuuspaketti sis\u00e4lt\u00e4en matka-apteekin. Siin\u00e4 on pakollisen ensiapupaketin lis\u00e4ksi tarpeellisia ensiaputarvikkeita (haavasiteita, laastareita, kylm\u00e4pakkauksia jne).[\/vc_column_text][vc_single_image image=&#8221;9841&#8243; img_size=&#8221;full&#8221; alignment=&#8221;center&#8221;][\/vc_column_inner][vc_column_inner width=&#8221;1\/3&#8243;][vc_column_text]<\/p>\n<h4>Kaasupullot<\/h4>\n<p>Kaksi kaasupulloa (11 kg) asuntoauton ja veden l\u00e4mmit\u00e4miseksi sek\u00e4 ruuan laittoon. My\u00f6s kaasus\u00e4ili\u00f6 voidaan k\u00e4tev\u00e4sti k\u00e4ytt\u00e4\u00e4 l\u00e4mmitt\u00e4miseen kaasugrilli.[\/vc_column_text][vc_single_image image=&#8221;9848&#8243; img_size=&#8221;full&#8221;][\/vc_column_inner][\/vc_row_inner][vc_empty_space height=&#8221;15px&#8221;][vc_separator][vc_row_inner][vc_column_inner width=&#8221;1\/3&#8243;][vc_column_text css=&#8221;&#8221;]<\/p>\n<h4>Markiisi<\/h4>\n<p>Ajoneuvon sivulle asennettu korkealaatuinen k\u00e4sik\u00e4ytt\u00f6inen markiisi tarjoaa miellytt\u00e4v\u00e4\u00e4 suojaa paahtavalta auringolta. Avaa katos ja luo oma &#8216;olohuone&#8217; luonnon keskelle![\/vc_column_text][vc_single_image image=&#8221;9844&#8243; img_size=&#8221;full&#8221; alignment=&#8221;center&#8221;][\/vc_column_inner][vc_column_inner width=&#8221;1\/3&#8243;][vc_column_text]<\/p>\n<h4>Polkupy\u00f6r\u00e4teline<\/h4>\n<p>Py\u00f6r\u00e4teline jopa 3 py\u00f6r\u00e4lle \u2013 ota omat polkupy\u00f6r\u00e4t mukaan reissuun ja lis\u00e4\u00e4 matkaan vapautta.[\/vc_column_text][vc_single_image image=&#8221;9852&#8243; img_size=&#8221;full&#8221;][\/vc_column_inner][vc_column_inner width=&#8221;1\/3&#8243;][vc_column_text]<\/p>\n<h4>TV ja DVD soitin<\/h4>\n<p>TV:ss\u00e4 on HDMI sek\u00e4 USB liittimet. Asuntoauton antenni auttaa sinua katselemaan Europan ilmaisia kanavia. Lis\u00e4ksi mukana on valikoima DVD elokuvia sek\u00e4 pienemmille matkustajille ett\u00e4 aikuisille.[\/vc_column_text][vc_single_image image=&#8221;9896&#8243; img_size=&#8221;full&#8221;][\/vc_column_inner][\/vc_row_inner][vc_empty_space height=&#8221;15px&#8221;][vc_separator][vc_row_inner][vc_column_inner width=&#8221;1\/3&#8243;][vc_column_text]<\/p>\n<h4>Retkikalusteet<\/h4>\n<p>Kokoontaittuva p\u00f6yt\u00e4 ja tuolit (saman m\u00e4\u00e4r\u00e4n kuin asuntoauton matkustajapaikkoja) varmistamaan mukavan oleskelun koko ryhm\u00e4lle.<br \/>\nLis\u00e4ksi markiisin alla oleva matto, jonka avulla voit tehd\u00e4 olosta viel\u00e4kin mukavamman.[\/vc_column_text][vc_single_image image=&#8221;7922&#8243; img_size=&#8221;full&#8221;][\/vc_column_inner][vc_column_inner width=&#8221;1\/3&#8243;][vc_column_text]<\/p>\n<h4>Kaasugrilli ja grillin tarvikkeet<\/h4>\n<p>Ei tarvitse murehtia siit\u00e4 onko mukavaa grillaamista varten kaikki tarvikkeet pakattuna! Kaikki on mukana![\/vc_column_text][vc_single_image image=&#8221;9868&#8243; img_size=&#8221;full&#8221;][\/vc_column_inner][vc_column_inner width=&#8221;1\/3&#8243;][vc_column_text]<\/p>\n<h4>Keitti\u00f6tarvikkeet<\/h4>\n<p>Kahvinkeitin, kattilat, paistinpannut, kulhot, vedenkeitin, veitset, purkinavaja, leikkuulaudat jne. Kaikki mit\u00e4 mahdollisesti tarvitset, jopa vaativampaan kokkaamiseen on valmiina. Kokkaa murhetta![\/vc_column_text][vc_single_image image=&#8221;9872&#8243; img_size=&#8221;full&#8221;][\/vc_column_inner][\/vc_row_inner][vc_empty_space height=&#8221;15px&#8221;][vc_separator][vc_row_inner][vc_column_inner width=&#8221;1\/3&#8243;][vc_column_text]<\/p>\n<h4>Astiasto<\/h4>\n<p>Lautaset, kulhot, mukit, lasit, haarukat, veitset ja lusikat kaikkia matkustajia varten.[\/vc_column_text][vc_single_image image=&#8221;9876&#8243; img_size=&#8221;full&#8221;][\/vc_column_inner][vc_column_inner width=&#8221;1\/3&#8243;][vc_column_text]<\/p>\n<h4>Mausteet<\/h4>\n<p>Suola, pippuri ja sokeri l\u00f6ytyv\u00e4t asuntoautosta. Sinulta puuttuu vain tarve muistaa kaiken![\/vc_column_text][vc_single_image image=&#8221;9880&#8243; img_size=&#8221;full&#8221;][\/vc_column_inner][vc_column_inner width=&#8221;1\/3&#8243;][vc_column_text]<\/p>\n<h4>Petivaatteet<\/h4>\n<p>Kaikki tarpeellinen (peitot, tyynyt, petivaatteet) makeita unia varten on jo autossa olemassa.[\/vc_column_text][vc_single_image image=&#8221;9884&#8243; img_size=&#8221;full&#8221;][\/vc_column_inner][\/vc_row_inner][vc_empty_space height=&#8221;15px&#8221;][vc_separator][vc_row_inner][vc_column_inner width=&#8221;1\/3&#8243;][vc_column_text]<\/p>\n<h4>Pyyhkeet<\/h4>\n<p>Suuret ja pienet pyyhkeet matkustajien m\u00e4\u00e4r\u00e4n mukaan, lattiapyyhe suihkuun ja tietysti keitti\u00f6pyyhkeet.[\/vc_column_text][vc_single_image image=&#8221;9888&#8243; img_size=&#8221;full&#8221;][\/vc_column_inner][vc_column_inner width=&#8221;1\/3&#8243;][vc_column_text]<\/p>\n<h4>Hygieniatarvikkeet<\/h4>\n<p>\u00c4l\u00e4 murehdi oletko muistanut pakata WC paperin, saippuan tai suihkugeelin! Matkan alkua varten asuntoautossa on olemassa kaikki tarpeellinen.[\/vc_column_text][vc_single_image image=&#8221;9892&#8243; img_size=&#8221;full&#8221;][\/vc_column_inner][vc_column_inner width=&#8221;1\/3&#8243;][vc_column_text]<\/p>\n<h4>Kodinhoitotarvikkeet<\/h4>\n<p>Tiskamisv\u00e4lineet, siivousv\u00e4lineet, r\u00e4tit, \u00e4mp\u00e4ri, jatkojohto, vesiletku ja kaikki muu mit\u00e4 voit matkan aikana tarvita.[\/vc_column_text][vc_single_image image=&#8221;9900&#8243; img_size=&#8221;full&#8221;][\/vc_column_inner][\/vc_row_inner][vc_empty_space height=&#8221;15px&#8221;][vc_separator][vc_row_inner][vc_column_inner][vc_column_text]<\/p>\n<h4>TARVITTAVAT LIS\u00c4VARUSTEET<\/h4>\n<p>[\/vc_column_text][\/vc_column_inner][\/vc_row_inner][vc_separator][vc_row_inner][vc_column_inner width=&#8221;1\/3&#8243;][vc_column_text]<\/p>\n<h4>S\u00c4HK\u00d6POTKULAUDA<\/h4>\n<p>Yksinkertaista jalka vaivaa vuokrata auton kanssa s\u00e4hk\u00f6potkulauda<\/p>\n<h5>HINTA: al. 10 euroa \/ p\u00e4iv\u00e4<\/h5>\n<p>[\/vc_column_text][vc_single_image image=&#8221;9907&#8243; img_size=&#8221;full&#8221;][\/vc_column_inner][vc_column_inner width=&#8221;1\/3&#8243;][vc_column_text]<\/p>\n<h4>Polkupy\u00f6r\u00e4t<\/h4>\n<p>Vuokrata polkupy\u00f6ri\u00e4 matkailuautollasi ja nauti luonnosta!<\/p>\n<h5>HINTA: al. 7 euroa \/ p\u00e4iv\u00e4<\/h5>\n<p>[\/vc_column_text][vc_single_image image=&#8221;9910&#8243; img_size=&#8221;full&#8221;][\/vc_column_inner][vc_column_inner width=&#8221;1\/3&#8243;][vc_column_text]<\/p>\n<h4>LEMMIKKI<\/h4>\n<p><span style=\"font-size: 10pt;\">Etk\u00f6 halua j\u00e4tt\u00e4\u00e4 lemmikki\u00e4si kotiin loman ajaksi? Tietysti &#8211; ota mukaan, yhdess\u00e4 on viel\u00e4 mukavampaa! Huomio! Sallittu vain tietyiss\u00e4 autoissa!<\/span><\/p>\n<p><span style=\"font-size: 10pt;\">HINTA: 7 EUR \/ p\u00e4iv\u00e4 (min 70 EUR)<\/span>[\/vc_column_text][vc_single_image image=&#8221;20124&#8243; img_size=&#8221;full&#8221;][\/vc_column_inner][\/vc_row_inner][\/vc_column][\/vc_row]<\/p>\n<\/div>","protected":false},"excerpt":{"rendered":"<p>[vc_row][vc_column][vc_column_text]Kun vuokraat auton meid\u00e4n kautta voit valita my\u00f6s \u201c<strong>All inclusive<\/strong>\u201d paketin jolloin sinun ei tarvitse huolehtia mukaan mit\u00e4\u00e4n muuta kuin omat vaatteet ja elintarvikeet. N\u00e4in s\u00e4\u00e4st\u00e4t laadukasta loma-aikaa. \u00c4l\u00e4 ole huolissa siit\u00e4 oletko muistanut pakata kaiken tarpeellisen mukaan!<br \/> Kaikki mit\u00e4 tarvitset miellytt\u00e4v\u00e4\u00e4n lomaan, on mukavasti saatavana sinulle matkailuautossa.<\/p>\n<p> All Inclusive paketin hinta (hinta yhdelle asuntoautolle): 15 \u20ac\/vrk (minimihinta 100 \u20ac\/ vuokraus). <\/p>\n<p>[\/vc_column_text][vc_row_inner][vc_column_inner width=&#8221;1\/3&#8243;][vc_column_text]<\/p>\n<p> Navigaattori <\/p>\n<p>Navigaattori Garmin Camper sis\u00e4lt\u00e4\u00e4 koko Euroopan kartaston. Lis\u00e4ksi navigointij\u00e4rjestelm\u00e4 sis\u00e4lt\u00e4\u00e4 tietoja leirint\u00e4alueista ja asuntoautojen parkkipaikoista.[\/vc_column_text][vc_single_image image=&#8221;9838&#8243; img_size=&#8221;full&#8221; alignment=&#8221;center&#8221;][\/vc_column_inner][vc_column_inner width=&#8221;1\/3&#8243;][vc_column_text]<\/p>\n<p> Turvallisuuspaketti <\/p>\n<p>Turvallisuuspaketti sis\u00e4lt\u00e4en matka-apteekin. Siin\u00e4 on pakollisen ensiapupaketin lis\u00e4ksi tarpeellisia ensiaputarvikkeita (haavasiteita, laastareita, kylm\u00e4pakkauksia jne).[\/vc_column_text][vc_single_image image=&#8221;9841&#8243; img_size=&#8221;full&#8221; alignment=&#8221;center&#8221;][\/vc_column_inner][vc_column_inner width=&#8221;1\/3&#8243;][vc_column_text]<\/p>\n<p> Kaasupullot <\/p>\n<p>Kaksi kaasupulloa (11 kg) asuntoauton ja veden l\u00e4mmit\u00e4miseksi sek\u00e4 ruuan laittoon. My\u00f6s kaasus\u00e4ili\u00f6 voidaan k\u00e4tev\u00e4sti k\u00e4ytt\u00e4\u00e4 l\u00e4mmitt\u00e4miseen kaasugrilli.[\/vc_column_text][vc_single_image image=&#8221;9848&#8243; img_size=&#8221;full&#8221;][\/vc_column_inner][\/vc_row_inner][vc_empty_space height=&#8221;15px&#8221;][vc_separator][vc_row_inner][vc_column_inner width=&#8221;1\/3&#8243;][vc_column_text css=&#8221;&#8221;]<\/p>\n<p> Markiisi <\/p>\n<p>Ajoneuvon sivulle asennettu korkealaatuinen k\u00e4sik\u00e4ytt\u00f6inen markiisi tarjoaa miellytt\u00e4v\u00e4\u00e4 suojaa paahtavalta auringolta. Avaa katos ja luo oma &#8216;olohuone&#8217; luonnon keskelle![\/vc_column_text][vc_single_image image=&#8221;9844&#8243; img_size=&#8221;full&#8221; alignment=&#8221;center&#8221;][\/vc_column_inner][vc_column_inner width=&#8221;1\/3&#8243;][vc_column_text]<\/p>\n<p> Polkupy\u00f6r\u00e4teline <\/p>\n<p>Py\u00f6r\u00e4teline jopa 3 [&#8230;]<\/p>\n","protected":false},"author":1,"featured_media":0,"parent":10855,"menu_order":4,"comment_status":"closed","ping_status":"closed","template":"","meta":{"_acf_changed":false,"_exactmetrics_skip_tracking":false,"_exactmetrics_sitenote_active":false,"_exactmetrics_sitenote_note":"","_exactmetrics_sitenote_category":0,"footnotes":""},"class_list":["post-10948","page","type-page","status-publish","hentry"],"acf":[],"yoast_head":"<!-- This site is optimized with the Yoast SEO plugin v27.2 - https:\/\/yoast.com\/product\/yoast-seo-wordpress\/ -->\n<title>&quot;All inclusive&quot; paketti - MOTORHOME.ee<\/title>\n<meta name=\"robots\" content=\"index, follow, max-snippet:-1, max-image-preview:large, max-video-preview:-1\" \/>\n<link rel=\"canonical\" href=\"https:\/\/motorhome.ee\/fi\/asuntoauton-vuokrauksesta\/all-inclusive-paketti\/\" \/>\n<meta property=\"og:locale\" content=\"fi_FI\" \/>\n<meta property=\"og:type\" content=\"article\" \/>\n<meta property=\"og:title\" content=\"&quot;All inclusive&quot; paketti - MOTORHOME.ee\" \/>\n<meta property=\"og:description\" content=\"[vc_row][vc_column][vc_column_text]Kun vuokraat auton meid\u00e4n kautta voit valita my\u00f6s \u201cAll inclusive\u201d paketin jolloin sinun ei tarvitse huolehtia mukaan mit\u00e4\u00e4n muuta kuin omat vaatteet ja elintarvikeet. N\u00e4in s\u00e4\u00e4st\u00e4t laadukasta loma-aikaa. \u00c4l\u00e4 ole huolissa siit\u00e4 oletko muistanut pakata kaiken tarpeellisen mukaan! Kaikki mit\u00e4 tarvitset miellytt\u00e4v\u00e4\u00e4n lomaan, on mukavasti saatavana sinulle matkailuautossa. All Inclusive paketin hinta (hinta yhdelle asuntoautolle): 15 \u20ac\/vrk (minimihinta 100 \u20ac\/ vuokraus). [\/vc_column_text][vc_row_inner][vc_column_inner width=&#8221;1\/3&#8243;][vc_column_text] Navigaattori Navigaattori Garmin Camper sis\u00e4lt\u00e4\u00e4 koko Euroopan kartaston. Lis\u00e4ksi navigointij\u00e4rjestelm\u00e4 sis\u00e4lt\u00e4\u00e4 tietoja leirint\u00e4alueista ja asuntoautojen parkkipaikoista.[\/vc_column_text][vc_single_image image=&#8221;9838&#8243; img_size=&#8221;full&#8221; alignment=&#8221;center&#8221;][\/vc_column_inner][vc_column_inner width=&#8221;1\/3&#8243;][vc_column_text] Turvallisuuspaketti Turvallisuuspaketti sis\u00e4lt\u00e4en matka-apteekin. Siin\u00e4 on pakollisen ensiapupaketin lis\u00e4ksi tarpeellisia ensiaputarvikkeita (haavasiteita, laastareita, kylm\u00e4pakkauksia jne).[\/vc_column_text][vc_single_image image=&#8221;9841&#8243; img_size=&#8221;full&#8221; alignment=&#8221;center&#8221;][\/vc_column_inner][vc_column_inner width=&#8221;1\/3&#8243;][vc_column_text] Kaasupullot Kaksi kaasupulloa (11 kg) asuntoauton ja veden l\u00e4mmit\u00e4miseksi sek\u00e4 ruuan laittoon. My\u00f6s kaasus\u00e4ili\u00f6 voidaan k\u00e4tev\u00e4sti k\u00e4ytt\u00e4\u00e4 l\u00e4mmitt\u00e4miseen kaasugrilli.[\/vc_column_text][vc_single_image image=&#8221;9848&#8243; img_size=&#8221;full&#8221;][\/vc_column_inner][\/vc_row_inner][vc_empty_space height=&#8221;15px&#8221;][vc_separator][vc_row_inner][vc_column_inner width=&#8221;1\/3&#8243;][vc_column_text css=&#8221;&#8221;] Markiisi Ajoneuvon sivulle asennettu korkealaatuinen k\u00e4sik\u00e4ytt\u00f6inen markiisi tarjoaa miellytt\u00e4v\u00e4\u00e4 suojaa paahtavalta auringolta. Avaa katos ja luo oma &#8216;olohuone&#8217; luonnon keskelle![\/vc_column_text][vc_single_image image=&#8221;9844&#8243; img_size=&#8221;full&#8221; alignment=&#8221;center&#8221;][\/vc_column_inner][vc_column_inner width=&#8221;1\/3&#8243;][vc_column_text] Polkupy\u00f6r\u00e4teline Py\u00f6r\u00e4teline jopa 3 [...]\" \/>\n<meta property=\"og:url\" content=\"https:\/\/motorhome.ee\/fi\/asuntoauton-vuokrauksesta\/all-inclusive-paketti\/\" \/>\n<meta property=\"og:site_name\" content=\"MOTORHOME.ee\" \/>\n<meta property=\"article:publisher\" content=\"https:\/\/www.facebook.com\/MOTORHOME.ee\/\" \/>\n<meta property=\"article:modified_time\" content=\"2025-08-05T09:42:27+00:00\" \/>\n<meta property=\"og:image\" content=\"https:\/\/motorhome.ee\/wp-content\/uploads\/2021\/05\/frankia-_www89ee-1-_www89ee-_www89ee.jpg\" \/>\n\t<meta property=\"og:image:width\" content=\"1134\" \/>\n\t<meta property=\"og:image:height\" content=\"1701\" \/>\n\t<meta property=\"og:image:type\" content=\"image\/jpeg\" \/>\n<meta name=\"twitter:card\" content=\"summary_large_image\" \/>\n<meta name=\"twitter:label1\" content=\"Arvioitu lukuaika\" \/>\n\t<meta name=\"twitter:data1\" content=\"3 minuuttia\" \/>\n<script type=\"application\/ld+json\" class=\"yoast-schema-graph\">{\"@context\":\"https:\/\/schema.org\",\"@graph\":[{\"@type\":\"WebPage\",\"@id\":\"https:\/\/motorhome.ee\/fi\/asuntoauton-vuokrauksesta\/all-inclusive-paketti\/\",\"url\":\"https:\/\/motorhome.ee\/fi\/asuntoauton-vuokrauksesta\/all-inclusive-paketti\/\",\"name\":\"\\\"All inclusive\\\" paketti - MOTORHOME.ee\",\"isPartOf\":{\"@id\":\"https:\/\/motorhome.ee\/fi\/#website\"},\"datePublished\":\"2017-03-23T09:24:06+00:00\",\"dateModified\":\"2025-08-05T09:42:27+00:00\",\"breadcrumb\":{\"@id\":\"https:\/\/motorhome.ee\/fi\/asuntoauton-vuokrauksesta\/all-inclusive-paketti\/#breadcrumb\"},\"inLanguage\":\"fi\",\"potentialAction\":[{\"@type\":\"ReadAction\",\"target\":[\"https:\/\/motorhome.ee\/fi\/asuntoauton-vuokrauksesta\/all-inclusive-paketti\/\"]}]},{\"@type\":\"BreadcrumbList\",\"@id\":\"https:\/\/motorhome.ee\/fi\/asuntoauton-vuokrauksesta\/all-inclusive-paketti\/#breadcrumb\",\"itemListElement\":[{\"@type\":\"ListItem\",\"position\":1,\"name\":\"Home\",\"item\":\"https:\/\/motorhome.ee\/fi\/\"},{\"@type\":\"ListItem\",\"position\":2,\"name\":\"ASUNTOAUTON VUOKRAUKSESTA\",\"item\":\"https:\/\/motorhome.ee\/fi\/asuntoauton-vuokrauksesta\/\"},{\"@type\":\"ListItem\",\"position\":3,\"name\":\"&#8220;All inclusive&#8221; paketti\"}]},{\"@type\":\"WebSite\",\"@id\":\"https:\/\/motorhome.ee\/fi\/#website\",\"url\":\"https:\/\/motorhome.ee\/fi\/\",\"name\":\"MOTORHOME.ee\",\"description\":\"\",\"publisher\":{\"@id\":\"https:\/\/motorhome.ee\/fi\/#organization\"},\"potentialAction\":[{\"@type\":\"SearchAction\",\"target\":{\"@type\":\"EntryPoint\",\"urlTemplate\":\"https:\/\/motorhome.ee\/fi\/?s={search_term_string}\"},\"query-input\":{\"@type\":\"PropertyValueSpecification\",\"valueRequired\":true,\"valueName\":\"search_term_string\"}}],\"inLanguage\":\"fi\"},{\"@type\":\"Organization\",\"@id\":\"https:\/\/motorhome.ee\/fi\/#organization\",\"name\":\"Motorhome.ee\",\"url\":\"https:\/\/motorhome.ee\/fi\/\",\"logo\":{\"@type\":\"ImageObject\",\"inLanguage\":\"fi\",\"@id\":\"https:\/\/motorhome.ee\/fi\/#\/schema\/logo\/image\/\",\"url\":\"https:\/\/motorhome.ee\/wp-content\/uploads\/2023\/03\/2021-07-23.jpg\",\"contentUrl\":\"https:\/\/motorhome.ee\/wp-content\/uploads\/2023\/03\/2021-07-23.jpg\",\"width\":540,\"height\":405,\"caption\":\"Motorhome.ee\"},\"image\":{\"@id\":\"https:\/\/motorhome.ee\/fi\/#\/schema\/logo\/image\/\"},\"sameAs\":[\"https:\/\/www.facebook.com\/MOTORHOME.ee\/\",\"https:\/\/www.instagram.com\/motorhome.ee\/\",\"https:\/\/www.youtube.com\/channel\/UCa08CRBOoU-bbN-g0fnNadw\"]}]}<\/script>\n<!-- \/ Yoast SEO plugin. -->","yoast_head_json":{"title":"\"All inclusive\" paketti - MOTORHOME.ee","robots":{"index":"index","follow":"follow","max-snippet":"max-snippet:-1","max-image-preview":"max-image-preview:large","max-video-preview":"max-video-preview:-1"},"canonical":"https:\/\/motorhome.ee\/fi\/asuntoauton-vuokrauksesta\/all-inclusive-paketti\/","og_locale":"fi_FI","og_type":"article","og_title":"\"All inclusive\" paketti - MOTORHOME.ee","og_description":"[vc_row][vc_column][vc_column_text]Kun vuokraat auton meid\u00e4n kautta voit valita my\u00f6s \u201cAll inclusive\u201d paketin jolloin sinun ei tarvitse huolehtia mukaan mit\u00e4\u00e4n muuta kuin omat vaatteet ja elintarvikeet. N\u00e4in s\u00e4\u00e4st\u00e4t laadukasta loma-aikaa. \u00c4l\u00e4 ole huolissa siit\u00e4 oletko muistanut pakata kaiken tarpeellisen mukaan! Kaikki mit\u00e4 tarvitset miellytt\u00e4v\u00e4\u00e4n lomaan, on mukavasti saatavana sinulle matkailuautossa. All Inclusive paketin hinta (hinta yhdelle asuntoautolle): 15 \u20ac\/vrk (minimihinta 100 \u20ac\/ vuokraus). [\/vc_column_text][vc_row_inner][vc_column_inner width=&#8221;1\/3&#8243;][vc_column_text] Navigaattori Navigaattori Garmin Camper sis\u00e4lt\u00e4\u00e4 koko Euroopan kartaston. Lis\u00e4ksi navigointij\u00e4rjestelm\u00e4 sis\u00e4lt\u00e4\u00e4 tietoja leirint\u00e4alueista ja asuntoautojen parkkipaikoista.[\/vc_column_text][vc_single_image image=&#8221;9838&#8243; img_size=&#8221;full&#8221; alignment=&#8221;center&#8221;][\/vc_column_inner][vc_column_inner width=&#8221;1\/3&#8243;][vc_column_text] Turvallisuuspaketti Turvallisuuspaketti sis\u00e4lt\u00e4en matka-apteekin. Siin\u00e4 on pakollisen ensiapupaketin lis\u00e4ksi tarpeellisia ensiaputarvikkeita (haavasiteita, laastareita, kylm\u00e4pakkauksia jne).[\/vc_column_text][vc_single_image image=&#8221;9841&#8243; img_size=&#8221;full&#8221; alignment=&#8221;center&#8221;][\/vc_column_inner][vc_column_inner width=&#8221;1\/3&#8243;][vc_column_text] Kaasupullot Kaksi kaasupulloa (11 kg) asuntoauton ja veden l\u00e4mmit\u00e4miseksi sek\u00e4 ruuan laittoon. My\u00f6s kaasus\u00e4ili\u00f6 voidaan k\u00e4tev\u00e4sti k\u00e4ytt\u00e4\u00e4 l\u00e4mmitt\u00e4miseen kaasugrilli.[\/vc_column_text][vc_single_image image=&#8221;9848&#8243; img_size=&#8221;full&#8221;][\/vc_column_inner][\/vc_row_inner][vc_empty_space height=&#8221;15px&#8221;][vc_separator][vc_row_inner][vc_column_inner width=&#8221;1\/3&#8243;][vc_column_text css=&#8221;&#8221;] Markiisi Ajoneuvon sivulle asennettu korkealaatuinen k\u00e4sik\u00e4ytt\u00f6inen markiisi tarjoaa miellytt\u00e4v\u00e4\u00e4 suojaa paahtavalta auringolta. Avaa katos ja luo oma &#8216;olohuone&#8217; luonnon keskelle![\/vc_column_text][vc_single_image image=&#8221;9844&#8243; img_size=&#8221;full&#8221; alignment=&#8221;center&#8221;][\/vc_column_inner][vc_column_inner width=&#8221;1\/3&#8243;][vc_column_text] Polkupy\u00f6r\u00e4teline Py\u00f6r\u00e4teline jopa 3 [...]","og_url":"https:\/\/motorhome.ee\/fi\/asuntoauton-vuokrauksesta\/all-inclusive-paketti\/","og_site_name":"MOTORHOME.ee","article_publisher":"https:\/\/www.facebook.com\/MOTORHOME.ee\/","article_modified_time":"2025-08-05T09:42:27+00:00","og_image":[{"width":1134,"height":1701,"url":"https:\/\/motorhome.ee\/wp-content\/uploads\/2021\/05\/frankia-_www89ee-1-_www89ee-_www89ee.jpg","type":"image\/jpeg"}],"twitter_card":"summary_large_image","twitter_misc":{"Arvioitu lukuaika":"3 minuuttia"},"schema":{"@context":"https:\/\/schema.org","@graph":[{"@type":"WebPage","@id":"https:\/\/motorhome.ee\/fi\/asuntoauton-vuokrauksesta\/all-inclusive-paketti\/","url":"https:\/\/motorhome.ee\/fi\/asuntoauton-vuokrauksesta\/all-inclusive-paketti\/","name":"\"All inclusive\" paketti - MOTORHOME.ee","isPartOf":{"@id":"https:\/\/motorhome.ee\/fi\/#website"},"datePublished":"2017-03-23T09:24:06+00:00","dateModified":"2025-08-05T09:42:27+00:00","breadcrumb":{"@id":"https:\/\/motorhome.ee\/fi\/asuntoauton-vuokrauksesta\/all-inclusive-paketti\/#breadcrumb"},"inLanguage":"fi","potentialAction":[{"@type":"ReadAction","target":["https:\/\/motorhome.ee\/fi\/asuntoauton-vuokrauksesta\/all-inclusive-paketti\/"]}]},{"@type":"BreadcrumbList","@id":"https:\/\/motorhome.ee\/fi\/asuntoauton-vuokrauksesta\/all-inclusive-paketti\/#breadcrumb","itemListElement":[{"@type":"ListItem","position":1,"name":"Home","item":"https:\/\/motorhome.ee\/fi\/"},{"@type":"ListItem","position":2,"name":"ASUNTOAUTON VUOKRAUKSESTA","item":"https:\/\/motorhome.ee\/fi\/asuntoauton-vuokrauksesta\/"},{"@type":"ListItem","position":3,"name":"&#8220;All inclusive&#8221; paketti"}]},{"@type":"WebSite","@id":"https:\/\/motorhome.ee\/fi\/#website","url":"https:\/\/motorhome.ee\/fi\/","name":"MOTORHOME.ee","description":"","publisher":{"@id":"https:\/\/motorhome.ee\/fi\/#organization"},"potentialAction":[{"@type":"SearchAction","target":{"@type":"EntryPoint","urlTemplate":"https:\/\/motorhome.ee\/fi\/?s={search_term_string}"},"query-input":{"@type":"PropertyValueSpecification","valueRequired":true,"valueName":"search_term_string"}}],"inLanguage":"fi"},{"@type":"Organization","@id":"https:\/\/motorhome.ee\/fi\/#organization","name":"Motorhome.ee","url":"https:\/\/motorhome.ee\/fi\/","logo":{"@type":"ImageObject","inLanguage":"fi","@id":"https:\/\/motorhome.ee\/fi\/#\/schema\/logo\/image\/","url":"https:\/\/motorhome.ee\/wp-content\/uploads\/2023\/03\/2021-07-23.jpg","contentUrl":"https:\/\/motorhome.ee\/wp-content\/uploads\/2023\/03\/2021-07-23.jpg","width":540,"height":405,"caption":"Motorhome.ee"},"image":{"@id":"https:\/\/motorhome.ee\/fi\/#\/schema\/logo\/image\/"},"sameAs":["https:\/\/www.facebook.com\/MOTORHOME.ee\/","https:\/\/www.instagram.com\/motorhome.ee\/","https:\/\/www.youtube.com\/channel\/UCa08CRBOoU-bbN-g0fnNadw"]}]}},"_links":{"self":[{"href":"https:\/\/motorhome.ee\/fi\/wp-json\/wp\/v2\/pages\/10948","targetHints":{"allow":["GET"]}}],"collection":[{"href":"https:\/\/motorhome.ee\/fi\/wp-json\/wp\/v2\/pages"}],"about":[{"href":"https:\/\/motorhome.ee\/fi\/wp-json\/wp\/v2\/types\/page"}],"author":[{"embeddable":true,"href":"https:\/\/motorhome.ee\/fi\/wp-json\/wp\/v2\/users\/1"}],"replies":[{"embeddable":true,"href":"https:\/\/motorhome.ee\/fi\/wp-json\/wp\/v2\/comments?post=10948"}],"version-history":[{"count":7,"href":"https:\/\/motorhome.ee\/fi\/wp-json\/wp\/v2\/pages\/10948\/revisions"}],"predecessor-version":[{"id":47880,"href":"https:\/\/motorhome.ee\/fi\/wp-json\/wp\/v2\/pages\/10948\/revisions\/47880"}],"up":[{"embeddable":true,"href":"https:\/\/motorhome.ee\/fi\/wp-json\/wp\/v2\/pages\/10855"}],"wp:attachment":[{"href":"https:\/\/motorhome.ee\/fi\/wp-json\/wp\/v2\/media?parent=10948"}],"curies":[{"name":"wp","href":"https:\/\/api.w.org\/{rel}","templated":true}]}}