{"id":10952,"date":"2017-03-23T11:24:18","date_gmt":"2017-03-23T09:24:18","guid":{"rendered":"https:\/\/motorhome.ee\/asuntoauton-vuokrauksesta\/matkabussi-renditingimused\/"},"modified":"2026-02-05T09:24:02","modified_gmt":"2026-02-05T07:24:02","slug":"asuntoauton-vuokrausehdot","status":"publish","type":"page","link":"https:\/\/motorhome.ee\/fi\/asuntoauton-vuokrauksesta\/asuntoauton-vuokrausehdot\/","title":{"rendered":"Asuntoauton vuokrausehdot"},"content":{"rendered":"<div class=\"wpb-content-wrapper\"><p>[vc_row][vc_column][vc_column_text css=&#8221;&#8221;]<\/p>\n<h5><strong>Yleiset ehdot<\/strong><\/h5>\n<p>Asuntoauton vuokraamiseksi vuokraaja toimittaa voimassa olevan ajokortin ja henkil\u00f6todistuksen (henkil\u00f6kortti tai passi). Asuntoauton vuokraamiseksi vuokralaisen on oltava v\u00e4hint\u00e4\u00e4n 21-vuotias ja h\u00e4nell\u00e4 on oltava v\u00e4hint\u00e4\u00e4n 3 vuoden B-luokan ajokokemus. A-luokan t\u00e4ysin integroiduissa malleissa (LUX-luokka) vaaditaan v\u00e4hint\u00e4\u00e4n 5 vuoden ajokokemusta.Jos haluat vuokrata ajoneuvon yrityksen nimiss\u00e4, sopimuksen on oltava hallituksen j\u00e4senen tai valtuutetun henkil\u00f6n allekirjoittama, toimittamalla vuokrayritykselle vastaava valtakirja yhdess\u00e4 valtakirjan voimassaoloa todistavien asiakirjojen kanssa (valtakirja, takuukirja). T\u00e4llaisessa tapauksessa on vuokrasopimuksen allekirjoittamisen lis\u00e4ksi olemassa my\u00f6s takuusopimus, jolla ajoneuvon k\u00e4ytt\u00e4j\u00e4 takaa yrityksen ottamat velvoitteet.<\/p>\n<p>Vuokraajalle annetaan polttoaineen t\u00e4ytetty, puhdistettu ja teknisesti kunnossa oleva asuntovaunu. Kun vastaanotat ajoneuvon, suosittelemme, ett\u00e4 tarkistat sen huolellisesti ja rekister\u00f6i ajoneuvon vastaanoton aikana havaitut vauriot tai viat (mukaan lukien naarmut, puuttuvat tai rikkoutuneet varusteet jne.), muuten saatat olla vastuussa kaikista vammoista \/ virheist\u00e4, joita oli ajoneuvossa ennen sen k\u00e4ytt\u00f6\u00e4. Vuokranantaja ei ole suoraan tai v\u00e4lillisesti vastuussa vahingoista, joita vuokralaiselle voi aiheutua matkailuauton teknisest\u00e4 vioista ja jos matka keskeytyy tai viiv\u00e4styy edell\u00e4 mainituista syist\u00e4.<\/p>\n<p>Asuntoauto luovutetaan t\u00e4ysin tankattuna. Jos asuntoauto palautetaan muuten kuin t\u00e4yteen tankattuna niin puuttuvasta polttoaineen m\u00e4\u00e4r\u00e4st\u00e4 perit\u00e4\u00e4n maksu Circle K hintatason mukaan ja tankkaus maksu 42 euroa (sis\u00e4lt\u00e4en ALV). Vuokranantaja voi peri\u00e4 kyseisen summan takuurahasta. V\u00e4\u00e4r\u00e4n polttoainen tankkamisesta johtuvat vahingot korvaa vuokraaja.<\/p>\n<p>&nbsp;<\/p>\n<h5><strong>Varaaminen (booking), takuurahat ja maksaminen<\/strong><\/h5>\n<p>Asuntoauton varausmaksu on 30% koko vuokrausajan maksusta, mutta v\u00e4hint\u00e4\u00e4n 300 euroa. Varaus vahvistetaan, kun varausmaksu on saapunut OY AD Consult tai MOTORHOME.ee OY tilille ja se pit\u00e4\u00e4 maksaa 3 vrk sis\u00e4ll\u00e4 varauslaskun saapumisesta.<br \/>\nHuippukaudella (01.06. \u2013 31.08.) jos asuntoauto vuokrataan alle 30 vrk ennen vuokrauskauden alkua, vuokraaja maksaa varausta tehdess\u00e4 50% vuokrahinnasta.<\/p>\n<p>Varauksiin voi tehd\u00e4 muutoksia varauksen j\u00e4lkeen, kunnes on j\u00e4ljell\u00e4 90 vrk ennen sovittua vuokrausajan alkua ja vain, jos vuokranantajalla on mahdollista tarjota vaihtoehtoinen asuntoauto ja uusi varaus vastaa hintansa puolesta alkuper\u00e4ist\u00e4. Varausmaksua ei palauteta, vaan se kattaa osan vuokramaksusta. Jos asiakas purkaa varauksen asiakas on vastuussa varausmaksun verran ja varausmaksua ei palauteta.<\/p>\n<p>Asuntoauton vuokraaja maksaa vuokratakuun 1250 EUR (<em>family+, <\/em><em>comfort+<\/em>\u00a0class) tai 1500 EUR (<em>lux<\/em> class) tai 2000 EUR (<em>Frankia<\/em>). Summa palautetaan vuokralaiselle sopimuksen loppuessa, jos muita vaatimuksia ei ole.<\/p>\n<p>Vuokrauksen loppusumma sek\u00e4 takuusumma maksetaan ennen vuokrauksen alkua sovittuun aikaan menneess\u00e4. Lopullinen laskutus tapahtuu ajoneuvon palautuksen yhteydess\u00e4 vuokranantajalle. Vuokramaksun voi suorittaa k\u00e4teisell\u00e4 tai pankkisiirtona.<\/p>\n<p>Vuokrahinta sis\u00e4lt\u00e4\u00e4 mahdolliset \u00f6ljynvaihdot, pakollisen liikennevakuutuksen ja t\u00e4yskaskon. Vuokrahinta ei sis\u00e4lt\u00e4 polttoainetta.<\/p>\n<p>&nbsp;<\/p>\n<h5><strong>Vakuutus, vastuu kolmansien osapuolien edess\u00e4<\/strong><\/h5>\n<p>Matkaautojen vuokrahinnat sis\u00e4lt\u00e4v\u00e4t kaskovakutukseen (liikenneonnettomuus, vandalismi) vuokralle ottajan omavastuulla 1250 euroa ja vakuutukseen varkauden tapaukselle jolloin vuokraalle ottaajan omavastuu on 15% ajoneuvon hinnasta (ajoneuvon hinta on merkattu vuokrasopimukseen). Ajoneuvon vanteet ja renkaat eiv\u00e4t ole vakutettuja ja n\u00e4in olleen niiden kohdalla vuokraalle ottajaa kantaa niist\u00e4 t\u00e4ydellisen taloudellisen vastuun. Matkaauton varkauden tapauksessa vuokraalleottajan on esitett\u00e4v\u00e4\u00e4 ajoneuvon avaimet ja rekisteriotteen. Varkaus pit\u00e4\u00e4 olla vuokraalleottajan toimesta ilmoitettu\/rekister\u00f6ity tapahtumapaika poliisiasemalla. Liikenneonnettomuuden sattuessa vuokraale ottaja on velvollinen ilmoittamaan aina asiasta poliisille ja ottamaan poliisilta vastaan kirjallise todistuse onnettomuuden sattumisen kohta jossa on vakuutusta varten esitetty tapahtumien\/olosuhteiden yksityiskohdat. Pit\u00e4\u00e4 my\u00f6s heti olla yhteydess\u00e4 vuokraalle antaajaan (yhteystiedot l\u00f6ytyv\u00e4t sopimuksessa).<\/p>\n<p>Kaikki vuokraalleottaja ja\/tai matkaauton k\u00e4ytt\u00e4jien toimesta vuokraus kauden aikana aiheutetut vahingot kolmansille osapuolille (esimerkiksi liikennes\u00e4\u00e4nt\u00f6jen rikkominen, parkimissakot, viivytysmaksut, auton \u2026..) kuuluuvat t\u00e4ysin maksettavaksi auton vuokraalle ottajalle ja\/tai matkustajille my\u00f6s j\u00e4lkeenp\u00e4in. Vuokravahingon sovittelusta aiheutuvat menettekykulut ovat 50 EUR. Liikennesakkojen menettekykulut ovat 10 EUR.<\/p>\n<p>&nbsp;<\/p>\n<h5><strong>Ajoneuvon vastanotto ja luovutus, vuokrauskausi<\/strong><\/h5>\n<p>Vuokrauskausi alkaa ensimm\u00e4isen\u00e4 vuokrausp\u00e4iv\u00e4n\u00e4, asuntoauto luovutetaan asiakalle 14:00-17:00 (henkil\u00f6kohtanen aika sovitaan asiakkaan kanssa) ja loppuu viimeisen\u00e4 vuokrausp\u00e4iv\u00e4n\u00e4 viimeist\u00e4\u00e4n kello 11:00, jos osapuolet eiv\u00e4t ole sopineet toisin. Mik\u00e4li Vuokraaja my\u00f6h\u00e4styy palauttamaan Ajoneuvon ilman Vuokranantajan kanssa tehtya sopi, perit\u00e4\u00e4n my\u00f6h\u00e4stymismaksu viiv\u00e4stysajan mukaan: 15 min &#8211; 1 tunti &#8211; 45 EUR, 1-2 tuntia 100 EUR, yli 2 tuntia &#8211; kaksinkertainen vuokrap\u00e4iv\u00e4n maksu. Jos palautus viiv\u00e4styy yli yhdell\u00e4 vuorokaudella niin vuokralle antajalla on oikeus peri\u00e4 siit\u00e4 ajalta vuokrausmaksun tuplana.<\/p>\n<p>Matkaauto palautetaan vuokralle ottajan toimesta vuokralle antajalle huolella siivottuna, harmavesis\u00e4ili\u00f6 sek\u00e4 WC kasetti tyhjennettyin\u00e4 samalla tavalla kuin auto on ollut vuokrauskauden alkaessa. V\u00e4lipesu kuuluu vuokrasopimuksen hintaan ja sen suorittaa vuokralle antaja omakustanteisesti. Vuokralle antajalla on oikeus peri\u00e4 siivousmaksun jos matkaauto ei ole riitt\u00e4v\u00e4n hyvin siivottu. Sis\u00e4tilojen siivouksen hinta on 100 euroa. Harmavesis\u00e4ili\u00f6n ja WC kasettin tyhjent\u00e4misen hinta on 40 euroa. Autossa on kieletty tupakointi ja lemmikkien kuljettaminen. T\u00e4m\u00e4n vaatimuksen rikkomisesta vuokralle antajalla on oikeus peri\u00e4 sopimuksen rikkommisen sakon 300 euroa (A-luokan t\u00e4ysintegroidun mallin tapauksessa 500 euroa). Edell\u00e4mainitut summat on vuokralle antajalla oikeus pid\u00e4t\u00e4 takuusummasta.<\/p>\n<p>Ulkopesu sis\u00e4ltyy ajoneuvon vuokrahintaan, ja vuokranantaja suorittaa sen omalla kustannuksellaan.<\/p>\n<p>Kun auto palautetaan, vuokranantajan ja vuokralaisen on tarkastettava auto yhdess\u00e4. Viat, joita ei ollut vuokrauksen ajankohtana ja joita ei voida pit\u00e4\u00e4 normaalina kuluneena, korvaa vuokraaja autokaupan hinnaston perusteella.<\/p>\n<p>Matkaauton minimi vuokrakausi on kolme vuorokautta. Huippukaudella (01.06.-31.08. ja koulujen lomaaikoina) minimiaika on 7 vuorokautta.<\/p>\n<p>&nbsp;<\/p>\n<h5><strong>Varusteet<\/strong><\/h5>\n<p>Talvikaudella kaikilla ajoneuvoilla on talvirenkaat. Lis\u00e4ksi kaikilla ajoneuvoilla on GPS paikaltimet, mik\u00e4 mahdollistaa vuokralle antajalla seurata ett\u00e4 ajoneuvoa k\u00e4ytet\u00e4\u00e4n tsarkoituksenmukaisesti. Sopimuksen mukaan vuokralle antaja antaa vuokralle ottajalle lis\u00e4varustukset, joiden tarkka lista on fiksoitu vuokrasopimukseen.<\/p>\n<p>&nbsp;<\/p>\n<h5><strong>Vuokrasopimuksen voimassaolo<\/strong><\/h5>\n<p>Jokainen allekirjoitettu sopimus on sitova my\u00f6s siin\u00e4 tapauksessa jos vuokraalle ottaja ei ole siit\u00e4 lukenut l\u00e4pi tai ymm\u00e4rt\u00e4nyt sen. Me suositellamme aina ennen sopimuksen allekirjoittamista lukea huoleellisesti l\u00e4pi sopimuksen ehdot ja tarvittaessa pyyt\u00e4\u00e4 tarkennusta\/selityst\u00e4. My\u00f6hemmin esitetyt valitukset\/vaatimukset ei korvata tai ratkaistan oikeudessa.<\/p>\n<p>&nbsp;<\/p>\n<h5><strong>Matkustaminen Viron ulkopuolelle<\/strong><\/h5>\n<p>Vuokralle ottaja ei voi matkustaa Euroopa Liiton ulkopuolelle. Jos n\u00e4in halutaan tehd\u00e4 niin se pit\u00e4\u00e4 kirjallisesti sopia vuokralle antajan kanssa v\u00e4hint\u00e4\u00e4n 14 vuorokautta ennen vuokrauskaude alkua.<\/p>\n<p>Tarkemmat sopimuksen ehdot ovat esitettyin\u00e4 vuokrasopimuksessa.[\/vc_column_text][\/vc_column][\/vc_row]<\/p>\n<\/div>","protected":false},"excerpt":{"rendered":"<p>[vc_row][vc_column][vc_column_text css=&#8221;&#8221;]<\/p>\n<p> <strong>Yleiset ehdot<\/strong> <\/p>\n<p>Asuntoauton vuokraamiseksi vuokraaja toimittaa voimassa olevan ajokortin ja henkil\u00f6todistuksen (henkil\u00f6kortti tai passi). Asuntoauton vuokraamiseksi vuokralaisen on oltava v\u00e4hint\u00e4\u00e4n 21-vuotias ja h\u00e4nell\u00e4 on oltava v\u00e4hint\u00e4\u00e4n 3 vuoden B-luokan ajokokemus. A-luokan t\u00e4ysin integroiduissa malleissa (LUX-luokka) vaaditaan v\u00e4hint\u00e4\u00e4n 5 vuoden ajokokemusta.Jos haluat vuokrata ajoneuvon yrityksen nimiss\u00e4, sopimuksen on oltava hallituksen j\u00e4senen tai valtuutetun henkil\u00f6n allekirjoittama, toimittamalla vuokrayritykselle vastaava valtakirja yhdess\u00e4 valtakirjan voimassaoloa todistavien asiakirjojen kanssa (valtakirja, takuukirja). T\u00e4llaisessa tapauksessa on vuokrasopimuksen allekirjoittamisen lis\u00e4ksi olemassa my\u00f6s takuusopimus, jolla ajoneuvon k\u00e4ytt\u00e4j\u00e4 takaa yrityksen ottamat velvoitteet.<\/p>\n<p>Vuokraajalle annetaan polttoaineen t\u00e4ytetty, puhdistettu ja teknisesti kunnossa oleva asuntovaunu. Kun vastaanotat ajoneuvon, suosittelemme, ett\u00e4 tarkistat sen huolellisesti ja rekister\u00f6i ajoneuvon vastaanoton aikana havaitut vauriot tai viat (mukaan lukien naarmut, puuttuvat tai rikkoutuneet varusteet jne.), muuten saatat olla vastuussa kaikista vammoista \/ virheist\u00e4, joita oli ajoneuvossa ennen sen k\u00e4ytt\u00f6\u00e4. Vuokranantaja ei ole suoraan tai v\u00e4lillisesti vastuussa vahingoista, joita vuokralaiselle voi aiheutua matkailuauton teknisest\u00e4 vioista ja jos matka keskeytyy tai viiv\u00e4styy edell\u00e4 [&#8230;]<\/p>\n","protected":false},"author":1,"featured_media":0,"parent":10855,"menu_order":7,"comment_status":"closed","ping_status":"closed","template":"","meta":{"_acf_changed":false,"_exactmetrics_skip_tracking":false,"_exactmetrics_sitenote_active":false,"_exactmetrics_sitenote_note":"","_exactmetrics_sitenote_category":0,"footnotes":""},"class_list":["post-10952","page","type-page","status-publish","hentry"],"acf":[],"yoast_head":"<!-- This site is optimized with the Yoast SEO plugin v27.2 - https:\/\/yoast.com\/product\/yoast-seo-wordpress\/ -->\n<title>Asuntoauton vuokrausehdot - MOTORHOME.ee<\/title>\n<meta name=\"robots\" content=\"index, follow, max-snippet:-1, max-image-preview:large, max-video-preview:-1\" \/>\n<link rel=\"canonical\" href=\"https:\/\/motorhome.ee\/fi\/asuntoauton-vuokrauksesta\/asuntoauton-vuokrausehdot\/\" \/>\n<meta property=\"og:locale\" content=\"fi_FI\" \/>\n<meta property=\"og:type\" content=\"article\" \/>\n<meta property=\"og:title\" content=\"Asuntoauton vuokrausehdot - MOTORHOME.ee\" \/>\n<meta property=\"og:description\" content=\"[vc_row][vc_column][vc_column_text css=&#8221;&#8221;] Yleiset ehdot Asuntoauton vuokraamiseksi vuokraaja toimittaa voimassa olevan ajokortin ja henkil\u00f6todistuksen (henkil\u00f6kortti tai passi). Asuntoauton vuokraamiseksi vuokralaisen on oltava v\u00e4hint\u00e4\u00e4n 21-vuotias ja h\u00e4nell\u00e4 on oltava v\u00e4hint\u00e4\u00e4n 3 vuoden B-luokan ajokokemus. A-luokan t\u00e4ysin integroiduissa malleissa (LUX-luokka) vaaditaan v\u00e4hint\u00e4\u00e4n 5 vuoden ajokokemusta.Jos haluat vuokrata ajoneuvon yrityksen nimiss\u00e4, sopimuksen on oltava hallituksen j\u00e4senen tai valtuutetun henkil\u00f6n allekirjoittama, toimittamalla vuokrayritykselle vastaava valtakirja yhdess\u00e4 valtakirjan voimassaoloa todistavien asiakirjojen kanssa (valtakirja, takuukirja). T\u00e4llaisessa tapauksessa on vuokrasopimuksen allekirjoittamisen lis\u00e4ksi olemassa my\u00f6s takuusopimus, jolla ajoneuvon k\u00e4ytt\u00e4j\u00e4 takaa yrityksen ottamat velvoitteet. Vuokraajalle annetaan polttoaineen t\u00e4ytetty, puhdistettu ja teknisesti kunnossa oleva asuntovaunu. Kun vastaanotat ajoneuvon, suosittelemme, ett\u00e4 tarkistat sen huolellisesti ja rekister\u00f6i ajoneuvon vastaanoton aikana havaitut vauriot tai viat (mukaan lukien naarmut, puuttuvat tai rikkoutuneet varusteet jne.), muuten saatat olla vastuussa kaikista vammoista \/ virheist\u00e4, joita oli ajoneuvossa ennen sen k\u00e4ytt\u00f6\u00e4. Vuokranantaja ei ole suoraan tai v\u00e4lillisesti vastuussa vahingoista, joita vuokralaiselle voi aiheutua matkailuauton teknisest\u00e4 vioista ja jos matka keskeytyy tai viiv\u00e4styy edell\u00e4 [...]\" \/>\n<meta property=\"og:url\" content=\"https:\/\/motorhome.ee\/fi\/asuntoauton-vuokrauksesta\/asuntoauton-vuokrausehdot\/\" \/>\n<meta property=\"og:site_name\" content=\"MOTORHOME.ee\" \/>\n<meta property=\"article:publisher\" content=\"https:\/\/www.facebook.com\/MOTORHOME.ee\/\" \/>\n<meta property=\"article:modified_time\" content=\"2026-02-05T07:24:02+00:00\" \/>\n<meta property=\"og:image\" content=\"https:\/\/motorhome.ee\/wp-content\/uploads\/2021\/05\/frankia-_www89ee-1-_www89ee-_www89ee.jpg\" \/>\n\t<meta property=\"og:image:width\" content=\"1134\" \/>\n\t<meta property=\"og:image:height\" content=\"1701\" \/>\n\t<meta property=\"og:image:type\" content=\"image\/jpeg\" \/>\n<meta name=\"twitter:card\" content=\"summary_large_image\" \/>\n<meta name=\"twitter:label1\" content=\"Arvioitu lukuaika\" \/>\n\t<meta name=\"twitter:data1\" content=\"5 minuuttia\" \/>\n<script type=\"application\/ld+json\" class=\"yoast-schema-graph\">{\"@context\":\"https:\/\/schema.org\",\"@graph\":[{\"@type\":\"WebPage\",\"@id\":\"https:\/\/motorhome.ee\/fi\/asuntoauton-vuokrauksesta\/asuntoauton-vuokrausehdot\/\",\"url\":\"https:\/\/motorhome.ee\/fi\/asuntoauton-vuokrauksesta\/asuntoauton-vuokrausehdot\/\",\"name\":\"Asuntoauton vuokrausehdot - MOTORHOME.ee\",\"isPartOf\":{\"@id\":\"https:\/\/motorhome.ee\/fi\/#website\"},\"datePublished\":\"2017-03-23T09:24:18+00:00\",\"dateModified\":\"2026-02-05T07:24:02+00:00\",\"breadcrumb\":{\"@id\":\"https:\/\/motorhome.ee\/fi\/asuntoauton-vuokrauksesta\/asuntoauton-vuokrausehdot\/#breadcrumb\"},\"inLanguage\":\"fi\",\"potentialAction\":[{\"@type\":\"ReadAction\",\"target\":[\"https:\/\/motorhome.ee\/fi\/asuntoauton-vuokrauksesta\/asuntoauton-vuokrausehdot\/\"]}]},{\"@type\":\"BreadcrumbList\",\"@id\":\"https:\/\/motorhome.ee\/fi\/asuntoauton-vuokrauksesta\/asuntoauton-vuokrausehdot\/#breadcrumb\",\"itemListElement\":[{\"@type\":\"ListItem\",\"position\":1,\"name\":\"Home\",\"item\":\"https:\/\/motorhome.ee\/fi\/\"},{\"@type\":\"ListItem\",\"position\":2,\"name\":\"ASUNTOAUTON VUOKRAUKSESTA\",\"item\":\"https:\/\/motorhome.ee\/fi\/asuntoauton-vuokrauksesta\/\"},{\"@type\":\"ListItem\",\"position\":3,\"name\":\"Asuntoauton vuokrausehdot\"}]},{\"@type\":\"WebSite\",\"@id\":\"https:\/\/motorhome.ee\/fi\/#website\",\"url\":\"https:\/\/motorhome.ee\/fi\/\",\"name\":\"MOTORHOME.ee\",\"description\":\"\",\"publisher\":{\"@id\":\"https:\/\/motorhome.ee\/fi\/#organization\"},\"potentialAction\":[{\"@type\":\"SearchAction\",\"target\":{\"@type\":\"EntryPoint\",\"urlTemplate\":\"https:\/\/motorhome.ee\/fi\/?s={search_term_string}\"},\"query-input\":{\"@type\":\"PropertyValueSpecification\",\"valueRequired\":true,\"valueName\":\"search_term_string\"}}],\"inLanguage\":\"fi\"},{\"@type\":\"Organization\",\"@id\":\"https:\/\/motorhome.ee\/fi\/#organization\",\"name\":\"Motorhome.ee\",\"url\":\"https:\/\/motorhome.ee\/fi\/\",\"logo\":{\"@type\":\"ImageObject\",\"inLanguage\":\"fi\",\"@id\":\"https:\/\/motorhome.ee\/fi\/#\/schema\/logo\/image\/\",\"url\":\"https:\/\/motorhome.ee\/wp-content\/uploads\/2023\/03\/2021-07-23.jpg\",\"contentUrl\":\"https:\/\/motorhome.ee\/wp-content\/uploads\/2023\/03\/2021-07-23.jpg\",\"width\":540,\"height\":405,\"caption\":\"Motorhome.ee\"},\"image\":{\"@id\":\"https:\/\/motorhome.ee\/fi\/#\/schema\/logo\/image\/\"},\"sameAs\":[\"https:\/\/www.facebook.com\/MOTORHOME.ee\/\",\"https:\/\/www.instagram.com\/motorhome.ee\/\",\"https:\/\/www.youtube.com\/channel\/UCa08CRBOoU-bbN-g0fnNadw\"]}]}<\/script>\n<!-- \/ Yoast SEO plugin. -->","yoast_head_json":{"title":"Asuntoauton vuokrausehdot - MOTORHOME.ee","robots":{"index":"index","follow":"follow","max-snippet":"max-snippet:-1","max-image-preview":"max-image-preview:large","max-video-preview":"max-video-preview:-1"},"canonical":"https:\/\/motorhome.ee\/fi\/asuntoauton-vuokrauksesta\/asuntoauton-vuokrausehdot\/","og_locale":"fi_FI","og_type":"article","og_title":"Asuntoauton vuokrausehdot - MOTORHOME.ee","og_description":"[vc_row][vc_column][vc_column_text css=&#8221;&#8221;] Yleiset ehdot Asuntoauton vuokraamiseksi vuokraaja toimittaa voimassa olevan ajokortin ja henkil\u00f6todistuksen (henkil\u00f6kortti tai passi). Asuntoauton vuokraamiseksi vuokralaisen on oltava v\u00e4hint\u00e4\u00e4n 21-vuotias ja h\u00e4nell\u00e4 on oltava v\u00e4hint\u00e4\u00e4n 3 vuoden B-luokan ajokokemus. A-luokan t\u00e4ysin integroiduissa malleissa (LUX-luokka) vaaditaan v\u00e4hint\u00e4\u00e4n 5 vuoden ajokokemusta.Jos haluat vuokrata ajoneuvon yrityksen nimiss\u00e4, sopimuksen on oltava hallituksen j\u00e4senen tai valtuutetun henkil\u00f6n allekirjoittama, toimittamalla vuokrayritykselle vastaava valtakirja yhdess\u00e4 valtakirjan voimassaoloa todistavien asiakirjojen kanssa (valtakirja, takuukirja). T\u00e4llaisessa tapauksessa on vuokrasopimuksen allekirjoittamisen lis\u00e4ksi olemassa my\u00f6s takuusopimus, jolla ajoneuvon k\u00e4ytt\u00e4j\u00e4 takaa yrityksen ottamat velvoitteet. Vuokraajalle annetaan polttoaineen t\u00e4ytetty, puhdistettu ja teknisesti kunnossa oleva asuntovaunu. Kun vastaanotat ajoneuvon, suosittelemme, ett\u00e4 tarkistat sen huolellisesti ja rekister\u00f6i ajoneuvon vastaanoton aikana havaitut vauriot tai viat (mukaan lukien naarmut, puuttuvat tai rikkoutuneet varusteet jne.), muuten saatat olla vastuussa kaikista vammoista \/ virheist\u00e4, joita oli ajoneuvossa ennen sen k\u00e4ytt\u00f6\u00e4. Vuokranantaja ei ole suoraan tai v\u00e4lillisesti vastuussa vahingoista, joita vuokralaiselle voi aiheutua matkailuauton teknisest\u00e4 vioista ja jos matka keskeytyy tai viiv\u00e4styy edell\u00e4 [...]","og_url":"https:\/\/motorhome.ee\/fi\/asuntoauton-vuokrauksesta\/asuntoauton-vuokrausehdot\/","og_site_name":"MOTORHOME.ee","article_publisher":"https:\/\/www.facebook.com\/MOTORHOME.ee\/","article_modified_time":"2026-02-05T07:24:02+00:00","og_image":[{"width":1134,"height":1701,"url":"https:\/\/motorhome.ee\/wp-content\/uploads\/2021\/05\/frankia-_www89ee-1-_www89ee-_www89ee.jpg","type":"image\/jpeg"}],"twitter_card":"summary_large_image","twitter_misc":{"Arvioitu lukuaika":"5 minuuttia"},"schema":{"@context":"https:\/\/schema.org","@graph":[{"@type":"WebPage","@id":"https:\/\/motorhome.ee\/fi\/asuntoauton-vuokrauksesta\/asuntoauton-vuokrausehdot\/","url":"https:\/\/motorhome.ee\/fi\/asuntoauton-vuokrauksesta\/asuntoauton-vuokrausehdot\/","name":"Asuntoauton vuokrausehdot - MOTORHOME.ee","isPartOf":{"@id":"https:\/\/motorhome.ee\/fi\/#website"},"datePublished":"2017-03-23T09:24:18+00:00","dateModified":"2026-02-05T07:24:02+00:00","breadcrumb":{"@id":"https:\/\/motorhome.ee\/fi\/asuntoauton-vuokrauksesta\/asuntoauton-vuokrausehdot\/#breadcrumb"},"inLanguage":"fi","potentialAction":[{"@type":"ReadAction","target":["https:\/\/motorhome.ee\/fi\/asuntoauton-vuokrauksesta\/asuntoauton-vuokrausehdot\/"]}]},{"@type":"BreadcrumbList","@id":"https:\/\/motorhome.ee\/fi\/asuntoauton-vuokrauksesta\/asuntoauton-vuokrausehdot\/#breadcrumb","itemListElement":[{"@type":"ListItem","position":1,"name":"Home","item":"https:\/\/motorhome.ee\/fi\/"},{"@type":"ListItem","position":2,"name":"ASUNTOAUTON VUOKRAUKSESTA","item":"https:\/\/motorhome.ee\/fi\/asuntoauton-vuokrauksesta\/"},{"@type":"ListItem","position":3,"name":"Asuntoauton vuokrausehdot"}]},{"@type":"WebSite","@id":"https:\/\/motorhome.ee\/fi\/#website","url":"https:\/\/motorhome.ee\/fi\/","name":"MOTORHOME.ee","description":"","publisher":{"@id":"https:\/\/motorhome.ee\/fi\/#organization"},"potentialAction":[{"@type":"SearchAction","target":{"@type":"EntryPoint","urlTemplate":"https:\/\/motorhome.ee\/fi\/?s={search_term_string}"},"query-input":{"@type":"PropertyValueSpecification","valueRequired":true,"valueName":"search_term_string"}}],"inLanguage":"fi"},{"@type":"Organization","@id":"https:\/\/motorhome.ee\/fi\/#organization","name":"Motorhome.ee","url":"https:\/\/motorhome.ee\/fi\/","logo":{"@type":"ImageObject","inLanguage":"fi","@id":"https:\/\/motorhome.ee\/fi\/#\/schema\/logo\/image\/","url":"https:\/\/motorhome.ee\/wp-content\/uploads\/2023\/03\/2021-07-23.jpg","contentUrl":"https:\/\/motorhome.ee\/wp-content\/uploads\/2023\/03\/2021-07-23.jpg","width":540,"height":405,"caption":"Motorhome.ee"},"image":{"@id":"https:\/\/motorhome.ee\/fi\/#\/schema\/logo\/image\/"},"sameAs":["https:\/\/www.facebook.com\/MOTORHOME.ee\/","https:\/\/www.instagram.com\/motorhome.ee\/","https:\/\/www.youtube.com\/channel\/UCa08CRBOoU-bbN-g0fnNadw"]}]}},"_links":{"self":[{"href":"https:\/\/motorhome.ee\/fi\/wp-json\/wp\/v2\/pages\/10952","targetHints":{"allow":["GET"]}}],"collection":[{"href":"https:\/\/motorhome.ee\/fi\/wp-json\/wp\/v2\/pages"}],"about":[{"href":"https:\/\/motorhome.ee\/fi\/wp-json\/wp\/v2\/types\/page"}],"author":[{"embeddable":true,"href":"https:\/\/motorhome.ee\/fi\/wp-json\/wp\/v2\/users\/1"}],"replies":[{"embeddable":true,"href":"https:\/\/motorhome.ee\/fi\/wp-json\/wp\/v2\/comments?post=10952"}],"version-history":[{"count":8,"href":"https:\/\/motorhome.ee\/fi\/wp-json\/wp\/v2\/pages\/10952\/revisions"}],"predecessor-version":[{"id":60068,"href":"https:\/\/motorhome.ee\/fi\/wp-json\/wp\/v2\/pages\/10952\/revisions\/60068"}],"up":[{"embeddable":true,"href":"https:\/\/motorhome.ee\/fi\/wp-json\/wp\/v2\/pages\/10855"}],"wp:attachment":[{"href":"https:\/\/motorhome.ee\/fi\/wp-json\/wp\/v2\/media?parent=10952"}],"curies":[{"name":"wp","href":"https:\/\/api.w.org\/{rel}","templated":true}]}}