{"id":11088,"date":"2019-12-15T17:14:31","date_gmt":"2019-12-15T15:14:31","guid":{"rendered":"https:\/\/motorhome.ee\/asuntoauton-vuokrauksesta\/miks-rentida-matkaautot-motorhome-ee-st\/"},"modified":"2023-05-18T11:29:00","modified_gmt":"2023-05-18T08:29:00","slug":"miksi-vuokrata-motorhome-ee-st","status":"publish","type":"page","link":"https:\/\/motorhome.ee\/fi\/asuntoauton-vuokrauksesta\/miksi-vuokrata-motorhome-ee-st\/","title":{"rendered":"MIKSI VUOKRATA MOTORHOME.ee-st"},"content":{"rendered":"<div class=\"wpb-content-wrapper\"><p>[vc_row][vc_column][vc_column_text]Vuokraamalla matkailuautoa MOTORHOME.ee-palvelusta, teet ainoan oikean valinnan. Tarjoamme vuokrattavana laajan valikoiman erityyppisi\u00e4 ja malleja matkailuautoja, ja mik\u00e4 t\u00e4rkeint\u00e4 &#8211; KAIKKI MEID\u00c4N MATKAILUAUTOT OVAT AINA UUSIA (autojen enimm\u00e4isik\u00e4 enint\u00e4\u00e4n 2 vuotta). T\u00e4ll\u00e4 tavalla sinulla ei ole mit\u00e4\u00e4n ongelmaa l\u00f6yt\u00e4\u00e4 tarpeitasi parhaiten sopiva malli tarjolla olevista matkailuautoista. Suuren vuokra-autokantamme ja oman palvelumme ansiosta voimme aina tarjota asiakkaalle 100% POISTUMISTAA, mik\u00e4 tarkoittaa, ett\u00e4 asiakkaan ei tarvitse huolehtia siit\u00e4, voiko h\u00e4n edelleen l\u00e4hte\u00e4 pitk\u00e4\u00e4n suunnitellulle lomalleen sovittuna p\u00e4iv\u00e4n\u00e4. MOTORHOME.ee eroaa monista muista vuokrausyrityksist\u00e4 my\u00f6s matkailuautoidemme eritt\u00e4in hyv\u00e4ll\u00e4 varustetasolla.[\/vc_column_text][\/vc_column][\/vc_row][vc_row content_placement=&#8221;middle&#8221;][vc_column width=&#8221;1\/2&#8243;][vc_single_image image=&#8221;8295&#8243; img_size=&#8221;full&#8221; alignment=&#8221;center&#8221;][\/vc_column][vc_column width=&#8221;1\/2&#8243;][vc_custom_heading text=&#8221;LAAJEMPI VALINTA&#8221; font_container=&#8221;tag:h2|text_align:left|color:%230f773d&#8221; use_theme_fonts=&#8221;yes&#8221;][vc_column_text]Vuokratessasi <strong>MOTORHOME.ee<\/strong> matkailuautoja l\u00f6yd\u00e4t parhaan valinnan erilaisten matkailuautomallien, tyyppien ja hintaluokkien joukosta. Meid\u00e4n matkabussimme vuokrapuisto sis\u00e4lt\u00e4\u00e4 eritt\u00e4in laajan valikoiman erityyppisi\u00e4 retkeilyajoneuvoja (t\u00e4ysin integroituja, osittain integroituja, alkovi-tyyppisi\u00e4), joilla on eri vuoteiden m\u00e4\u00e4r\u00e4 ja ratkaisuja, varastointikapasiteetti, varustetaso ja erityyppisi\u00e4 vaihteisto (manuaalinen, automaattinen). K\u00e4tev\u00e4n <a href=\"https:\/\/motorhome.ee\/fi\/asuntoauton-vuokrauksesta\/\">hakukoneemme<\/a> avulla l\u00f6yd\u00e4t nopeasti tarpeitasi parhaiten vastaavan matkailuauton, joka on ihanteellinen matka osapuoltele. <strong>MOTORHOME.ee<\/strong> -sivustolta l\u00f6yd\u00e4t sopivimman retkebussi lomamatkallesi.[\/vc_column_text][\/vc_column][\/vc_row][vc_row content_placement=&#8221;middle&#8221;][vc_column width=&#8221;1\/2&#8243;][vc_custom_heading text=&#8221;VAIN UUDET MATKAILUAUTOT&#8221; font_container=&#8221;tag:h2|text_align:left|color:%230f773d&#8221; use_theme_fonts=&#8221;yes&#8221;][vc_column_text]<\/p>\n<p style=\"text-align: justify;\">Vuokraamme vain alle kahden vuoden ik\u00e4isi\u00e4 retkeilyautoja. T\u00e4m\u00e4 tarkoittaa, ett\u00e4 jos p\u00e4\u00e4t\u00e4t <strong>MOTORHOME.ee<\/strong> -auton vuokraamisesta, saat melkein aina eritt\u00e4in laadukkaan, uuden ja puhtaan matkailuauton, eik\u00e4 sinun tarvitse koskaan huolehtia ajoneuvon teknisist\u00e4 ongelmista. Uudet, erinomaisessa kunnossa ja hyvin varustetut matkailuauto takaavat sinulle mukavimman loman ja parhaan matkakokemuksen.<\/p>\n<p>[\/vc_column_text][\/vc_column][vc_column width=&#8221;1\/2&#8243;][vc_single_image image=&#8221;8300&#8243; img_size=&#8221;full&#8221; alignment=&#8221;center&#8221;][\/vc_column][\/vc_row][vc_row content_placement=&#8221;middle&#8221;][vc_column width=&#8221;1\/2&#8243;][vc_single_image image=&#8221;8303&#8243; img_size=&#8221;full&#8221; alignment=&#8221;center&#8221;][\/vc_column][vc_column width=&#8221;1\/2&#8243;][vc_custom_heading text=&#8221;100% POISTU TAKUU&#8221; font_container=&#8221;tag:h2|text_align:left|color:%230f773d&#8221; use_theme_fonts=&#8221;yes&#8221;][vc_column_text]<\/p>\n<p style=\"text-align: justify;\"><strong>MOTORHOME.ee matkailuautovuokraus takaa 100% l\u00e4ht\u00f6takuun.<\/strong> Laajan matkailuauto parkkipaikka ansiosta pystymme aina reagoimaan joustavasti teknisiin ongelmiin, jotka odottamatta aiheuttaa ajoneuvon edellinen k\u00e4ytt\u00e4j\u00e4, tai muuten varaamasi matkailuauto ei palaa ajoissa edellisest\u00e4 vuokrasta. T\u00e4llaisissa tapauksissa tarjoamme sinulle aina vastaavan matkailuautovaihtoehdon. Kun vuokraat matkailuautoa yksityishenkil\u00f6lt\u00e4 tai pienelt\u00e4 vuokrayritykselt\u00e4, et voi koskaan olla 100% varma, ett\u00e4 matkasi tapahtuu ajallaan.<\/p>\n<p>[\/vc_column_text][\/vc_column][\/vc_row][vc_row content_placement=&#8221;middle&#8221;][vc_column width=&#8221;1\/2&#8243;][vc_custom_heading text=&#8221;L\u00c4PIN\u00c4KYV\u00c4 HINTAPOITIIKKA&#8221; font_container=&#8221;tag:h2|text_align:left|color:%230f773d&#8221; use_theme_fonts=&#8221;yes&#8221;][vc_column_text]<\/p>\n<p style=\"text-align: justify;\"><strong>L\u00e4pin\u00e4kyv\u00e4 hintapolitiikka MOTORHOME.ee retkeilyautovuokraus<\/strong> &#8211; vuokrahintoihin sis\u00e4ltyy ulkopesu, kunnossapito, \u00f6ljyt, liikenne- ja runkovakuutukset (omavastuu 1000 euroa vakuutustapahtumaa kohti) ajoneuvon k\u00e4yt\u00f6n j\u00e4lkeen, sis\u00e4ltyy my\u00f6s yhden t\u00e4yden kaasupullon, wc-kemian, vesiletkun, s\u00e4hk\u00f6sovittimien, TV, radion jne k\u00e4ytt\u00f6.<\/p>\n<p>[\/vc_column_text][\/vc_column][vc_column width=&#8221;1\/2&#8243;][vc_single_image image=&#8221;7490&#8243; img_size=&#8221;full&#8221; alignment=&#8221;center&#8221;][\/vc_column][\/vc_row][vc_row content_placement=&#8221;middle&#8221;][vc_column width=&#8221;1\/2&#8243;][vc_single_image image=&#8221;8306&#8243; img_size=&#8221;full&#8221; alignment=&#8221;center&#8221;][\/vc_column][vc_column width=&#8221;1\/2&#8243;][vc_custom_heading text=&#8221;T\u00c4YSIN VARUSTETUT MATKAILUAUTOT&#8221; font_container=&#8221;tag:h2|text_align:left|color:%230f773d&#8221; use_theme_fonts=&#8221;yes&#8221;][vc_column_text]P\u00e4\u00e4s\u00e4\u00e4nt\u00f6isesti kaikki <strong>MOTORHOME.ee<\/strong>-matkailuautot ovat eritt\u00e4in hyvin varusteltuja. Jokaisessa matkailuautossamme on vakionopeuss\u00e4\u00e4din, s\u00e4hk\u00f6s\u00e4\u00e4t\u00f6iset ja l\u00e4mmitett\u00e4v\u00e4t peilit, ohjaamon ikkunat, ilmastointi tai ilmastointi ohjaamossa, kuljettajan ja matkustajan turvatyynyt, adapterit ja kaapelit matkailuauton kytkemiseksi verkkoon ja letku \/ suppilo vesis\u00e4ili\u00f6n t\u00e4ytt\u00e4mist\u00e4 varten. <strong>MOTORHOME.ee<\/strong> retkeilyautoja voidaan k\u00e4ytt\u00e4\u00e4 my\u00f6s talvisin kylm\u00e4ll\u00e4 s\u00e4\u00e4ll\u00e4 &#8211; t\u00e4m\u00e4n mahdollistaa riitt\u00e4v\u00e4n kapasiteetin kaasul\u00e4mmitin \/ l\u00e4mminvesikattila ja eristetty ja l\u00e4mmitetty vesij\u00e4rjestelm\u00e4. Lis\u00e4ksi kaikissa <strong>MOTORHOME.ee<\/strong> -autoissa on ajoneuvon sivulle kiinnitetty markiisi(aurinkovarjo), polkupy\u00f6r\u00e4teline, TV (DVD-soittimella,\u00a0USB, HDMI-liit\u00e4nn\u00e4t), CD \/ USB \/ MP3-radio, valmius asentaa kaksi kaasupullo, wc-kemia jne.[\/vc_column_text][\/vc_column][\/vc_row][vc_row content_placement=&#8221;middle&#8221;][vc_column width=&#8221;1\/2&#8243;][vc_custom_heading text=&#8221;MUKAVA KAIKKI HINTA PAKETI*&#8221; font_container=&#8221;tag:h2|text_align:left|color:%230f773d&#8221; use_theme_fonts=&#8221;yes&#8221;][vc_column_text]<strong>MOTORHOME.ee<\/strong> tarjoaa mahdollisuuden vuokrata matkailuauto ainutlaatuisella ja aikaa s\u00e4\u00e4st\u00e4v\u00e4ll\u00e4 <a href=\"https:\/\/motorhome.ee\/fi\/asuntoauton-vuokrauksesta\/all-inclusive-paketti\/\">&#8220;ALL INCLUSIVE&#8221; -paketilla<\/a>. Paketti sis\u00e4lt\u00e4\u00e4 kaiken, mit\u00e4 tarvitset mukavaan lomalle matkailuautossa, korkealaatuisista ja kest\u00e4vist\u00e4 ulkokalusteista, BBQ-sarjasta (kaasugrilli ja tarvikkeet) korkealaatuisiin vuodevaatteisiin, pyyhkeisiin, ruokailuv\u00e4lineisiin ja keitti\u00f6v\u00e4lineisiin. Sinun ei tarvitse my\u00f6sk\u00e4\u00e4n huolehtia GPS-navigointilaitteen ja DVD-levyjen tuomisesta mukaan. Kaikki n\u00e4m\u00e4 asiat ovat jo autossa loman alkamista varten, eik\u00e4 sinun tarvitse viett\u00e4\u00e4 ylim\u00e4\u00e4r\u00e4ist\u00e4 aikaa tuhlata aikaa pakkaamiseen ennen lomalle l\u00e4ht\u00f6\u00e4. Otat vain henkil\u00f6kohtaiset tavaroesi ja p\u00e4ivitt\u00e4istavarat ja loma voi alkaa heti.<\/p>\n<p><em>*Lis\u00e4maksusta. Katso my\u00f6s <a href=\"https:\/\/motorhome.ee\/fi\/asuntoauton-vuokrauksesta\/all-inclusive-paketti\/\" target=\"_blank\" rel=\"noopener noreferrer\">T\u00c4\u00c4LT\u00c4<\/a>.<\/em>[\/vc_column_text][\/vc_column][vc_column width=&#8221;1\/2&#8243;][vc_single_image image=&#8221;8347&#8243; img_size=&#8221;full&#8221; alignment=&#8221;center&#8221;][\/vc_column][\/vc_row]<\/p>\n<\/div>","protected":false},"excerpt":{"rendered":"<p>[vc_row][vc_column][vc_column_text]Vuokraamalla matkailuautoa MOTORHOME.ee-palvelusta, teet ainoan oikean valinnan. Tarjoamme vuokrattavana laajan valikoiman erityyppisi\u00e4 ja malleja matkailuautoja, ja mik\u00e4 t\u00e4rkeint\u00e4 &#8211; KAIKKI MEID\u00c4N MATKAILUAUTOT OVAT AINA UUSIA (autojen enimm\u00e4isik\u00e4 enint\u00e4\u00e4n 2 vuotta). T\u00e4ll\u00e4 tavalla sinulla ei ole mit\u00e4\u00e4n ongelmaa l\u00f6yt\u00e4\u00e4 tarpeitasi parhaiten sopiva malli tarjolla olevista matkailuautoista. Suuren vuokra-autokantamme ja oman palvelumme ansiosta voimme aina tarjota asiakkaalle 100% POISTUMISTAA, mik\u00e4 tarkoittaa, ett\u00e4 asiakkaan ei tarvitse huolehtia siit\u00e4, voiko h\u00e4n edelleen l\u00e4hte\u00e4 pitk\u00e4\u00e4n suunnitellulle lomalleen sovittuna p\u00e4iv\u00e4n\u00e4. MOTORHOME.ee eroaa monista muista vuokrausyrityksist\u00e4 my\u00f6s matkailuautoidemme eritt\u00e4in hyv\u00e4ll\u00e4 varustetasolla.[\/vc_column_text][\/vc_column][\/vc_row][vc_row content_placement=&#8221;middle&#8221;][vc_column width=&#8221;1\/2&#8243;][vc_single_image image=&#8221;8295&#8243; img_size=&#8221;full&#8221; alignment=&#8221;center&#8221;][\/vc_column][vc_column width=&#8221;1\/2&#8243;][vc_custom_heading text=&#8221;LAAJEMPI VALINTA&#8221; font_container=&#8221;tag:h2|text_align:left|color:%230f773d&#8221; use_theme_fonts=&#8221;yes&#8221;][vc_column_text]Vuokratessasi <strong>MOTORHOME.ee<\/strong> matkailuautoja l\u00f6yd\u00e4t parhaan valinnan erilaisten matkailuautomallien, tyyppien ja hintaluokkien joukosta. Meid\u00e4n matkabussimme vuokrapuisto sis\u00e4lt\u00e4\u00e4 eritt\u00e4in laajan valikoiman erityyppisi\u00e4 retkeilyajoneuvoja (t\u00e4ysin integroituja, osittain integroituja, alkovi-tyyppisi\u00e4), joilla on eri vuoteiden m\u00e4\u00e4r\u00e4 ja ratkaisuja, varastointikapasiteetti, varustetaso ja erityyppisi\u00e4 vaihteisto (manuaalinen, automaattinen). K\u00e4tev\u00e4n hakukoneemme avulla l\u00f6yd\u00e4t nopeasti tarpeitasi parhaiten vastaavan matkailuauton, joka on ihanteellinen matka osapuoltele. <strong>MOTORHOME.ee<\/strong> -sivustolta l\u00f6yd\u00e4t sopivimman retkebussi lomamatkallesi.[\/vc_column_text][\/vc_column][\/vc_row][vc_row content_placement=&#8221;middle&#8221;][vc_column width=&#8221;1\/2&#8243;][vc_custom_heading [&#8230;]<\/p>\n","protected":false},"author":1,"featured_media":0,"parent":10855,"menu_order":2,"comment_status":"closed","ping_status":"closed","template":"","meta":{"_acf_changed":false,"_exactmetrics_skip_tracking":false,"_exactmetrics_sitenote_active":false,"_exactmetrics_sitenote_note":"","_exactmetrics_sitenote_category":0,"footnotes":""},"class_list":["post-11088","page","type-page","status-publish","hentry"],"acf":[],"yoast_head":"<!-- This site is optimized with the Yoast SEO plugin v27.2 - https:\/\/yoast.com\/product\/yoast-seo-wordpress\/ -->\n<title>MIKSI VUOKRATA MOTORHOME.ee-st - MOTORHOME.ee<\/title>\n<meta name=\"robots\" content=\"index, follow, max-snippet:-1, max-image-preview:large, max-video-preview:-1\" \/>\n<link rel=\"canonical\" href=\"https:\/\/motorhome.ee\/fi\/asuntoauton-vuokrauksesta\/miksi-vuokrata-motorhome-ee-st\/\" \/>\n<meta property=\"og:locale\" content=\"fi_FI\" \/>\n<meta property=\"og:type\" content=\"article\" \/>\n<meta property=\"og:title\" content=\"MIKSI VUOKRATA MOTORHOME.ee-st - MOTORHOME.ee\" \/>\n<meta property=\"og:description\" content=\"[vc_row][vc_column][vc_column_text]Vuokraamalla matkailuautoa MOTORHOME.ee-palvelusta, teet ainoan oikean valinnan. Tarjoamme vuokrattavana laajan valikoiman erityyppisi\u00e4 ja malleja matkailuautoja, ja mik\u00e4 t\u00e4rkeint\u00e4 &#8211; KAIKKI MEID\u00c4N MATKAILUAUTOT OVAT AINA UUSIA (autojen enimm\u00e4isik\u00e4 enint\u00e4\u00e4n 2 vuotta). T\u00e4ll\u00e4 tavalla sinulla ei ole mit\u00e4\u00e4n ongelmaa l\u00f6yt\u00e4\u00e4 tarpeitasi parhaiten sopiva malli tarjolla olevista matkailuautoista. Suuren vuokra-autokantamme ja oman palvelumme ansiosta voimme aina tarjota asiakkaalle 100% POISTUMISTAA, mik\u00e4 tarkoittaa, ett\u00e4 asiakkaan ei tarvitse huolehtia siit\u00e4, voiko h\u00e4n edelleen l\u00e4hte\u00e4 pitk\u00e4\u00e4n suunnitellulle lomalleen sovittuna p\u00e4iv\u00e4n\u00e4. MOTORHOME.ee eroaa monista muista vuokrausyrityksist\u00e4 my\u00f6s matkailuautoidemme eritt\u00e4in hyv\u00e4ll\u00e4 varustetasolla.[\/vc_column_text][\/vc_column][\/vc_row][vc_row content_placement=&#8221;middle&#8221;][vc_column width=&#8221;1\/2&#8243;][vc_single_image image=&#8221;8295&#8243; img_size=&#8221;full&#8221; alignment=&#8221;center&#8221;][\/vc_column][vc_column width=&#8221;1\/2&#8243;][vc_custom_heading text=&#8221;LAAJEMPI VALINTA&#8221; font_container=&#8221;tag:h2|text_align:left|color:%230f773d&#8221; use_theme_fonts=&#8221;yes&#8221;][vc_column_text]Vuokratessasi MOTORHOME.ee matkailuautoja l\u00f6yd\u00e4t parhaan valinnan erilaisten matkailuautomallien, tyyppien ja hintaluokkien joukosta. Meid\u00e4n matkabussimme vuokrapuisto sis\u00e4lt\u00e4\u00e4 eritt\u00e4in laajan valikoiman erityyppisi\u00e4 retkeilyajoneuvoja (t\u00e4ysin integroituja, osittain integroituja, alkovi-tyyppisi\u00e4), joilla on eri vuoteiden m\u00e4\u00e4r\u00e4 ja ratkaisuja, varastointikapasiteetti, varustetaso ja erityyppisi\u00e4 vaihteisto (manuaalinen, automaattinen). K\u00e4tev\u00e4n hakukoneemme avulla l\u00f6yd\u00e4t nopeasti tarpeitasi parhaiten vastaavan matkailuauton, joka on ihanteellinen matka osapuoltele. MOTORHOME.ee -sivustolta l\u00f6yd\u00e4t sopivimman retkebussi lomamatkallesi.[\/vc_column_text][\/vc_column][\/vc_row][vc_row content_placement=&#8221;middle&#8221;][vc_column width=&#8221;1\/2&#8243;][vc_custom_heading [...]\" \/>\n<meta property=\"og:url\" content=\"https:\/\/motorhome.ee\/fi\/asuntoauton-vuokrauksesta\/miksi-vuokrata-motorhome-ee-st\/\" \/>\n<meta property=\"og:site_name\" content=\"MOTORHOME.ee\" \/>\n<meta property=\"article:publisher\" content=\"https:\/\/www.facebook.com\/MOTORHOME.ee\/\" \/>\n<meta property=\"article:modified_time\" content=\"2023-05-18T08:29:00+00:00\" \/>\n<meta property=\"og:image\" content=\"https:\/\/motorhome.ee\/wp-content\/uploads\/2021\/05\/frankia-_www89ee-1-_www89ee-_www89ee.jpg\" \/>\n\t<meta property=\"og:image:width\" content=\"1134\" \/>\n\t<meta property=\"og:image:height\" content=\"1701\" \/>\n\t<meta property=\"og:image:type\" content=\"image\/jpeg\" \/>\n<meta name=\"twitter:card\" content=\"summary_large_image\" \/>\n<meta name=\"twitter:label1\" content=\"Arvioitu lukuaika\" \/>\n\t<meta name=\"twitter:data1\" content=\"3 minuuttia\" \/>\n<script type=\"application\/ld+json\" class=\"yoast-schema-graph\">{\"@context\":\"https:\/\/schema.org\",\"@graph\":[{\"@type\":\"WebPage\",\"@id\":\"https:\/\/motorhome.ee\/fi\/asuntoauton-vuokrauksesta\/miksi-vuokrata-motorhome-ee-st\/\",\"url\":\"https:\/\/motorhome.ee\/fi\/asuntoauton-vuokrauksesta\/miksi-vuokrata-motorhome-ee-st\/\",\"name\":\"MIKSI VUOKRATA MOTORHOME.ee-st - MOTORHOME.ee\",\"isPartOf\":{\"@id\":\"https:\/\/motorhome.ee\/fi\/#website\"},\"datePublished\":\"2019-12-15T15:14:31+00:00\",\"dateModified\":\"2023-05-18T08:29:00+00:00\",\"breadcrumb\":{\"@id\":\"https:\/\/motorhome.ee\/fi\/asuntoauton-vuokrauksesta\/miksi-vuokrata-motorhome-ee-st\/#breadcrumb\"},\"inLanguage\":\"fi\",\"potentialAction\":[{\"@type\":\"ReadAction\",\"target\":[\"https:\/\/motorhome.ee\/fi\/asuntoauton-vuokrauksesta\/miksi-vuokrata-motorhome-ee-st\/\"]}]},{\"@type\":\"BreadcrumbList\",\"@id\":\"https:\/\/motorhome.ee\/fi\/asuntoauton-vuokrauksesta\/miksi-vuokrata-motorhome-ee-st\/#breadcrumb\",\"itemListElement\":[{\"@type\":\"ListItem\",\"position\":1,\"name\":\"Home\",\"item\":\"https:\/\/motorhome.ee\/fi\/\"},{\"@type\":\"ListItem\",\"position\":2,\"name\":\"ASUNTOAUTON VUOKRAUKSESTA\",\"item\":\"https:\/\/motorhome.ee\/fi\/asuntoauton-vuokrauksesta\/\"},{\"@type\":\"ListItem\",\"position\":3,\"name\":\"MIKSI VUOKRATA MOTORHOME.ee-st\"}]},{\"@type\":\"WebSite\",\"@id\":\"https:\/\/motorhome.ee\/fi\/#website\",\"url\":\"https:\/\/motorhome.ee\/fi\/\",\"name\":\"MOTORHOME.ee\",\"description\":\"\",\"publisher\":{\"@id\":\"https:\/\/motorhome.ee\/fi\/#organization\"},\"potentialAction\":[{\"@type\":\"SearchAction\",\"target\":{\"@type\":\"EntryPoint\",\"urlTemplate\":\"https:\/\/motorhome.ee\/fi\/?s={search_term_string}\"},\"query-input\":{\"@type\":\"PropertyValueSpecification\",\"valueRequired\":true,\"valueName\":\"search_term_string\"}}],\"inLanguage\":\"fi\"},{\"@type\":\"Organization\",\"@id\":\"https:\/\/motorhome.ee\/fi\/#organization\",\"name\":\"Motorhome.ee\",\"url\":\"https:\/\/motorhome.ee\/fi\/\",\"logo\":{\"@type\":\"ImageObject\",\"inLanguage\":\"fi\",\"@id\":\"https:\/\/motorhome.ee\/fi\/#\/schema\/logo\/image\/\",\"url\":\"https:\/\/motorhome.ee\/wp-content\/uploads\/2023\/03\/2021-07-23.jpg\",\"contentUrl\":\"https:\/\/motorhome.ee\/wp-content\/uploads\/2023\/03\/2021-07-23.jpg\",\"width\":540,\"height\":405,\"caption\":\"Motorhome.ee\"},\"image\":{\"@id\":\"https:\/\/motorhome.ee\/fi\/#\/schema\/logo\/image\/\"},\"sameAs\":[\"https:\/\/www.facebook.com\/MOTORHOME.ee\/\",\"https:\/\/www.instagram.com\/motorhome.ee\/\",\"https:\/\/www.youtube.com\/channel\/UCa08CRBOoU-bbN-g0fnNadw\"]}]}<\/script>\n<!-- \/ Yoast SEO plugin. -->","yoast_head_json":{"title":"MIKSI VUOKRATA MOTORHOME.ee-st - MOTORHOME.ee","robots":{"index":"index","follow":"follow","max-snippet":"max-snippet:-1","max-image-preview":"max-image-preview:large","max-video-preview":"max-video-preview:-1"},"canonical":"https:\/\/motorhome.ee\/fi\/asuntoauton-vuokrauksesta\/miksi-vuokrata-motorhome-ee-st\/","og_locale":"fi_FI","og_type":"article","og_title":"MIKSI VUOKRATA MOTORHOME.ee-st - MOTORHOME.ee","og_description":"[vc_row][vc_column][vc_column_text]Vuokraamalla matkailuautoa MOTORHOME.ee-palvelusta, teet ainoan oikean valinnan. Tarjoamme vuokrattavana laajan valikoiman erityyppisi\u00e4 ja malleja matkailuautoja, ja mik\u00e4 t\u00e4rkeint\u00e4 &#8211; KAIKKI MEID\u00c4N MATKAILUAUTOT OVAT AINA UUSIA (autojen enimm\u00e4isik\u00e4 enint\u00e4\u00e4n 2 vuotta). T\u00e4ll\u00e4 tavalla sinulla ei ole mit\u00e4\u00e4n ongelmaa l\u00f6yt\u00e4\u00e4 tarpeitasi parhaiten sopiva malli tarjolla olevista matkailuautoista. Suuren vuokra-autokantamme ja oman palvelumme ansiosta voimme aina tarjota asiakkaalle 100% POISTUMISTAA, mik\u00e4 tarkoittaa, ett\u00e4 asiakkaan ei tarvitse huolehtia siit\u00e4, voiko h\u00e4n edelleen l\u00e4hte\u00e4 pitk\u00e4\u00e4n suunnitellulle lomalleen sovittuna p\u00e4iv\u00e4n\u00e4. MOTORHOME.ee eroaa monista muista vuokrausyrityksist\u00e4 my\u00f6s matkailuautoidemme eritt\u00e4in hyv\u00e4ll\u00e4 varustetasolla.[\/vc_column_text][\/vc_column][\/vc_row][vc_row content_placement=&#8221;middle&#8221;][vc_column width=&#8221;1\/2&#8243;][vc_single_image image=&#8221;8295&#8243; img_size=&#8221;full&#8221; alignment=&#8221;center&#8221;][\/vc_column][vc_column width=&#8221;1\/2&#8243;][vc_custom_heading text=&#8221;LAAJEMPI VALINTA&#8221; font_container=&#8221;tag:h2|text_align:left|color:%230f773d&#8221; use_theme_fonts=&#8221;yes&#8221;][vc_column_text]Vuokratessasi MOTORHOME.ee matkailuautoja l\u00f6yd\u00e4t parhaan valinnan erilaisten matkailuautomallien, tyyppien ja hintaluokkien joukosta. Meid\u00e4n matkabussimme vuokrapuisto sis\u00e4lt\u00e4\u00e4 eritt\u00e4in laajan valikoiman erityyppisi\u00e4 retkeilyajoneuvoja (t\u00e4ysin integroituja, osittain integroituja, alkovi-tyyppisi\u00e4), joilla on eri vuoteiden m\u00e4\u00e4r\u00e4 ja ratkaisuja, varastointikapasiteetti, varustetaso ja erityyppisi\u00e4 vaihteisto (manuaalinen, automaattinen). K\u00e4tev\u00e4n hakukoneemme avulla l\u00f6yd\u00e4t nopeasti tarpeitasi parhaiten vastaavan matkailuauton, joka on ihanteellinen matka osapuoltele. MOTORHOME.ee -sivustolta l\u00f6yd\u00e4t sopivimman retkebussi lomamatkallesi.[\/vc_column_text][\/vc_column][\/vc_row][vc_row content_placement=&#8221;middle&#8221;][vc_column width=&#8221;1\/2&#8243;][vc_custom_heading [...]","og_url":"https:\/\/motorhome.ee\/fi\/asuntoauton-vuokrauksesta\/miksi-vuokrata-motorhome-ee-st\/","og_site_name":"MOTORHOME.ee","article_publisher":"https:\/\/www.facebook.com\/MOTORHOME.ee\/","article_modified_time":"2023-05-18T08:29:00+00:00","og_image":[{"width":1134,"height":1701,"url":"https:\/\/motorhome.ee\/wp-content\/uploads\/2021\/05\/frankia-_www89ee-1-_www89ee-_www89ee.jpg","type":"image\/jpeg"}],"twitter_card":"summary_large_image","twitter_misc":{"Arvioitu lukuaika":"3 minuuttia"},"schema":{"@context":"https:\/\/schema.org","@graph":[{"@type":"WebPage","@id":"https:\/\/motorhome.ee\/fi\/asuntoauton-vuokrauksesta\/miksi-vuokrata-motorhome-ee-st\/","url":"https:\/\/motorhome.ee\/fi\/asuntoauton-vuokrauksesta\/miksi-vuokrata-motorhome-ee-st\/","name":"MIKSI VUOKRATA MOTORHOME.ee-st - MOTORHOME.ee","isPartOf":{"@id":"https:\/\/motorhome.ee\/fi\/#website"},"datePublished":"2019-12-15T15:14:31+00:00","dateModified":"2023-05-18T08:29:00+00:00","breadcrumb":{"@id":"https:\/\/motorhome.ee\/fi\/asuntoauton-vuokrauksesta\/miksi-vuokrata-motorhome-ee-st\/#breadcrumb"},"inLanguage":"fi","potentialAction":[{"@type":"ReadAction","target":["https:\/\/motorhome.ee\/fi\/asuntoauton-vuokrauksesta\/miksi-vuokrata-motorhome-ee-st\/"]}]},{"@type":"BreadcrumbList","@id":"https:\/\/motorhome.ee\/fi\/asuntoauton-vuokrauksesta\/miksi-vuokrata-motorhome-ee-st\/#breadcrumb","itemListElement":[{"@type":"ListItem","position":1,"name":"Home","item":"https:\/\/motorhome.ee\/fi\/"},{"@type":"ListItem","position":2,"name":"ASUNTOAUTON VUOKRAUKSESTA","item":"https:\/\/motorhome.ee\/fi\/asuntoauton-vuokrauksesta\/"},{"@type":"ListItem","position":3,"name":"MIKSI VUOKRATA MOTORHOME.ee-st"}]},{"@type":"WebSite","@id":"https:\/\/motorhome.ee\/fi\/#website","url":"https:\/\/motorhome.ee\/fi\/","name":"MOTORHOME.ee","description":"","publisher":{"@id":"https:\/\/motorhome.ee\/fi\/#organization"},"potentialAction":[{"@type":"SearchAction","target":{"@type":"EntryPoint","urlTemplate":"https:\/\/motorhome.ee\/fi\/?s={search_term_string}"},"query-input":{"@type":"PropertyValueSpecification","valueRequired":true,"valueName":"search_term_string"}}],"inLanguage":"fi"},{"@type":"Organization","@id":"https:\/\/motorhome.ee\/fi\/#organization","name":"Motorhome.ee","url":"https:\/\/motorhome.ee\/fi\/","logo":{"@type":"ImageObject","inLanguage":"fi","@id":"https:\/\/motorhome.ee\/fi\/#\/schema\/logo\/image\/","url":"https:\/\/motorhome.ee\/wp-content\/uploads\/2023\/03\/2021-07-23.jpg","contentUrl":"https:\/\/motorhome.ee\/wp-content\/uploads\/2023\/03\/2021-07-23.jpg","width":540,"height":405,"caption":"Motorhome.ee"},"image":{"@id":"https:\/\/motorhome.ee\/fi\/#\/schema\/logo\/image\/"},"sameAs":["https:\/\/www.facebook.com\/MOTORHOME.ee\/","https:\/\/www.instagram.com\/motorhome.ee\/","https:\/\/www.youtube.com\/channel\/UCa08CRBOoU-bbN-g0fnNadw"]}]}},"_links":{"self":[{"href":"https:\/\/motorhome.ee\/fi\/wp-json\/wp\/v2\/pages\/11088","targetHints":{"allow":["GET"]}}],"collection":[{"href":"https:\/\/motorhome.ee\/fi\/wp-json\/wp\/v2\/pages"}],"about":[{"href":"https:\/\/motorhome.ee\/fi\/wp-json\/wp\/v2\/types\/page"}],"author":[{"embeddable":true,"href":"https:\/\/motorhome.ee\/fi\/wp-json\/wp\/v2\/users\/1"}],"replies":[{"embeddable":true,"href":"https:\/\/motorhome.ee\/fi\/wp-json\/wp\/v2\/comments?post=11088"}],"version-history":[{"count":3,"href":"https:\/\/motorhome.ee\/fi\/wp-json\/wp\/v2\/pages\/11088\/revisions"}],"predecessor-version":[{"id":27014,"href":"https:\/\/motorhome.ee\/fi\/wp-json\/wp\/v2\/pages\/11088\/revisions\/27014"}],"up":[{"embeddable":true,"href":"https:\/\/motorhome.ee\/fi\/wp-json\/wp\/v2\/pages\/10855"}],"wp:attachment":[{"href":"https:\/\/motorhome.ee\/fi\/wp-json\/wp\/v2\/media?parent=11088"}],"curies":[{"name":"wp","href":"https:\/\/api.w.org\/{rel}","templated":true}]}}