{"id":11109,"date":"2020-02-03T12:32:21","date_gmt":"2020-02-03T10:32:21","guid":{"rendered":"https:\/\/motorhome.ee\/finantseerimine\/"},"modified":"2026-01-14T12:55:18","modified_gmt":"2026-01-14T10:55:18","slug":"rahoitus","status":"publish","type":"page","link":"https:\/\/motorhome.ee\/fi\/rahoitus\/","title":{"rendered":"Rahoitus"},"content":{"rendered":"<div class=\"wpb-content-wrapper\"><p>[vc_row][vc_column][vc_column_text css=&#8221;&#8221;]Haluatko ostaa matkailuauton leasing-rahoituksella? Ei h\u00e4t\u00e4\u00e4, MOTORHOME.ee tarjoaa yhteisty\u00f6ss\u00e4 Viron johtavien pankkien ja leasing-yhti\u00f6iden kanssa mahdollisuuden ostaa uuden matkailuautosi leasing-rahoituksella. Autamme sinua t\u00e4ytt\u00e4m\u00e4\u00e4n tarvittavat hakemukset ja ker\u00e4\u00e4m\u00e4\u00e4n tarvittavat materiaalit rahoitusratkaisuasi varten.<\/p>\n<p>Hyvi\u00e4 yhteisty\u00f6kumppaneitamme ovat Coop Pank, Luminor Pank ja SEB Pank.<\/p>\n<p><a href=\"https:\/\/motorhome.ee\/fi\/yhteystiedot\/\">Ota yhteytt\u00e4,<\/a> niin l\u00f6yd\u00e4mme varmasti sinulle sopivan rahoitusratkaisun yhteisty\u00f6ss\u00e4 kumppaneidemme kanssa![\/vc_column_text][\/vc_column][\/vc_row][vc_row][vc_column width=&#8221;1\/3&#8243;][vc_single_image image=&#8221;9120&#8243; img_size=&#8221;250 x 70&#8243; alignment=&#8221;center&#8221; onclick=&#8221;custom_link&#8221; img_link_target=&#8221;_blank&#8221; link=&#8221;https:\/\/www.cooppank.ee\/autoliising?gclid=EAIaIQobChMIqJeInpy15wIVSM-yCh3dDwZpEAAYASABEgLU6PD_BwE&#8221;][\/vc_column][vc_column width=&#8221;1\/3&#8243;][vc_single_image image=&#8221;9125&#8243; img_size=&#8221;250 x 70&#8243; alignment=&#8221;center&#8221; onclick=&#8221;custom_link&#8221; img_link_target=&#8221;_blank&#8221; link=&#8221;https:\/\/www.luminor.ee\/ee\/era\/liising&#8221;][\/vc_column][vc_column width=&#8221;1\/3&#8243;][vc_single_image image=&#8221;9117&#8243; img_size=&#8221;250 x 70&#8243; onclick=&#8221;custom_link&#8221; img_link_target=&#8221;_blank&#8221; link=&#8221;https:\/\/www.seb.ee\/laen-ja-liising\/liising\/autoliising&#8221;][\/vc_column][\/vc_row]<\/p>\n<\/div>","protected":false},"excerpt":{"rendered":"<p>[vc_row][vc_column][vc_column_text css=&#8221;&#8221;]Haluatko ostaa matkailuauton leasing-rahoituksella? Ei h\u00e4t\u00e4\u00e4, MOTORHOME.ee tarjoaa yhteisty\u00f6ss\u00e4 Viron johtavien pankkien ja leasing-yhti\u00f6iden kanssa mahdollisuuden ostaa uuden matkailuautosi leasing-rahoituksella. Autamme sinua t\u00e4ytt\u00e4m\u00e4\u00e4n tarvittavat hakemukset ja ker\u00e4\u00e4m\u00e4\u00e4n tarvittavat materiaalit rahoitusratkaisuasi varten.<\/p>\n<p>Hyvi\u00e4 yhteisty\u00f6kumppaneitamme ovat Coop Pank, Luminor Pank ja SEB Pank.<\/p>\n<p>Ota yhteytt\u00e4, niin l\u00f6yd\u00e4mme varmasti sinulle sopivan rahoitusratkaisun yhteisty\u00f6ss\u00e4 kumppaneidemme kanssa![\/vc_column_text][\/vc_column][\/vc_row][vc_row][vc_column width=&#8221;1\/3&#8243;][vc_single_image image=&#8221;9120&#8243; img_size=&#8221;250 x 70&#8243; alignment=&#8221;center&#8221; onclick=&#8221;custom_link&#8221; img_link_target=&#8221;_blank&#8221; link=&#8221;https:\/\/www.cooppank.ee\/autoliising?gclid=EAIaIQobChMIqJeInpy15wIVSM-yCh3dDwZpEAAYASABEgLU6PD_BwE&#8221;][\/vc_column][vc_column width=&#8221;1\/3&#8243;][vc_single_image image=&#8221;9125&#8243; img_size=&#8221;250 x 70&#8243; alignment=&#8221;center&#8221; onclick=&#8221;custom_link&#8221; img_link_target=&#8221;_blank&#8221; link=&#8221;https:\/\/www.luminor.ee\/ee\/era\/liising&#8221;][\/vc_column][vc_column width=&#8221;1\/3&#8243;][vc_single_image image=&#8221;9117&#8243; img_size=&#8221;250 x 70&#8243; onclick=&#8221;custom_link&#8221; img_link_target=&#8221;_blank&#8221; link=&#8221;https:\/\/www.seb.ee\/laen-ja-liising\/liising\/autoliising&#8221;][\/vc_column][\/vc_row]<\/p>\n","protected":false},"author":1,"featured_media":0,"parent":0,"menu_order":0,"comment_status":"closed","ping_status":"closed","template":"","meta":{"_acf_changed":false,"_exactmetrics_skip_tracking":false,"_exactmetrics_sitenote_active":false,"_exactmetrics_sitenote_note":"","_exactmetrics_sitenote_category":0,"footnotes":""},"class_list":["post-11109","page","type-page","status-publish","hentry"],"acf":[],"yoast_head":"<!-- This site is optimized with the Yoast SEO plugin v27.2 - https:\/\/yoast.com\/product\/yoast-seo-wordpress\/ -->\n<title>Rahoitus - MOTORHOME.ee<\/title>\n<meta name=\"description\" content=\"MOTORHOME.EE TARJOAA APUA RAHOITUKSEEN. Hyvi\u00e4 yhteisty\u00f6kumppaneitamme ovat Coop Pank, Luminor Pank ja SEB Pank.\" \/>\n<meta name=\"robots\" content=\"index, follow, max-snippet:-1, max-image-preview:large, max-video-preview:-1\" \/>\n<link rel=\"canonical\" href=\"https:\/\/motorhome.ee\/fi\/rahoitus\/\" \/>\n<meta property=\"og:locale\" content=\"fi_FI\" \/>\n<meta property=\"og:type\" content=\"article\" \/>\n<meta property=\"og:title\" content=\"Rahoitus - MOTORHOME.ee\" \/>\n<meta property=\"og:description\" content=\"MOTORHOME.EE TARJOAA APUA RAHOITUKSEEN. Hyvi\u00e4 yhteisty\u00f6kumppaneitamme ovat Coop Pank, Luminor Pank ja SEB Pank.\" \/>\n<meta property=\"og:url\" content=\"https:\/\/motorhome.ee\/fi\/rahoitus\/\" \/>\n<meta property=\"og:site_name\" content=\"MOTORHOME.ee\" \/>\n<meta property=\"article:publisher\" content=\"https:\/\/www.facebook.com\/MOTORHOME.ee\/\" \/>\n<meta property=\"article:modified_time\" content=\"2026-01-14T10:55:18+00:00\" \/>\n<meta property=\"og:image\" content=\"https:\/\/motorhome.ee\/wp-content\/uploads\/2021\/05\/frankia-_www89ee-1-_www89ee-_www89ee.jpg\" \/>\n\t<meta property=\"og:image:width\" content=\"1134\" \/>\n\t<meta property=\"og:image:height\" content=\"1701\" \/>\n\t<meta property=\"og:image:type\" content=\"image\/jpeg\" \/>\n<meta name=\"twitter:card\" content=\"summary_large_image\" \/>\n<meta name=\"twitter:label1\" content=\"Arvioitu lukuaika\" \/>\n\t<meta name=\"twitter:data1\" content=\"2 minuuttia\" \/>\n<script type=\"application\/ld+json\" class=\"yoast-schema-graph\">{\"@context\":\"https:\/\/schema.org\",\"@graph\":[{\"@type\":\"WebPage\",\"@id\":\"https:\/\/motorhome.ee\/fi\/rahoitus\/\",\"url\":\"https:\/\/motorhome.ee\/fi\/rahoitus\/\",\"name\":\"Rahoitus - MOTORHOME.ee\",\"isPartOf\":{\"@id\":\"https:\/\/motorhome.ee\/fi\/#website\"},\"datePublished\":\"2020-02-03T10:32:21+00:00\",\"dateModified\":\"2026-01-14T10:55:18+00:00\",\"description\":\"MOTORHOME.EE TARJOAA APUA RAHOITUKSEEN. Hyvi\u00e4 yhteisty\u00f6kumppaneitamme ovat Coop Pank, Luminor Pank ja SEB Pank.\",\"breadcrumb\":{\"@id\":\"https:\/\/motorhome.ee\/fi\/rahoitus\/#breadcrumb\"},\"inLanguage\":\"fi\",\"potentialAction\":[{\"@type\":\"ReadAction\",\"target\":[\"https:\/\/motorhome.ee\/fi\/rahoitus\/\"]}]},{\"@type\":\"BreadcrumbList\",\"@id\":\"https:\/\/motorhome.ee\/fi\/rahoitus\/#breadcrumb\",\"itemListElement\":[{\"@type\":\"ListItem\",\"position\":1,\"name\":\"Home\",\"item\":\"https:\/\/motorhome.ee\/fi\/\"},{\"@type\":\"ListItem\",\"position\":2,\"name\":\"Rahoitus\"}]},{\"@type\":\"WebSite\",\"@id\":\"https:\/\/motorhome.ee\/fi\/#website\",\"url\":\"https:\/\/motorhome.ee\/fi\/\",\"name\":\"MOTORHOME.ee\",\"description\":\"\",\"publisher\":{\"@id\":\"https:\/\/motorhome.ee\/fi\/#organization\"},\"potentialAction\":[{\"@type\":\"SearchAction\",\"target\":{\"@type\":\"EntryPoint\",\"urlTemplate\":\"https:\/\/motorhome.ee\/fi\/?s={search_term_string}\"},\"query-input\":{\"@type\":\"PropertyValueSpecification\",\"valueRequired\":true,\"valueName\":\"search_term_string\"}}],\"inLanguage\":\"fi\"},{\"@type\":\"Organization\",\"@id\":\"https:\/\/motorhome.ee\/fi\/#organization\",\"name\":\"Motorhome.ee\",\"url\":\"https:\/\/motorhome.ee\/fi\/\",\"logo\":{\"@type\":\"ImageObject\",\"inLanguage\":\"fi\",\"@id\":\"https:\/\/motorhome.ee\/fi\/#\/schema\/logo\/image\/\",\"url\":\"https:\/\/motorhome.ee\/wp-content\/uploads\/2023\/03\/2021-07-23.jpg\",\"contentUrl\":\"https:\/\/motorhome.ee\/wp-content\/uploads\/2023\/03\/2021-07-23.jpg\",\"width\":540,\"height\":405,\"caption\":\"Motorhome.ee\"},\"image\":{\"@id\":\"https:\/\/motorhome.ee\/fi\/#\/schema\/logo\/image\/\"},\"sameAs\":[\"https:\/\/www.facebook.com\/MOTORHOME.ee\/\",\"https:\/\/www.instagram.com\/motorhome.ee\/\",\"https:\/\/www.youtube.com\/channel\/UCa08CRBOoU-bbN-g0fnNadw\"]}]}<\/script>\n<!-- \/ Yoast SEO plugin. -->","yoast_head_json":{"title":"Rahoitus - MOTORHOME.ee","description":"MOTORHOME.EE TARJOAA APUA RAHOITUKSEEN. Hyvi\u00e4 yhteisty\u00f6kumppaneitamme ovat Coop Pank, Luminor Pank ja SEB Pank.","robots":{"index":"index","follow":"follow","max-snippet":"max-snippet:-1","max-image-preview":"max-image-preview:large","max-video-preview":"max-video-preview:-1"},"canonical":"https:\/\/motorhome.ee\/fi\/rahoitus\/","og_locale":"fi_FI","og_type":"article","og_title":"Rahoitus - MOTORHOME.ee","og_description":"MOTORHOME.EE TARJOAA APUA RAHOITUKSEEN. Hyvi\u00e4 yhteisty\u00f6kumppaneitamme ovat Coop Pank, Luminor Pank ja SEB Pank.","og_url":"https:\/\/motorhome.ee\/fi\/rahoitus\/","og_site_name":"MOTORHOME.ee","article_publisher":"https:\/\/www.facebook.com\/MOTORHOME.ee\/","article_modified_time":"2026-01-14T10:55:18+00:00","og_image":[{"width":1134,"height":1701,"url":"https:\/\/motorhome.ee\/wp-content\/uploads\/2021\/05\/frankia-_www89ee-1-_www89ee-_www89ee.jpg","type":"image\/jpeg"}],"twitter_card":"summary_large_image","twitter_misc":{"Arvioitu lukuaika":"2 minuuttia"},"schema":{"@context":"https:\/\/schema.org","@graph":[{"@type":"WebPage","@id":"https:\/\/motorhome.ee\/fi\/rahoitus\/","url":"https:\/\/motorhome.ee\/fi\/rahoitus\/","name":"Rahoitus - MOTORHOME.ee","isPartOf":{"@id":"https:\/\/motorhome.ee\/fi\/#website"},"datePublished":"2020-02-03T10:32:21+00:00","dateModified":"2026-01-14T10:55:18+00:00","description":"MOTORHOME.EE TARJOAA APUA RAHOITUKSEEN. Hyvi\u00e4 yhteisty\u00f6kumppaneitamme ovat Coop Pank, Luminor Pank ja SEB Pank.","breadcrumb":{"@id":"https:\/\/motorhome.ee\/fi\/rahoitus\/#breadcrumb"},"inLanguage":"fi","potentialAction":[{"@type":"ReadAction","target":["https:\/\/motorhome.ee\/fi\/rahoitus\/"]}]},{"@type":"BreadcrumbList","@id":"https:\/\/motorhome.ee\/fi\/rahoitus\/#breadcrumb","itemListElement":[{"@type":"ListItem","position":1,"name":"Home","item":"https:\/\/motorhome.ee\/fi\/"},{"@type":"ListItem","position":2,"name":"Rahoitus"}]},{"@type":"WebSite","@id":"https:\/\/motorhome.ee\/fi\/#website","url":"https:\/\/motorhome.ee\/fi\/","name":"MOTORHOME.ee","description":"","publisher":{"@id":"https:\/\/motorhome.ee\/fi\/#organization"},"potentialAction":[{"@type":"SearchAction","target":{"@type":"EntryPoint","urlTemplate":"https:\/\/motorhome.ee\/fi\/?s={search_term_string}"},"query-input":{"@type":"PropertyValueSpecification","valueRequired":true,"valueName":"search_term_string"}}],"inLanguage":"fi"},{"@type":"Organization","@id":"https:\/\/motorhome.ee\/fi\/#organization","name":"Motorhome.ee","url":"https:\/\/motorhome.ee\/fi\/","logo":{"@type":"ImageObject","inLanguage":"fi","@id":"https:\/\/motorhome.ee\/fi\/#\/schema\/logo\/image\/","url":"https:\/\/motorhome.ee\/wp-content\/uploads\/2023\/03\/2021-07-23.jpg","contentUrl":"https:\/\/motorhome.ee\/wp-content\/uploads\/2023\/03\/2021-07-23.jpg","width":540,"height":405,"caption":"Motorhome.ee"},"image":{"@id":"https:\/\/motorhome.ee\/fi\/#\/schema\/logo\/image\/"},"sameAs":["https:\/\/www.facebook.com\/MOTORHOME.ee\/","https:\/\/www.instagram.com\/motorhome.ee\/","https:\/\/www.youtube.com\/channel\/UCa08CRBOoU-bbN-g0fnNadw"]}]}},"_links":{"self":[{"href":"https:\/\/motorhome.ee\/fi\/wp-json\/wp\/v2\/pages\/11109","targetHints":{"allow":["GET"]}}],"collection":[{"href":"https:\/\/motorhome.ee\/fi\/wp-json\/wp\/v2\/pages"}],"about":[{"href":"https:\/\/motorhome.ee\/fi\/wp-json\/wp\/v2\/types\/page"}],"author":[{"embeddable":true,"href":"https:\/\/motorhome.ee\/fi\/wp-json\/wp\/v2\/users\/1"}],"replies":[{"embeddable":true,"href":"https:\/\/motorhome.ee\/fi\/wp-json\/wp\/v2\/comments?post=11109"}],"version-history":[{"count":4,"href":"https:\/\/motorhome.ee\/fi\/wp-json\/wp\/v2\/pages\/11109\/revisions"}],"predecessor-version":[{"id":56684,"href":"https:\/\/motorhome.ee\/fi\/wp-json\/wp\/v2\/pages\/11109\/revisions\/56684"}],"wp:attachment":[{"href":"https:\/\/motorhome.ee\/fi\/wp-json\/wp\/v2\/media?parent=11109"}],"curies":[{"name":"wp","href":"https:\/\/api.w.org\/{rel}","templated":true}]}}