{"id":57065,"date":"2026-01-21T13:49:40","date_gmt":"2026-01-21T11:49:40","guid":{"rendered":"https:\/\/motorhome.ee\/?page_id=57065"},"modified":"2026-01-21T15:46:39","modified_gmt":"2026-01-21T13:46:39","slug":"finansesana","status":"publish","type":"page","link":"https:\/\/motorhome.ee\/lv\/finansesana\/","title":{"rendered":"FINANS\u0112\u0160ANA"},"content":{"rendered":"<div class=\"wpb-content-wrapper\"><p>[vc_row][vc_column][vc_column_text css=&#8221;&#8221;]Vai v\u0113laties ieg\u0101d\u0101ties kemperi, izmantojot l\u012bzinga finans\u0113jumu? Nav probl\u0113mu, MOTORHOME.ee sadarb\u012bb\u0101 ar vado\u0161aj\u0101m Igaunijas bank\u0101m un l\u012bzinga komp\u0101nij\u0101m pied\u0101v\u0101 iesp\u0113ju ieg\u0101d\u0101ties savu jauno kemperi, izmantojot l\u012bzinga finans\u0113jumu. M\u0113s pal\u012bdz\u0113sim jums aizpild\u012bt nepiecie\u0161amos pieteikumus un apkopot nepiecie\u0161amos materi\u0101lus, lai atrisin\u0101tu j\u016bsu finans\u0113\u0161anas probl\u0113mu.<\/p>\n<p>M\u016bsu ofici\u0101lie sadarb\u012bbas partneri ir Swedbank, Citadele Liising, Coop Pank, Luminor Pank un SEB Pank.<\/p>\n<p>Sazinieties ar mums, un m\u0113s sadarb\u012bb\u0101 ar m\u016bsu partneriem noteikti atrad\u012bsim jums piem\u0113rotu finans\u0113\u0161anas risin\u0101jumu![\/vc_column_text][\/vc_column][\/vc_row][vc_row][vc_column width=&#8221;1\/5&#8243;][vc_single_image image=&#8221;57067&#8243; img_size=&#8221;250 x 70&#8243; alignment=&#8221;center&#8221; onclick=&#8221;custom_link&#8221; img_link_target=&#8221;_blank&#8221; link=&#8221;https:\/\/www.cooppank.ee\/autoliising?gclid=EAIaIQobChMIqJeInpy15wIVSM-yCh3dDwZpEAAYASABEgLU6PD_BwE&#8221;][\/vc_column][vc_column width=&#8221;1\/5&#8243;][vc_single_image image=&#8221;57068&#8243; img_size=&#8221;250 x 70&#8243; alignment=&#8221;center&#8221; onclick=&#8221;custom_link&#8221; img_link_target=&#8221;_blank&#8221; link=&#8221;https:\/\/www.luminor.ee\/ee\/era\/liising&#8221;][\/vc_column][vc_column width=&#8221;1\/5&#8243;][vc_single_image image=&#8221;57066&#8243; img_size=&#8221;250 x 70&#8243; onclick=&#8221;custom_link&#8221; img_link_target=&#8221;_blank&#8221; link=&#8221;https:\/\/www.seb.ee\/laen-ja-liising\/liising\/autoliising&#8221;][\/vc_column][vc_column width=&#8221;1\/5&#8243;][vc_single_image image=&#8221;57072&#8243; img_size=&#8221;250 x 75&#8243; onclick=&#8221;custom_link&#8221; img_link_target=&#8221;_blank&#8221; link=&#8221;https:\/\/swedbank.ee\/private\/credit\/leasing\/carleasing?language=EST&#8221;][\/vc_column][vc_column width=&#8221;1\/5&#8243;][vc_single_image image=&#8221;57070&#8243; img_size=&#8221;250 x 75&#8243; onclick=&#8221;custom_link&#8221; img_link_target=&#8221;_blank&#8221; link=&#8221;https:\/\/www.citadele.ee\/et\/private\/leasing\/&#8221;][\/vc_column][\/vc_row]<\/p>\n<\/div>","protected":false},"excerpt":{"rendered":"<p>[vc_row][vc_column][vc_column_text css=&#8221;&#8221;]Vai v\u0113laties ieg\u0101d\u0101ties kemperi, izmantojot l\u012bzinga finans\u0113jumu? Nav probl\u0113mu, MOTORHOME.ee sadarb\u012bb\u0101 ar vado\u0161aj\u0101m Igaunijas bank\u0101m un l\u012bzinga komp\u0101nij\u0101m pied\u0101v\u0101 iesp\u0113ju ieg\u0101d\u0101ties savu jauno kemperi, izmantojot l\u012bzinga finans\u0113jumu. M\u0113s pal\u012bdz\u0113sim jums aizpild\u012bt nepiecie\u0161amos pieteikumus un apkopot nepiecie\u0161amos materi\u0101lus, lai atrisin\u0101tu j\u016bsu finans\u0113\u0161anas probl\u0113mu.<\/p>\n<p>M\u016bsu ofici\u0101lie sadarb\u012bbas partneri ir Swedbank, Citadele Liising, Coop Pank, Luminor Pank un SEB Pank.<\/p>\n<p>Sazinieties ar mums, un m\u0113s sadarb\u012bb\u0101 ar m\u016bsu partneriem noteikti atrad\u012bsim jums piem\u0113rotu finans\u0113\u0161anas risin\u0101jumu![\/vc_column_text][\/vc_column][\/vc_row][vc_row][vc_column width=&#8221;1\/5&#8243;][vc_single_image image=&#8221;57067&#8243; img_size=&#8221;250 x 70&#8243; alignment=&#8221;center&#8221; onclick=&#8221;custom_link&#8221; img_link_target=&#8221;_blank&#8221; link=&#8221;https:\/\/www.cooppank.ee\/autoliising?gclid=EAIaIQobChMIqJeInpy15wIVSM-yCh3dDwZpEAAYASABEgLU6PD_BwE&#8221;][\/vc_column][vc_column width=&#8221;1\/5&#8243;][vc_single_image image=&#8221;57068&#8243; img_size=&#8221;250 x 70&#8243; alignment=&#8221;center&#8221; onclick=&#8221;custom_link&#8221; img_link_target=&#8221;_blank&#8221; link=&#8221;https:\/\/www.luminor.ee\/ee\/era\/liising&#8221;][\/vc_column][vc_column width=&#8221;1\/5&#8243;][vc_single_image image=&#8221;57066&#8243; img_size=&#8221;250 x 70&#8243; onclick=&#8221;custom_link&#8221; img_link_target=&#8221;_blank&#8221; link=&#8221;https:\/\/www.seb.ee\/laen-ja-liising\/liising\/autoliising&#8221;][\/vc_column][vc_column width=&#8221;1\/5&#8243;][vc_single_image image=&#8221;57072&#8243; img_size=&#8221;250 x 75&#8243; onclick=&#8221;custom_link&#8221; img_link_target=&#8221;_blank&#8221; link=&#8221;https:\/\/swedbank.ee\/private\/credit\/leasing\/carleasing?language=EST&#8221;][\/vc_column][vc_column width=&#8221;1\/5&#8243;][vc_single_image image=&#8221;57070&#8243; img_size=&#8221;250 x 75&#8243; onclick=&#8221;custom_link&#8221; img_link_target=&#8221;_blank&#8221; link=&#8221;https:\/\/www.citadele.ee\/et\/private\/leasing\/&#8221;][\/vc_column][\/vc_row]<\/p>\n","protected":false},"author":1,"featured_media":0,"parent":0,"menu_order":0,"comment_status":"closed","ping_status":"closed","template":"","meta":{"_acf_changed":false,"_exactmetrics_skip_tracking":false,"_exactmetrics_sitenote_active":false,"_exactmetrics_sitenote_note":"","_exactmetrics_sitenote_category":0,"footnotes":""},"class_list":["post-57065","page","type-page","status-publish","hentry"],"acf":[],"yoast_head":"<!-- This site is optimized with the Yoast SEO plugin v27.2 - https:\/\/yoast.com\/product\/yoast-seo-wordpress\/ -->\n<title>FINANS\u0112\u0160ANA - MOTORHOME.ee<\/title>\n<meta name=\"description\" content=\"Kemperi FINANS\u0112\u0160ANA Vai v\u0113laties ieg\u0101d\u0101ties kemperi, izmantojot l\u012bzinga finans\u0113jumu? M\u016bsu ofici\u0101lie sadarb\u012bbas partneri ir Swedbank, Coop..\" \/>\n<meta name=\"robots\" content=\"index, follow, max-snippet:-1, max-image-preview:large, max-video-preview:-1\" \/>\n<link rel=\"canonical\" href=\"https:\/\/motorhome.ee\/lv\/finansesana\/\" \/>\n<meta property=\"og:locale\" content=\"lv_LV\" \/>\n<meta property=\"og:type\" content=\"article\" \/>\n<meta property=\"og:title\" content=\"FINANS\u0112\u0160ANA - MOTORHOME.ee\" \/>\n<meta property=\"og:description\" content=\"Kemperi FINANS\u0112\u0160ANA Vai v\u0113laties ieg\u0101d\u0101ties kemperi, izmantojot l\u012bzinga finans\u0113jumu? M\u016bsu ofici\u0101lie sadarb\u012bbas partneri ir Swedbank, Coop..\" \/>\n<meta property=\"og:url\" content=\"https:\/\/motorhome.ee\/lv\/finansesana\/\" \/>\n<meta property=\"og:site_name\" content=\"MOTORHOME.ee\" \/>\n<meta property=\"article:publisher\" content=\"https:\/\/www.facebook.com\/MOTORHOME.ee\/\" \/>\n<meta property=\"article:modified_time\" content=\"2026-01-21T13:46:39+00:00\" \/>\n<meta property=\"og:image\" content=\"https:\/\/motorhome.ee\/wp-content\/uploads\/2021\/05\/frankia-_www89ee-1-_www89ee-_www89ee.jpg\" \/>\n\t<meta property=\"og:image:width\" content=\"1134\" \/>\n\t<meta property=\"og:image:height\" content=\"1701\" \/>\n\t<meta property=\"og:image:type\" content=\"image\/jpeg\" \/>\n<meta name=\"twitter:card\" content=\"summary_large_image\" \/>\n<meta name=\"twitter:label1\" content=\"Est. reading time\" \/>\n\t<meta name=\"twitter:data1\" content=\"1 minute\" \/>\n<script type=\"application\/ld+json\" class=\"yoast-schema-graph\">{\"@context\":\"https:\/\/schema.org\",\"@graph\":[{\"@type\":\"WebPage\",\"@id\":\"https:\/\/motorhome.ee\/lv\/finansesana\/\",\"url\":\"https:\/\/motorhome.ee\/lv\/finansesana\/\",\"name\":\"FINANS\u0112\u0160ANA - MOTORHOME.ee\",\"isPartOf\":{\"@id\":\"https:\/\/motorhome.ee\/fi\/#website\"},\"datePublished\":\"2026-01-21T11:49:40+00:00\",\"dateModified\":\"2026-01-21T13:46:39+00:00\",\"description\":\"Kemperi FINANS\u0112\u0160ANA Vai v\u0113laties ieg\u0101d\u0101ties kemperi, izmantojot l\u012bzinga finans\u0113jumu? M\u016bsu ofici\u0101lie sadarb\u012bbas partneri ir Swedbank, Coop..\",\"breadcrumb\":{\"@id\":\"https:\/\/motorhome.ee\/lv\/finansesana\/#breadcrumb\"},\"inLanguage\":\"lv-LV\",\"potentialAction\":[{\"@type\":\"ReadAction\",\"target\":[\"https:\/\/motorhome.ee\/lv\/finansesana\/\"]}]},{\"@type\":\"BreadcrumbList\",\"@id\":\"https:\/\/motorhome.ee\/lv\/finansesana\/#breadcrumb\",\"itemListElement\":[{\"@type\":\"ListItem\",\"position\":1,\"name\":\"Home\",\"item\":\"https:\/\/motorhome.ee\/lv\/\"},{\"@type\":\"ListItem\",\"position\":2,\"name\":\"FINANS\u0112\u0160ANA\"}]},{\"@type\":\"WebSite\",\"@id\":\"https:\/\/motorhome.ee\/fi\/#website\",\"url\":\"https:\/\/motorhome.ee\/fi\/\",\"name\":\"MOTORHOME.ee\",\"description\":\"\",\"publisher\":{\"@id\":\"https:\/\/motorhome.ee\/fi\/#organization\"},\"potentialAction\":[{\"@type\":\"SearchAction\",\"target\":{\"@type\":\"EntryPoint\",\"urlTemplate\":\"https:\/\/motorhome.ee\/fi\/?s={search_term_string}\"},\"query-input\":{\"@type\":\"PropertyValueSpecification\",\"valueRequired\":true,\"valueName\":\"search_term_string\"}}],\"inLanguage\":\"lv-LV\"},{\"@type\":\"Organization\",\"@id\":\"https:\/\/motorhome.ee\/fi\/#organization\",\"name\":\"Motorhome.ee\",\"url\":\"https:\/\/motorhome.ee\/fi\/\",\"logo\":{\"@type\":\"ImageObject\",\"inLanguage\":\"lv-LV\",\"@id\":\"https:\/\/motorhome.ee\/fi\/#\/schema\/logo\/image\/\",\"url\":\"https:\/\/motorhome.ee\/wp-content\/uploads\/2023\/03\/2021-07-23.jpg\",\"contentUrl\":\"https:\/\/motorhome.ee\/wp-content\/uploads\/2023\/03\/2021-07-23.jpg\",\"width\":540,\"height\":405,\"caption\":\"Motorhome.ee\"},\"image\":{\"@id\":\"https:\/\/motorhome.ee\/fi\/#\/schema\/logo\/image\/\"},\"sameAs\":[\"https:\/\/www.facebook.com\/MOTORHOME.ee\/\",\"https:\/\/www.instagram.com\/motorhome.ee\/\",\"https:\/\/www.youtube.com\/channel\/UCa08CRBOoU-bbN-g0fnNadw\"]}]}<\/script>\n<!-- \/ Yoast SEO plugin. -->","yoast_head_json":{"title":"FINANS\u0112\u0160ANA - MOTORHOME.ee","description":"Kemperi FINANS\u0112\u0160ANA Vai v\u0113laties ieg\u0101d\u0101ties kemperi, izmantojot l\u012bzinga finans\u0113jumu? M\u016bsu ofici\u0101lie sadarb\u012bbas partneri ir Swedbank, Coop..","robots":{"index":"index","follow":"follow","max-snippet":"max-snippet:-1","max-image-preview":"max-image-preview:large","max-video-preview":"max-video-preview:-1"},"canonical":"https:\/\/motorhome.ee\/lv\/finansesana\/","og_locale":"lv_LV","og_type":"article","og_title":"FINANS\u0112\u0160ANA - MOTORHOME.ee","og_description":"Kemperi FINANS\u0112\u0160ANA Vai v\u0113laties ieg\u0101d\u0101ties kemperi, izmantojot l\u012bzinga finans\u0113jumu? M\u016bsu ofici\u0101lie sadarb\u012bbas partneri ir Swedbank, Coop..","og_url":"https:\/\/motorhome.ee\/lv\/finansesana\/","og_site_name":"MOTORHOME.ee","article_publisher":"https:\/\/www.facebook.com\/MOTORHOME.ee\/","article_modified_time":"2026-01-21T13:46:39+00:00","og_image":[{"width":1134,"height":1701,"url":"https:\/\/motorhome.ee\/wp-content\/uploads\/2021\/05\/frankia-_www89ee-1-_www89ee-_www89ee.jpg","type":"image\/jpeg"}],"twitter_card":"summary_large_image","twitter_misc":{"Est. reading time":"1 minute"},"schema":{"@context":"https:\/\/schema.org","@graph":[{"@type":"WebPage","@id":"https:\/\/motorhome.ee\/lv\/finansesana\/","url":"https:\/\/motorhome.ee\/lv\/finansesana\/","name":"FINANS\u0112\u0160ANA - MOTORHOME.ee","isPartOf":{"@id":"https:\/\/motorhome.ee\/fi\/#website"},"datePublished":"2026-01-21T11:49:40+00:00","dateModified":"2026-01-21T13:46:39+00:00","description":"Kemperi FINANS\u0112\u0160ANA Vai v\u0113laties ieg\u0101d\u0101ties kemperi, izmantojot l\u012bzinga finans\u0113jumu? M\u016bsu ofici\u0101lie sadarb\u012bbas partneri ir Swedbank, Coop..","breadcrumb":{"@id":"https:\/\/motorhome.ee\/lv\/finansesana\/#breadcrumb"},"inLanguage":"lv-LV","potentialAction":[{"@type":"ReadAction","target":["https:\/\/motorhome.ee\/lv\/finansesana\/"]}]},{"@type":"BreadcrumbList","@id":"https:\/\/motorhome.ee\/lv\/finansesana\/#breadcrumb","itemListElement":[{"@type":"ListItem","position":1,"name":"Home","item":"https:\/\/motorhome.ee\/lv\/"},{"@type":"ListItem","position":2,"name":"FINANS\u0112\u0160ANA"}]},{"@type":"WebSite","@id":"https:\/\/motorhome.ee\/fi\/#website","url":"https:\/\/motorhome.ee\/fi\/","name":"MOTORHOME.ee","description":"","publisher":{"@id":"https:\/\/motorhome.ee\/fi\/#organization"},"potentialAction":[{"@type":"SearchAction","target":{"@type":"EntryPoint","urlTemplate":"https:\/\/motorhome.ee\/fi\/?s={search_term_string}"},"query-input":{"@type":"PropertyValueSpecification","valueRequired":true,"valueName":"search_term_string"}}],"inLanguage":"lv-LV"},{"@type":"Organization","@id":"https:\/\/motorhome.ee\/fi\/#organization","name":"Motorhome.ee","url":"https:\/\/motorhome.ee\/fi\/","logo":{"@type":"ImageObject","inLanguage":"lv-LV","@id":"https:\/\/motorhome.ee\/fi\/#\/schema\/logo\/image\/","url":"https:\/\/motorhome.ee\/wp-content\/uploads\/2023\/03\/2021-07-23.jpg","contentUrl":"https:\/\/motorhome.ee\/wp-content\/uploads\/2023\/03\/2021-07-23.jpg","width":540,"height":405,"caption":"Motorhome.ee"},"image":{"@id":"https:\/\/motorhome.ee\/fi\/#\/schema\/logo\/image\/"},"sameAs":["https:\/\/www.facebook.com\/MOTORHOME.ee\/","https:\/\/www.instagram.com\/motorhome.ee\/","https:\/\/www.youtube.com\/channel\/UCa08CRBOoU-bbN-g0fnNadw"]}]}},"_links":{"self":[{"href":"https:\/\/motorhome.ee\/lv\/wp-json\/wp\/v2\/pages\/57065","targetHints":{"allow":["GET"]}}],"collection":[{"href":"https:\/\/motorhome.ee\/lv\/wp-json\/wp\/v2\/pages"}],"about":[{"href":"https:\/\/motorhome.ee\/lv\/wp-json\/wp\/v2\/types\/page"}],"author":[{"embeddable":true,"href":"https:\/\/motorhome.ee\/lv\/wp-json\/wp\/v2\/users\/1"}],"replies":[{"embeddable":true,"href":"https:\/\/motorhome.ee\/lv\/wp-json\/wp\/v2\/comments?post=57065"}],"version-history":[{"count":4,"href":"https:\/\/motorhome.ee\/lv\/wp-json\/wp\/v2\/pages\/57065\/revisions"}],"predecessor-version":[{"id":57739,"href":"https:\/\/motorhome.ee\/lv\/wp-json\/wp\/v2\/pages\/57065\/revisions\/57739"}],"wp:attachment":[{"href":"https:\/\/motorhome.ee\/lv\/wp-json\/wp\/v2\/media?parent=57065"}],"curies":[{"name":"wp","href":"https:\/\/api.w.org\/{rel}","templated":true}]}}