{"id":57786,"date":"2026-01-22T18:28:38","date_gmt":"2026-01-22T16:28:38","guid":{"rendered":"https:\/\/motorhome.ee\/?page_id=57786"},"modified":"2026-02-05T09:16:30","modified_gmt":"2026-02-05T07:16:30","slug":"kemperu-nomas-noteikumi","status":"publish","type":"page","link":"https:\/\/motorhome.ee\/lv\/kemperu_noma\/kemperu-nomas-noteikumi\/","title":{"rendered":"KEMPERU NOMAS NOTEIKUMI"},"content":{"rendered":"<div class=\"wpb-content-wrapper\"><p>[vc_row][vc_column][vc_column_text css=&#8221;&#8221;]<\/p>\n<h2><span style=\"font-size: 18pt;\"><strong>Visp\u0101r\u012bgie nosac\u012bjumi<\/strong><\/span><\/h2>\n<p>Lai nom\u0101tu kemperi, nomniekam j\u0101uzr\u0101da der\u012bga autovad\u012bt\u0101ja apliec\u012bba un personu apliecino\u0161s dokuments (ID karte vai pase). Lai nom\u0101tu kemperi, nomniekam j\u0101b\u016bt vismaz 21 gadu vecam un j\u0101b\u016bt vismaz 2 gadu B kategorijas brauk\u0161anas pieredzei. Piln\u012bb\u0101 integr\u0113tiem LUX klases mode\u013ciem nepiecie\u0161am\u0101 brauk\u0161anas pieredze ir vismaz 3 gadi. Ja v\u0113laties nom\u0101t transportl\u012bdzekli uz\u0146\u0113muma v\u0101rd\u0101, l\u012bgums j\u0101paraksta valdes loceklim vai personai, kas ir pilnvarota to dar\u012bt, iesniedzot nomas uz\u0146\u0113mumam atbilsto\u0161u un piem\u0113rotu pilnvaru kop\u0101 ar dokumentiem, kas apliecina pilnvaras der\u012bgumu (pilnvara, garantijas v\u0113stule, komercre\u0123istra B kartes kopija). \u0160aj\u0101 gad\u012bjum\u0101 papildus nomas l\u012bgumam j\u0101paraksta ar\u012b galvojuma l\u012bgums, ar kuru transportl\u012bdzek\u013ca lietot\u0101js garant\u0113 uz\u0146\u0113muma saist\u012bbas.<\/p>\n<p>Transportl\u012bdzeklis nomniekam tiks nodots ar uzpild\u012bt\u0101m tvertn\u0113m (d\u012bze\u013cdegviela, AdBlue), izt\u012br\u012btu un tehniski k\u0101rt\u012bb\u0101 eso\u0161u kemperi. Sa\u0146emot transportl\u012bdzekli, iesak\u0101m to r\u016bp\u012bgi p\u0101rbaud\u012bt un pierakst\u012bt visus boj\u0101jumus un tr\u016bkumus, kas atkl\u0101ti transportl\u012bdzek\u013ca sa\u0146em\u0161anas br\u012bd\u012b (tostarp skr\u0101p\u0113jumus, tr\u016bksto\u0161u vai salauztu apr\u012bkojumu utt.), pret\u0113j\u0101 gad\u012bjum\u0101 j\u016bs varat b\u016bt atbild\u012bgs par boj\u0101jumiem\/tr\u016bkumiem, kas transportl\u012bdzeklim jau bija pirms t\u0101 nodo\u0161anas jums lieto\u0161an\u0101. Iz\u012br\u0113t\u0101js nav tie\u0161i vai netie\u0161i atbild\u012bgs par zaud\u0113jumiem, kas Nomniekam var rasties kempera tehniskas darb\u012bbas trauc\u0113jumu d\u0113\u013c un ja ce\u013cojums tiek p\u0101rtraukts vai aizkav\u0113ts saist\u012bb\u0101 ar iepriek\u0161 min\u0113to.<\/p>\n<p>Kemperis tiek atgriezts Iz\u012br\u0113t\u0101jam ar pilnu degvielas tvertni, k\u0101 ar\u012b pilnu AdBlue degvielas piedevas tvertni. Ja kemperis tiek atgriezts ar nepilnu degvielas tvertni, nomas maksai tiks pievienota maksa par katru tr\u016bksto\u0161o degvielas litru saska\u0146\u0101 ar sp\u0113k\u0101 eso\u0161o Neste Oil AS cenr\u0101di, k\u0101 ar\u012b maksa par degvielas uzpild\u012b\u0161anu 42 EUR apm\u0113r\u0101 un par katru tr\u016bksto\u0161o degvielas piedevas (Ad Blue) litru 4 EUR apm\u0113r\u0101. Iz\u012br\u0113t\u0101jam ir ties\u012bbas ietur\u0113t \u0161\u012bs summas no dro\u0161\u012bbas naudas. Nomnieks atl\u012bdzin\u0101s visus zaud\u0113jumus, kas radu\u0161ies nepareizi uzpild\u012btas degvielas d\u0113\u013c.<\/p>\n<p>&nbsp;<\/p>\n<h2><span style=\"font-size: 18pt;\"><strong>Rezerv\u0101cija, iemaksa un apmaksa<\/strong><\/span><\/h2>\n<p>Kempera rezerv\u0101cijas maksa ir 30% no kop\u0113j\u0101s nomas perioda cenas, bet minim\u0101l\u0101 summa ir 300 EUR. Rezerv\u0101cija tiek apstiprin\u0101ta, kad rezerv\u0101cijas maksa ir sa\u0146emta AD Consult O\u00dc vai MOTORHOME.ee O\u00dc bankas kont\u0101, un t\u0101 j\u0101veic ne v\u0113l\u0101k k\u0101 3 dienu laik\u0101 p\u0113c rakstiska apstiprin\u0101juma vai atbilsto\u0161a r\u0113\u0137ina sa\u0146em\u0161anas no iznom\u0101t\u0101ja par rezerv\u0101cijas apstiprin\u0101jumu. Veicot rezerv\u0101ciju sezonas laik\u0101 (no 01.06. l\u012bdz 31.08.), ja rezerv\u0101cija tiek veikta maz\u0101k nek\u0101 30 dienas pirms nomas perioda s\u0101kuma, nomnieks maks\u0101 rezerv\u0101cijas maksu 50% apm\u0113r\u0101 no nomas cenas, veicot rezerv\u0101ciju.<\/p>\n<p>Izmai\u0146as nomniekam apstiprin\u0101taj\u0101s rezerv\u0101cij\u0101s var tikt veiktas no rezerv\u0101cijas veik\u0161anas datuma l\u012bdz vismaz 90 dien\u0101m pirms saska\u0146ot\u0101 nomas perioda s\u0101kuma un tikai tad, ja iznom\u0101t\u0101js var pied\u0101v\u0101t alternat\u012bvas iesp\u0113jas un alternat\u012bv\u0101 rezerv\u0101cija atbilst s\u0101kotn\u0113jai kop\u0113jai summai. Rezerv\u0101cijas maksa netiek atmaks\u0101ta, bet ir iek\u013cauta nomas maks\u0101. Ja klients atce\u013c rezerv\u0101ciju, klients ir atbild\u012bgs par rezerv\u0101cijas maksu, un rezerv\u0101cijas maksa netiek atmaks\u0101ta.<\/p>\n<p>Kempera nomnieks iemaks\u0101 dro\u0161\u012bbas naudu 1250 EUR apm\u0113r\u0101 (par <em>Family+<\/em>, <em>Comfort+<\/em>\u00a0klases transportl\u012bdzek\u013ciem), 1500 EUR (<em>Lux<\/em> klases transportl\u012bdzek\u013ciem), 2000 EUR apm\u0113r\u0101 (par <em>Frankia<\/em>), kas tiks atgriezta nomniekam p\u0113c l\u012bguma izbeig\u0161anas un ja netiks iesniegtas s\u016bdz\u012bbas.<\/p>\n<p>Atliku\u0161\u0101 nomas maksa un dro\u0161\u012bbas nauda tiek samaks\u0101ta pirms nomas perioda s\u0101kuma saska\u0146\u0101 ar nomas l\u012bgum\u0101 noteiktajiem termi\u0146iem. Gal\u012bgais nor\u0113\u0137ins notiek p\u0113c transportl\u012bdzek\u013ca atgrie\u0161anas iznom\u0101t\u0101jam. Nomas maksu var samaks\u0101t ar bankas p\u0101rskait\u012bjumu vai skaidr\u0101 naud\u0101.<\/p>\n<p>Nomas cen\u0101 ietilpst e\u013c\u013cas, apkopes, oblig\u0101t\u0101s transportl\u012bdzek\u013ca apdro\u0161in\u0101\u0161anas un piln\u0101s apdro\u0161in\u0101\u0161anas izmaksas. Nomas cen\u0101 nav iek\u013cautas automa\u0161\u012bnas degvielas izmaksas.<\/p>\n<p>&nbsp;<\/p>\n<h2><strong><span style=\"font-size: 18pt;\">Apdro\u0161in\u0101\u0161ana, atbild\u012bba pret tre\u0161aj\u0101m person\u0101m<\/span><\/strong><\/h2>\n<p>T\u016bristu autobusu nomas cen\u0101s ir iek\u013cauta KASKO apdro\u0161in\u0101\u0161ana (negad\u012bjumi, vand\u0101lisms) ar pa\u0161risku 1250 EUR apm\u0113r\u0101 nomniekam un z\u0101dz\u012bbas apdro\u0161in\u0101\u0161ana ar pa\u0161risku 15% apm\u0113r\u0101 no transportl\u012bdzek\u013ca v\u0113rt\u012bbas (transportl\u012bdzek\u013ca v\u0113rt\u012bba ir nor\u0101d\u012bta nomas l\u012bgum\u0101). Transportl\u012bdzek\u013cu riepas un diski nav apdro\u0161in\u0101ti, un nomnieks uz\u0146emas pilnu materi\u0101lo atbild\u012bbu gan par riep\u0101m, gan diskiem. T\u016bristu autobusa z\u0101dz\u012bbas vai nozaud\u0113\u0161anas gad\u012bjum\u0101 nomniekam ir pien\u0101kums uzr\u0101d\u012bt automa\u0161\u012bnas atsl\u0113gas un transportl\u012bdzek\u013ca re\u0123istr\u0101cijas apliec\u012bbu. Z\u0101dz\u012bba vai nozaud\u0113\u0161ana nomniekam j\u0101re\u0123istr\u0113 policijas iecirkn\u012b, kas atrodas tuv\u0101k z\u0101dz\u012bbas vai nozaud\u0113\u0161anas vietai. Ce\u013cu satiksmes negad\u012bjuma gad\u012bjum\u0101 nomniekam ir pien\u0101kums par to zi\u0146ot policijai un sa\u0146emt rakstisku negad\u012bjuma apliecin\u0101jumu kop\u0101 ar apst\u0101k\u013cu skaidrojumu apdro\u0161in\u0101\u0161anas vajadz\u012bb\u0101m. Nekav\u0113joties j\u0101sazin\u0101s ar\u012b ar nomas uz\u0146\u0113mumu (kontaktinform\u0101cija atrodama nomas l\u012bgum\u0101). Nomas zaud\u0113jumu seg\u0161anas proced\u016bra ir 50 EUR.<\/p>\n<p>Visas tre\u0161o personu pras\u012bbas, ko nomnieks un\/vai p\u0101rvietojam\u0101s m\u0101jas lietot\u0101ji izrais\u012bjis nomas period\u0101 (piem\u0113ram, ce\u013cu satiksmes noteikumu p\u0101rk\u0101pumi, st\u0101vvietu sodi, nokav\u0113juma maksas l\u0113mumi, automa\u0161\u012bnu p\u0101rvieto\u0161ana utt.), ir piln\u012bb\u0101 j\u0101kompens\u0113 nomniekam un\/vai automa\u0161\u012bnas lietot\u0101jiem, pat retrospekt\u012bvi. Ce\u013cu satiksmes sodu apstr\u0101des maksa ir 10 EUR.<\/p>\n<p>&nbsp;<\/p>\n<h2><strong><span style=\"font-size: 18pt;\">Transportl\u012bdzek\u013ca nodo\u0161ana un atgrie\u0161ana, nomas periods<\/span><\/strong><\/h2>\n<p>Nomas periods s\u0101kas saska\u0146ot\u0101s nomas pirmaj\u0101 dien\u0101, kemperis tiek nodots klientam laik\u0101 no plkst. 14:00 l\u012bdz 17:00 (ar klientu tiek saska\u0146ots individu\u0101ls nodo\u0161anas laiks) un beidzas nomas perioda p\u0113d\u0113j\u0101 dien\u0101 ne v\u0113l\u0101k k\u0101 plkst. 11:00, ja vien puses nav vienoju\u0161\u0101s cit\u0101di. Transportl\u012bdzeklis j\u0101atdod l\u012bgum\u0101 nor\u0101d\u012btaj\u0101 laik\u0101 un viet\u0101 un t\u0101d\u0101 pa\u0161\u0101 st\u0101vokl\u012b, k\u0101d\u0101 tas tika nodots Nomniekam. Nomas l\u012bgums tiek uzskat\u012bts par izbeigtu, kad Transportl\u012bdzeklis tiek atgriezts vai kad Nomnieks ir sa\u0146\u0113mis apstiprin\u0101jumu par Transportl\u012bdzek\u013ca atgrie\u0161anu l\u012bgum\u0101 iepriek\u0161 saska\u0146otaj\u0101 viet\u0101. P\u0113c Transportl\u012bdzek\u013ca nodo\u0161anas un atgrie\u0161anas Puses paraksta transportl\u012bdzek\u013ca nodo\u0161anas un atgrie\u0161anas aktu. P\u0113c Transportl\u012bdzek\u013ca atgrie\u0161anas Iznom\u0101t\u0101jam ir ties\u012bbas sapr\u0101t\u012bg\u0101 termi\u0146\u0101 iesniegt pretenziju Nomniekam, ja transportl\u012bdzeklim lieto\u0161anas laik\u0101 ir radu\u0161ies sl\u0113pti defekti, kurus nevar atkl\u0101t transportl\u012bdzek\u013ca s\u0101kotn\u0113j\u0101s vizu\u0101l\u0101s p\u0101rbaudes laik\u0101 p\u0113c atgrie\u0161anas.<\/p>\n<p>Ja Nomnieks kav\u0113 Transportl\u012bdzek\u013ca atdo\u0161anu Iz\u012br\u0113t\u0101jam bez atbilsto\u0161as \u200b\u200bvieno\u0161an\u0101s ar Iz\u012br\u0113t\u0101ju, tiks piem\u0113rots nokav\u0113juma sods atbilsto\u0161i nokav\u0113juma termi\u0146am: no 15 min\u016bt\u0113m l\u012bdz 1 stundai \u2013 45 EUR; no 1 l\u012bdz 2 stund\u0101m \u2013 100 EUR; virs 2 stund\u0101m \u2013 divk\u0101r\u0161a nomas dienas maksa par katru dienu, kas p\u0101rsniedz Nomas periodu.<\/p>\n<p>Nomniekam j\u0101atdod kemperis Iz\u012br\u0113t\u0101jam ar r\u016bp\u012bgi izt\u012br\u012btu salonu, iztuk\u0161otu notek\u016bde\u0146u tvertni un tualetes poda k\u0101rtrid\u017eu, l\u012bdz\u012bg\u0101 st\u0101vokl\u012b, k\u0101d\u0101 automa\u0161\u012bna atrad\u0101s nomas br\u012bd\u012b. Ja transportl\u012bdzeklis tiek atgriezts neizt\u012br\u012bts un tas nav iepriek\u0161 saska\u0146ots starp Nomnieku un Iz\u012br\u0113t\u0101ju, Iz\u012br\u0113t\u0101jam ir ties\u012bbas piepras\u012bt l\u012bgumsodu. Ja pas\u016bt\u012bjums tiek veikts iepriek\u0161, kempera salona t\u012br\u012b\u0161anas cena ir 100 EUR. Notek\u016bde\u0146u tvert\u0146u un tualetes poda k\u0101rtrid\u017ea iztuk\u0161o\u0161anas un t\u012br\u012b\u0161anas cena ir 40 EUR.<\/p>\n<p>M\u0101jdz\u012bvniekus automa\u0161\u012bn\u0101 nedr\u012bkst p\u0101rvad\u0101t bez iepriek\u0161\u0113jas vieno\u0161an\u0101s. Sm\u0113\u0137\u0113\u0161ana kemper\u012b ir stingri aizliegta. Pras\u012bbas p\u0101rk\u0101puma gad\u012bjum\u0101 Iz\u012br\u0113t\u0101jam ir ties\u012bbas piepras\u012bt l\u012bgumsodu 300 EUR apm\u0113r\u0101 (500 EUR piln\u012bb\u0101 integr\u0113tam A klases modelim). Iz\u012br\u0113t\u0101jam ir ties\u012bbas ietur\u0113t iepriek\u0161 min\u0113t\u0101s summas no dro\u0161\u012bbas naudas.<\/p>\n<p>Atgrie\u017eot kemperi, virsb\u016bves mazg\u0101\u0161ana ir iek\u013cauta transportl\u012bdzek\u013ca nomas cen\u0101, un Iz\u012br\u0113t\u0101js to veic par saviem l\u012bdzek\u013ciem.<\/p>\n<p>Atgrie\u017eot transportl\u012bdzekli, Iz\u012br\u0113t\u0101js un Nomnieks kop\u012bgi apskata transportl\u012bdzekli. Defektus, kas nebija nomas br\u012bd\u012b un kurus nevar uzskat\u012bt par norm\u0101lu nolietojumu, Nomnieks kompens\u0113 saska\u0146\u0101 ar auto tirdzniec\u012bbas vietas cenr\u0101di.<\/p>\n<p>Minim\u0101lais kempera nomas periods ir tr\u012bs dienas. Sezonas laik\u0101 (16.06.\u201320.08. un skolas br\u012bvlaik\u0101) minim\u0101lais nomas periods ir 7 dienas.<\/p>\n<p>Transportl\u012bdzek\u013ca nodo\u0161ana Nomniekam vai atgrie\u0161ana no Nomnieka puses \u0101rpus parast\u0101 darba laika, sv\u0113tdien\u0101s vai sv\u0113tku dien\u0101s ir iesp\u0113jama tikai p\u0113c iepriek\u0161\u0113jas vieno\u0161an\u0101s, un \u0161aj\u0101 gad\u012bjum\u0101 nomas maksai tiks pievienoti 50 EUR (samaksa skaidr\u0101 naud\u0101 uz vietas).<\/p>\n<p>&nbsp;<\/p>\n<h2><strong><span style=\"font-size: 18pt;\">Apr\u012bkojums<\/span><\/strong><\/h2>\n<p>Ziemas period\u0101 kemperi ir apr\u012bkoti ar ziemas riep\u0101m. Visi m\u016bsu kemperi ir apr\u012bkoti ar GPS ier\u012bc\u0113m, kas \u013cauj Iznom\u0101t\u0101jam uzraudz\u012bt transportl\u012bdzek\u013ca paredz\u0113to lieto\u0161anu. Saska\u0146\u0101 ar pu\u0161u vieno\u0161anos Iznom\u0101t\u0101js nodro\u0161ina Nomniekam papildu apr\u012bkojumu, kura prec\u012bzs saraksts ir fiks\u0113ts nomas l\u012bgum\u0101.<\/p>\n<h2><span style=\"font-size: 18pt;\"><strong>L\u012bguma sp\u0113k\u0101 esam\u012bba<\/strong><\/span><\/h2>\n<p>Katrs parakst\u012btais l\u012bgums ir saisto\u0161s \u2013 pat ja Nomnieks to nav izlas\u012bjis vai sapratis. Vienm\u0113r iesak\u0101m pirms l\u012bguma parakst\u012b\u0161anas r\u016bp\u012bgi izlas\u012bt noteikumus un nosac\u012bjumus un nepiecie\u0161am\u012bbas gad\u012bjum\u0101 tos preciz\u0113t. V\u0113l\u0101kas pras\u012bbas netiks apmierin\u0101tas vai tiks risin\u0101tas ties\u0101.<\/p>\n<p>&nbsp;<\/p>\n<h2><strong><span style=\"font-size: 18pt;\">Brauk\u0161ana \u0101rpus Igaunijas<\/span><\/strong><\/h2>\n<p>Klients nedr\u012bkst vad\u012bt nom\u0101to kemperi \u0101rpus Eiropas Savien\u012bbas (iz\u0146emot Norv\u0113\u0123iju, \u0160veici, Lihten\u0161teinu, Andoru). \u0160\u0101da v\u0113lme rakstiski j\u0101saska\u0146o ar nomas uz\u0146\u0113mumu vismaz 14 dienas pirms nomas perioda s\u0101kuma.<\/p>\n<p>S\u012bk\u0101ki nosac\u012bjumi ir sniegti nomas l\u012bgum\u0101, kas nosl\u0113gts starp Iz\u012br\u0113t\u0101ju un Nomnieku<span style=\"font-family: 'Open Sans', sans-serif; font-size: 14px;\">.<\/span>[\/vc_column_text][\/vc_column][\/vc_row][vc_row][vc_column][vc_column_text][\/vc_column_text][\/vc_column][\/vc_row]<\/p>\n<\/div>","protected":false},"excerpt":{"rendered":"<p>[vc_row][vc_column][vc_column_text css=&#8221;&#8221;]<\/p>\n<p> <strong>Visp\u0101r\u012bgie nosac\u012bjumi<\/strong> <\/p>\n<p>Lai nom\u0101tu kemperi, nomniekam j\u0101uzr\u0101da der\u012bga autovad\u012bt\u0101ja apliec\u012bba un personu apliecino\u0161s dokuments (ID karte vai pase). Lai nom\u0101tu kemperi, nomniekam j\u0101b\u016bt vismaz 21 gadu vecam un j\u0101b\u016bt vismaz 2 gadu B kategorijas brauk\u0161anas pieredzei. Piln\u012bb\u0101 integr\u0113tiem LUX klases mode\u013ciem nepiecie\u0161am\u0101 brauk\u0161anas pieredze ir vismaz 3 gadi. Ja v\u0113laties nom\u0101t transportl\u012bdzekli uz\u0146\u0113muma v\u0101rd\u0101, l\u012bgums j\u0101paraksta valdes loceklim vai personai, kas ir pilnvarota to dar\u012bt, iesniedzot nomas uz\u0146\u0113mumam atbilsto\u0161u un piem\u0113rotu pilnvaru kop\u0101 ar dokumentiem, kas apliecina pilnvaras der\u012bgumu (pilnvara, garantijas v\u0113stule, komercre\u0123istra B kartes kopija). \u0160aj\u0101 gad\u012bjum\u0101 papildus nomas l\u012bgumam j\u0101paraksta ar\u012b galvojuma l\u012bgums, ar kuru transportl\u012bdzek\u013ca lietot\u0101js garant\u0113 uz\u0146\u0113muma saist\u012bbas.<\/p>\n<p>Transportl\u012bdzeklis nomniekam tiks nodots ar uzpild\u012bt\u0101m tvertn\u0113m (d\u012bze\u013cdegviela, AdBlue), izt\u012br\u012btu un tehniski k\u0101rt\u012bb\u0101 eso\u0161u kemperi. Sa\u0146emot transportl\u012bdzekli, iesak\u0101m to r\u016bp\u012bgi p\u0101rbaud\u012bt un pierakst\u012bt visus boj\u0101jumus un tr\u016bkumus, kas atkl\u0101ti transportl\u012bdzek\u013ca sa\u0146em\u0161anas br\u012bd\u012b (tostarp skr\u0101p\u0113jumus, tr\u016bksto\u0161u vai salauztu apr\u012bkojumu utt.), pret\u0113j\u0101 gad\u012bjum\u0101 j\u016bs varat b\u016bt atbild\u012bgs par boj\u0101jumiem\/tr\u016bkumiem, kas transportl\u012bdzeklim jau bija [&#8230;]<\/p>\n","protected":false},"author":1,"featured_media":0,"parent":58093,"menu_order":7,"comment_status":"closed","ping_status":"closed","template":"","meta":{"_acf_changed":false,"_exactmetrics_skip_tracking":false,"_exactmetrics_sitenote_active":false,"_exactmetrics_sitenote_note":"","_exactmetrics_sitenote_category":0,"footnotes":""},"class_list":["post-57786","page","type-page","status-publish","hentry"],"acf":[],"yoast_head":"<!-- This site is optimized with the Yoast SEO plugin v27.2 - https:\/\/yoast.com\/product\/yoast-seo-wordpress\/ -->\n<title>KEMPERU NOMAS NOTEIKUMI - MOTORHOME.ee<\/title>\n<meta name=\"description\" content=\"Kempinga m\u0101ji\u0146as nomas noteikumi. Brauk\u0161ana \u0101rpus Igaunijas. Transportl\u012bdzek\u013ca nodo\u0161ana un atgrie\u0161ana, nomas periods. Kontakti\" \/>\n<meta name=\"robots\" content=\"index, follow, max-snippet:-1, max-image-preview:large, max-video-preview:-1\" \/>\n<link rel=\"canonical\" href=\"https:\/\/motorhome.ee\/lv\/kemperu_noma\/kemperu-nomas-noteikumi\/\" \/>\n<meta property=\"og:locale\" content=\"lv_LV\" \/>\n<meta property=\"og:type\" content=\"article\" \/>\n<meta property=\"og:title\" content=\"KEMPERU NOMAS NOTEIKUMI - MOTORHOME.ee\" \/>\n<meta property=\"og:description\" content=\"Kempinga m\u0101ji\u0146as nomas noteikumi. Brauk\u0161ana \u0101rpus Igaunijas. Transportl\u012bdzek\u013ca nodo\u0161ana un atgrie\u0161ana, nomas periods. Kontakti\" \/>\n<meta property=\"og:url\" content=\"https:\/\/motorhome.ee\/lv\/kemperu_noma\/kemperu-nomas-noteikumi\/\" \/>\n<meta property=\"og:site_name\" content=\"MOTORHOME.ee\" \/>\n<meta property=\"article:publisher\" content=\"https:\/\/www.facebook.com\/MOTORHOME.ee\/\" \/>\n<meta property=\"article:modified_time\" content=\"2026-02-05T07:16:30+00:00\" \/>\n<meta property=\"og:image\" content=\"https:\/\/motorhome.ee\/wp-content\/uploads\/2021\/05\/frankia-_www89ee-1-_www89ee-_www89ee.jpg\" \/>\n\t<meta property=\"og:image:width\" content=\"1134\" \/>\n\t<meta property=\"og:image:height\" content=\"1701\" \/>\n\t<meta property=\"og:image:type\" content=\"image\/jpeg\" \/>\n<meta name=\"twitter:card\" content=\"summary_large_image\" \/>\n<meta name=\"twitter:label1\" content=\"Est. reading time\" \/>\n\t<meta name=\"twitter:data1\" content=\"7 minutes\" \/>\n<script type=\"application\/ld+json\" class=\"yoast-schema-graph\">{\"@context\":\"https:\/\/schema.org\",\"@graph\":[{\"@type\":\"WebPage\",\"@id\":\"https:\/\/motorhome.ee\/lv\/kemperu_noma\/kemperu-nomas-noteikumi\/\",\"url\":\"https:\/\/motorhome.ee\/lv\/kemperu_noma\/kemperu-nomas-noteikumi\/\",\"name\":\"KEMPERU NOMAS NOTEIKUMI - MOTORHOME.ee\",\"isPartOf\":{\"@id\":\"https:\/\/motorhome.ee\/fi\/#website\"},\"datePublished\":\"2026-01-22T16:28:38+00:00\",\"dateModified\":\"2026-02-05T07:16:30+00:00\",\"description\":\"Kempinga m\u0101ji\u0146as nomas noteikumi. Brauk\u0161ana \u0101rpus Igaunijas. Transportl\u012bdzek\u013ca nodo\u0161ana un atgrie\u0161ana, nomas periods. Kontakti\",\"breadcrumb\":{\"@id\":\"https:\/\/motorhome.ee\/lv\/kemperu_noma\/kemperu-nomas-noteikumi\/#breadcrumb\"},\"inLanguage\":\"lv-LV\",\"potentialAction\":[{\"@type\":\"ReadAction\",\"target\":[\"https:\/\/motorhome.ee\/lv\/kemperu_noma\/kemperu-nomas-noteikumi\/\"]}]},{\"@type\":\"BreadcrumbList\",\"@id\":\"https:\/\/motorhome.ee\/lv\/kemperu_noma\/kemperu-nomas-noteikumi\/#breadcrumb\",\"itemListElement\":[{\"@type\":\"ListItem\",\"position\":1,\"name\":\"Home\",\"item\":\"https:\/\/motorhome.ee\/lv\/\"},{\"@type\":\"ListItem\",\"position\":2,\"name\":\"KEMPERU NOMA\",\"item\":\"https:\/\/motorhome.ee\/lv\/kemperu_noma\/\"},{\"@type\":\"ListItem\",\"position\":3,\"name\":\"KEMPERU NOMAS NOTEIKUMI\"}]},{\"@type\":\"WebSite\",\"@id\":\"https:\/\/motorhome.ee\/fi\/#website\",\"url\":\"https:\/\/motorhome.ee\/fi\/\",\"name\":\"MOTORHOME.ee\",\"description\":\"\",\"publisher\":{\"@id\":\"https:\/\/motorhome.ee\/fi\/#organization\"},\"potentialAction\":[{\"@type\":\"SearchAction\",\"target\":{\"@type\":\"EntryPoint\",\"urlTemplate\":\"https:\/\/motorhome.ee\/fi\/?s={search_term_string}\"},\"query-input\":{\"@type\":\"PropertyValueSpecification\",\"valueRequired\":true,\"valueName\":\"search_term_string\"}}],\"inLanguage\":\"lv-LV\"},{\"@type\":\"Organization\",\"@id\":\"https:\/\/motorhome.ee\/fi\/#organization\",\"name\":\"Motorhome.ee\",\"url\":\"https:\/\/motorhome.ee\/fi\/\",\"logo\":{\"@type\":\"ImageObject\",\"inLanguage\":\"lv-LV\",\"@id\":\"https:\/\/motorhome.ee\/fi\/#\/schema\/logo\/image\/\",\"url\":\"https:\/\/motorhome.ee\/wp-content\/uploads\/2023\/03\/2021-07-23.jpg\",\"contentUrl\":\"https:\/\/motorhome.ee\/wp-content\/uploads\/2023\/03\/2021-07-23.jpg\",\"width\":540,\"height\":405,\"caption\":\"Motorhome.ee\"},\"image\":{\"@id\":\"https:\/\/motorhome.ee\/fi\/#\/schema\/logo\/image\/\"},\"sameAs\":[\"https:\/\/www.facebook.com\/MOTORHOME.ee\/\",\"https:\/\/www.instagram.com\/motorhome.ee\/\",\"https:\/\/www.youtube.com\/channel\/UCa08CRBOoU-bbN-g0fnNadw\"]}]}<\/script>\n<!-- \/ Yoast SEO plugin. -->","yoast_head_json":{"title":"KEMPERU NOMAS NOTEIKUMI - MOTORHOME.ee","description":"Kempinga m\u0101ji\u0146as nomas noteikumi. Brauk\u0161ana \u0101rpus Igaunijas. Transportl\u012bdzek\u013ca nodo\u0161ana un atgrie\u0161ana, nomas periods. Kontakti","robots":{"index":"index","follow":"follow","max-snippet":"max-snippet:-1","max-image-preview":"max-image-preview:large","max-video-preview":"max-video-preview:-1"},"canonical":"https:\/\/motorhome.ee\/lv\/kemperu_noma\/kemperu-nomas-noteikumi\/","og_locale":"lv_LV","og_type":"article","og_title":"KEMPERU NOMAS NOTEIKUMI - MOTORHOME.ee","og_description":"Kempinga m\u0101ji\u0146as nomas noteikumi. Brauk\u0161ana \u0101rpus Igaunijas. Transportl\u012bdzek\u013ca nodo\u0161ana un atgrie\u0161ana, nomas periods. Kontakti","og_url":"https:\/\/motorhome.ee\/lv\/kemperu_noma\/kemperu-nomas-noteikumi\/","og_site_name":"MOTORHOME.ee","article_publisher":"https:\/\/www.facebook.com\/MOTORHOME.ee\/","article_modified_time":"2026-02-05T07:16:30+00:00","og_image":[{"width":1134,"height":1701,"url":"https:\/\/motorhome.ee\/wp-content\/uploads\/2021\/05\/frankia-_www89ee-1-_www89ee-_www89ee.jpg","type":"image\/jpeg"}],"twitter_card":"summary_large_image","twitter_misc":{"Est. reading time":"7 minutes"},"schema":{"@context":"https:\/\/schema.org","@graph":[{"@type":"WebPage","@id":"https:\/\/motorhome.ee\/lv\/kemperu_noma\/kemperu-nomas-noteikumi\/","url":"https:\/\/motorhome.ee\/lv\/kemperu_noma\/kemperu-nomas-noteikumi\/","name":"KEMPERU NOMAS NOTEIKUMI - MOTORHOME.ee","isPartOf":{"@id":"https:\/\/motorhome.ee\/fi\/#website"},"datePublished":"2026-01-22T16:28:38+00:00","dateModified":"2026-02-05T07:16:30+00:00","description":"Kempinga m\u0101ji\u0146as nomas noteikumi. Brauk\u0161ana \u0101rpus Igaunijas. Transportl\u012bdzek\u013ca nodo\u0161ana un atgrie\u0161ana, nomas periods. Kontakti","breadcrumb":{"@id":"https:\/\/motorhome.ee\/lv\/kemperu_noma\/kemperu-nomas-noteikumi\/#breadcrumb"},"inLanguage":"lv-LV","potentialAction":[{"@type":"ReadAction","target":["https:\/\/motorhome.ee\/lv\/kemperu_noma\/kemperu-nomas-noteikumi\/"]}]},{"@type":"BreadcrumbList","@id":"https:\/\/motorhome.ee\/lv\/kemperu_noma\/kemperu-nomas-noteikumi\/#breadcrumb","itemListElement":[{"@type":"ListItem","position":1,"name":"Home","item":"https:\/\/motorhome.ee\/lv\/"},{"@type":"ListItem","position":2,"name":"KEMPERU NOMA","item":"https:\/\/motorhome.ee\/lv\/kemperu_noma\/"},{"@type":"ListItem","position":3,"name":"KEMPERU NOMAS NOTEIKUMI"}]},{"@type":"WebSite","@id":"https:\/\/motorhome.ee\/fi\/#website","url":"https:\/\/motorhome.ee\/fi\/","name":"MOTORHOME.ee","description":"","publisher":{"@id":"https:\/\/motorhome.ee\/fi\/#organization"},"potentialAction":[{"@type":"SearchAction","target":{"@type":"EntryPoint","urlTemplate":"https:\/\/motorhome.ee\/fi\/?s={search_term_string}"},"query-input":{"@type":"PropertyValueSpecification","valueRequired":true,"valueName":"search_term_string"}}],"inLanguage":"lv-LV"},{"@type":"Organization","@id":"https:\/\/motorhome.ee\/fi\/#organization","name":"Motorhome.ee","url":"https:\/\/motorhome.ee\/fi\/","logo":{"@type":"ImageObject","inLanguage":"lv-LV","@id":"https:\/\/motorhome.ee\/fi\/#\/schema\/logo\/image\/","url":"https:\/\/motorhome.ee\/wp-content\/uploads\/2023\/03\/2021-07-23.jpg","contentUrl":"https:\/\/motorhome.ee\/wp-content\/uploads\/2023\/03\/2021-07-23.jpg","width":540,"height":405,"caption":"Motorhome.ee"},"image":{"@id":"https:\/\/motorhome.ee\/fi\/#\/schema\/logo\/image\/"},"sameAs":["https:\/\/www.facebook.com\/MOTORHOME.ee\/","https:\/\/www.instagram.com\/motorhome.ee\/","https:\/\/www.youtube.com\/channel\/UCa08CRBOoU-bbN-g0fnNadw"]}]}},"_links":{"self":[{"href":"https:\/\/motorhome.ee\/lv\/wp-json\/wp\/v2\/pages\/57786","targetHints":{"allow":["GET"]}}],"collection":[{"href":"https:\/\/motorhome.ee\/lv\/wp-json\/wp\/v2\/pages"}],"about":[{"href":"https:\/\/motorhome.ee\/lv\/wp-json\/wp\/v2\/types\/page"}],"author":[{"embeddable":true,"href":"https:\/\/motorhome.ee\/lv\/wp-json\/wp\/v2\/users\/1"}],"replies":[{"embeddable":true,"href":"https:\/\/motorhome.ee\/lv\/wp-json\/wp\/v2\/comments?post=57786"}],"version-history":[{"count":5,"href":"https:\/\/motorhome.ee\/lv\/wp-json\/wp\/v2\/pages\/57786\/revisions"}],"predecessor-version":[{"id":60066,"href":"https:\/\/motorhome.ee\/lv\/wp-json\/wp\/v2\/pages\/57786\/revisions\/60066"}],"up":[{"embeddable":true,"href":"https:\/\/motorhome.ee\/lv\/wp-json\/wp\/v2\/pages\/58093"}],"wp:attachment":[{"href":"https:\/\/motorhome.ee\/lv\/wp-json\/wp\/v2\/media?parent=57786"}],"curies":[{"name":"wp","href":"https:\/\/api.w.org\/{rel}","templated":true}]}}