{"id":57792,"date":"2026-01-22T18:34:12","date_gmt":"2026-01-22T16:34:12","guid":{"rendered":"https:\/\/motorhome.ee\/?page_id=57792"},"modified":"2026-01-22T18:34:13","modified_gmt":"2026-01-22T16:34:13","slug":"aprikojuma-pakete-viss-cena","status":"publish","type":"page","link":"https:\/\/motorhome.ee\/lv\/kemperu_noma\/aprikojuma-pakete-viss-cena\/","title":{"rendered":"Apr\u012bkojuma pakete &#8216;VISS CEN\u0100&#8217;"},"content":{"rendered":"<div class=\"wpb-content-wrapper\"><p>[vc_row][vc_column][vc_column_text css=&#8221;&#8221;]<strong>MOTORHOME.ee<\/strong> kemperus var nom\u0101t ar \u0113rtu apr\u012bkojuma paketi &#8216;<strong>VISS IEK\u013bAUTS&#8217;<\/strong>, kas noz\u012bm\u0113, ka, dodoties ce\u013cojum\u0101, jums nav j\u0101\u0146em l\u012bdzi nekas cits k\u0101 vien dr\u0113bes, person\u012bg\u0101s mantas un nepiecie\u0161amo p\u0101rtiku. Ar apr\u012bkojuma paketi &#8216;Viss iek\u013cauts&#8217; jums nav j\u0101t\u0113r\u0113 viena atva\u013cin\u0101juma diena, iesai\u0146ojot mantas, bet otra &#8211; atgrie\u017eoties no ce\u013cojuma. Viss nepiecie\u0161amais pat\u012bkamam atva\u013cin\u0101jumam ir gl\u012bti nodro\u0161in\u0101ts kemper\u012b.<\/p>\n<h5><span style=\"font-size: 14pt;\">VISS IEK\u013bAUTA PAKETE CENA: 15 EUR\/dien\u0101 (par automa\u0161\u012bnu), min. 100 EUR<\/span><\/h5>\n<p>[\/vc_column_text][vc_row_inner][vc_column_inner width=&#8221;1\/3&#8243;][vc_column_text css=&#8221;&#8221;]<\/p>\n<h4><span style=\"font-size: 18pt;\">Navig\u0101cijas ier\u012bce<\/span><\/h4>\n<p>Garmin Camper navig\u0101cijas ier\u012bce ar visas Eiropas kart\u0113m. Turkl\u0101t navig\u0101cijas ier\u012bc\u0113 ir iek\u013cauta visa inform\u0101cija par kempingiem un tel\u0161u viet\u0101m.[\/vc_column_text][vc_single_image image=&#8221;57853&#8243; img_size=&#8221;full&#8221; alignment=&#8221;center&#8221;][\/vc_column_inner][vc_column_inner width=&#8221;1\/3&#8243;][vc_column_text css=&#8221;&#8221;]<\/p>\n<h4><span style=\"font-size: 18pt;\">Dro\u0161\u012bbas pakete<\/span><\/h4>\n<p>Dro\u0161\u012bbas pakete un aptieka \u2014 papildus standarta automa\u0161\u012bnas dro\u0161\u012bbas paketei ir nepiecie\u0161am\u0101s pirm\u0101s pal\u012bdz\u012bbas aptieci\u0146as, av\u0101rijas tr\u012bsst\u016bris, automa\u0161\u012bnas aptieka utt<span style=\"font-family: 'Open Sans', sans-serif; font-size: 14px;\">.<\/span>[\/vc_column_text][vc_single_image image=&#8221;57854&#8243; img_size=&#8221;full&#8221; alignment=&#8221;center&#8221;][\/vc_column_inner][vc_column_inner width=&#8221;1\/3&#8243;][vc_column_text css=&#8221;&#8221;]<\/p>\n<h4><span style=\"font-size: 18pt;\">G\u0101zes balons<\/span><\/h4>\n<p>G\u0101zes balons (11 kg) kempera apg\u0101dei ar karstu \u016bdeni un apkuri. G\u0101zes balonu var \u0113rti izmantot ar\u012b g\u0101zes grila apsildei.<span style=\"font-family: 'Open Sans', sans-serif; font-size: 14px;\">.<\/span>[\/vc_column_text][vc_single_image image=&#8221;57856&#8243; img_size=&#8221;full&#8221;][\/vc_column_inner][\/vc_row_inner][vc_empty_space height=&#8221;15px&#8221;][vc_separator][vc_row_inner][vc_column_inner width=&#8221;1\/3&#8243;][vc_column_text css=&#8221;&#8221;]<\/p>\n<h4><span style=\"font-size: 18pt;\">Mark\u012bze kempera s\u0101nos<\/span><\/h4>\n<p>Augstas kvalit\u0101tes, manu\u0101li vad\u0101ma mark\u012bze, kas uzst\u0101d\u012bta transportl\u012bdzek\u013ca s\u0101nos, nodro\u0161ina pat\u012bkamu aizsardz\u012bbu no dedzino\u0161\u0101s saules. Atveriet mark\u012bzi un izveidojiet &#8220;dz\u012bvojamo istabu&#8221; dab\u0101<span style=\"font-family: 'Open Sans', sans-serif; font-size: 14px;\">!<\/span>[\/vc_column_text][vc_single_image image=&#8221;57855&#8243; img_size=&#8221;full&#8221; alignment=&#8221;center&#8221;][\/vc_column_inner][vc_column_inner width=&#8221;1\/3&#8243;][vc_column_text css=&#8221;&#8221;]<\/p>\n<h4><span style=\"font-size: 18pt;\">Velosip\u0113du stat\u012bvs<\/span><\/h4>\n<p>Velosip\u0113du stat\u012bvs l\u012bdz 3 velosip\u0113diem \u2014 j\u016bs varat \u0113rti \u0146emt velosip\u0113dus l\u012bdzi ce\u013cojum\u0101 un atkl\u0101t tuvum\u0101 eso\u0161\u0101s apskates vietas vai t\u0101 viet\u0101 baud\u012bt sportisku dz\u012bvesveidu skaist\u0101 dab\u0101<span style=\"font-family: 'Open Sans', sans-serif; font-size: 14px;\">.<\/span>[\/vc_column_text][vc_single_image image=&#8221;57857&#8243; img_size=&#8221;full&#8221;][\/vc_column_inner][vc_column_inner width=&#8221;1\/3&#8243;][vc_column_text css=&#8221;&#8221;]<\/p>\n<h4><span style=\"font-size: 18pt;\">Televizors ar DVD atska\u0146ot\u0101ju<\/span><\/h4>\n<p>Televizoram ir HDMI un USB piesl\u0113gvietas. Uzst\u0101d\u012bt\u0101 antena \u013cauj skat\u012bties bezmaksas kan\u0101lus vis\u0101 Eirop\u0101. Turkl\u0101t DVD filmu izlase &#8211; kolekcija gan pa\u0161iem maz\u0101kajiem, gan pieaugu\u0161ajiem.[\/vc_column_text][vc_single_image image=&#8221;57868&#8243; img_size=&#8221;full&#8221;][\/vc_column_inner][\/vc_row_inner][vc_empty_space height=&#8221;15px&#8221;][vc_separator][vc_row_inner][vc_column_inner width=&#8221;1\/3&#8243;][vc_column_text css=&#8221;&#8221;]<\/p>\n<h4><span style=\"font-size: 18pt;\">\u0100ra m\u0113beles<\/span><\/h4>\n<p>Saliekams galds un kr\u0113sli atbilsto\u0161i kempera s\u0113dvietu skaitam, lai nodro\u0161in\u0101tu \u0113rtu uztur\u0113\u0161anos visai ce\u013cot\u0101ju grupai. Papildus pakl\u0101js zem nojumes, ar kuru varat padar\u012bt savu uztur\u0113\u0161anos v\u0113l \u0113rt\u0101ku<span style=\"font-family: 'Open Sans', sans-serif; font-size: 14px;\">.<\/span>[\/vc_column_text][vc_single_image image=&#8221;57795&#8243; img_size=&#8221;full&#8221; css=&#8221;&#8221;][\/vc_column_inner][vc_column_inner width=&#8221;1\/3&#8243;][vc_column_text css=&#8221;&#8221;]<\/p>\n<h4><span style=\"font-size: 18pt;\">G\u0101zes grils ar grila piederumiem<\/span><\/h4>\n<p>Neuztraucieties par to, vai jums ir nepiecie\u0161amais apr\u012bkojums jaukai grila ball\u012btei! Kompakts un augstas kvalit\u0101tes g\u0101zes grils ar nepiecie\u0161amajiem piederumiem padara gril\u0113\u0161anu \u0113rtu.[\/vc_column_text][vc_single_image image=&#8221;57861&#8243; img_size=&#8221;full&#8221;][\/vc_column_inner][vc_column_inner width=&#8221;1\/3&#8243;][vc_column_text css=&#8221;&#8221;]<\/p>\n<h4><span style=\"font-size: 18pt;\">Virtuves piederumu komplekts<\/span><\/h4>\n<p>Katli, pannas, b\u013codas, t\u0113jkanna, na\u017ei, attais\u0101mie, grie\u0161anas d\u0113lis utt. Viss nepiecie\u0161amais pat vissare\u017e\u0123\u012bt\u0101k\u0101 \u0113diena pagatavo\u0161anai ir kemper\u012b \u2014 gatavojiet bez raiz\u0113m![\/vc_column_text][vc_single_image image=&#8221;57862&#8243; img_size=&#8221;full&#8221;][\/vc_column_inner][\/vc_row_inner][vc_empty_space height=&#8221;15px&#8221;][vc_separator][vc_row_inner][vc_column_inner width=&#8221;1\/3&#8243;][vc_column_text css=&#8221;&#8221;]<\/p>\n<h4><span style=\"font-size: 18pt;\">Galda piederumu komplekts<\/span><\/h4>\n<p>\u0160\u0137\u012bvji, b\u013codas, kr\u016bzes, gl\u0101zes, na\u017ei, dak\u0161i\u0146as un karotes visiem kempera pasa\u017eieriem.[\/vc_column_text][vc_single_image image=&#8221;57863&#8243; img_size=&#8221;full&#8221;][\/vc_column_inner][vc_column_inner width=&#8221;1\/3&#8243;][vc_column_text css=&#8221;&#8221;]<\/p>\n<h4><span style=\"font-size: 18pt;\">Gar\u0161vielu komplekts<\/span><\/h4>\n<p>S\u0101ls, pipari un cukurs jau ir kemper\u012b. Nav nepiecie\u0161ams visu atcer\u0113ties![\/vc_column_text][vc_single_image image=&#8221;57864&#8243; img_size=&#8221;full&#8221;][\/vc_column_inner][vc_column_inner width=&#8221;1\/3&#8243;][vc_column_text css=&#8221;&#8221;]<\/p>\n<h4><span style=\"font-size: 18pt;\">Gultasve\u013cas komplekti<\/span><\/h4>\n<p>Viss nepiecie\u0161amais (spilveni, segas, gultas ve\u013ca) labai naktsmieram gaida j\u016bs kemper\u012b<span style=\"font-family: 'Open Sans', sans-serif; font-size: 14px;\">.<\/span>[\/vc_column_text][vc_single_image image=&#8221;57865&#8243; img_size=&#8221;full&#8221;][\/vc_column_inner][\/vc_row_inner][vc_empty_space height=&#8221;15px&#8221;][vc_separator][vc_row_inner][vc_column_inner width=&#8221;1\/3&#8243;][vc_column_text css=&#8221;&#8221;]<\/p>\n<h4><span style=\"font-size: 18pt;\">Dvie\u013ci<\/span><\/h4>\n<p>Lieli un mazi dvie\u013ci atkar\u012bb\u0101 no vietu skaita kemper\u012b, k\u0101ju dvielis du\u0161as telpai un, protams, virtuves dvie\u013ci.[\/vc_column_text][vc_single_image image=&#8221;57866&#8243; img_size=&#8221;full&#8221;][\/vc_column_inner][vc_column_inner width=&#8221;1\/3&#8243;][vc_column_text css=&#8221;&#8221;]<\/p>\n<h4><span style=\"font-size: 18pt;\">Tualetes piederumi<\/span><\/h4>\n<p>Neuztraucieties par to, vai esat pa\u0146\u0113mis l\u012bdzi tualetes pap\u012bru, ziepes, \u0161amp\u016bnu un du\u0161as \u017eeleju! Pamatvajadz\u012bb\u0101m j\u016bsu kemper\u012b j\u0101b\u016bt visam nepiecie\u0161amajam.[\/vc_column_text][vc_single_image image=&#8221;57867&#8243; img_size=&#8221;full&#8221;][\/vc_column_inner][vc_column_inner width=&#8221;1\/3&#8243;][vc_column_text css=&#8221;&#8221;]<\/p>\n<h4><span style=\"font-size: 18pt;\">M\u0101jsaimniec\u012bbas preces<\/span><\/h4>\n<p>Trauku mazg\u0101\u0161anas l\u012bdzeklis, t\u012br\u012b\u0161anas l\u012bdzek\u013ci, lupatas, spainis, pagarin\u0101t\u0101js, \u016bdens \u0161\u013c\u016btene un viss p\u0101r\u0113jais, kas jums var\u0113tu b\u016bt nepiecie\u0161ams ce\u013cojuma laik\u0101.[\/vc_column_text][vc_single_image image=&#8221;57869&#8243; img_size=&#8221;full&#8221;][\/vc_column_inner][\/vc_row_inner][vc_empty_space height=&#8221;15px&#8221;][vc_separator][vc_row_inner][vc_column_inner][vc_column_text]<\/p>\n<h4>PAPILDUS APR\u012aKOJUMS UN PAKALPOJUMI P\u0112C PAS\u016aT\u012aJUMA<\/h4>\n<p>[\/vc_column_text][\/vc_column_inner][\/vc_row_inner][vc_separator][vc_row_inner][vc_column_inner width=&#8221;1\/3&#8243;][vc_column_text css=&#8221;&#8221;]<\/p>\n<h4><span style=\"font-size: 18pt;\">ELEKTRISK\u0100 SKUTERIS<\/span><\/h4>\n<p>Atvieglojiet savu ie\u0161anu un nom\u0101jiet elektriskos skrejrite\u0146us kop\u0101 ar savu kemperi!<\/p>\n<h5><span style=\"color: #000000;\">CENA: no 10 EUR\/dien\u0101<\/span><\/h5>\n<p>[\/vc_column_text][vc_single_image image=&#8221;57875&#8243; img_size=&#8221;200&#215;200&#8243; alignment=&#8221;center&#8221;][\/vc_column_inner][vc_column_inner width=&#8221;1\/3&#8243;][vc_column_text css_animation=&#8221;slideInDown&#8221;]<\/p>\n<h4>VELOSIP\u0112DI<\/h4>\n<p>Nom\u0101jiet velosip\u0113dus kop\u0101 ar savu kemperi un izbaudiet dabu!<\/p>\n<h5>CENA: no 7 EUR\/dien\u0101<\/h5>\n<p>[\/vc_column_text][vc_single_image image=&#8221;57876&#8243; img_size=&#8221;200&#215;200&#8243; alignment=&#8221;center&#8221;][\/vc_column_inner][vc_column_inner width=&#8221;1\/3&#8243;][vc_column_text]<\/p>\n<h4>PET<\/h4>\n<p>Nev\u0113laties atst\u0101t savu m\u0101jdz\u012bvnieku m\u0101j\u0101s atva\u013cin\u0101juma laik\u0101? Protams \u2013 \u0146emiet to l\u012bdzi, kop\u0101 ir v\u0113l jautr\u0101k! NB! At\u013cauts tikai noteikt\u0101s automa\u0161\u012bn\u0101s!<\/p>\n<h5>CENA: 7 EUR \/ dien\u0101 (min. 70 EUR)<\/h5>\n<p>[\/vc_column_text][vc_single_image image=&#8221;57884&#8243; img_size=&#8221;200&#215;200&#8243; alignment=&#8221;center&#8221;][\/vc_column_inner][\/vc_row_inner][vc_row_inner][vc_column_inner width=&#8221;1\/3&#8243;][vc_column_text]<\/p>\n<h4>ELEKTRISK\u0100 \u0122ENERATORA<\/h4>\n<p>J\u016bs pl\u0101nojat pavad\u012bt ilgu laiku dab\u0101 sav\u0101 kemper\u012b un nev\u0113laties b\u016bt atkar\u012bgs no \u0101r\u0113ja baro\u0161anas avota! Nom\u0101jiet \u0113rtu \u0123eneratoru, un jums b\u016bs 230 V str\u0101va visur.<\/p>\n<h5>CENA: 25 EUR\/dien\u0101<\/h5>\n<p>[\/vc_column_text][vc_single_image image=&#8221;57873&#8243; img_size=&#8221;200&#215;200&#8243; alignment=&#8221;center&#8221;][\/vc_column_inner][vc_column_inner width=&#8221;1\/3&#8243;][vc_column_text css_animation=&#8221;slideInDown&#8221;]<\/p>\n<h4>NOSL\u0112GUMA T\u012aR\u012a\u0160ANA<\/h4>\n<p>Kemperis parasti tiek atdots r\u016bp\u012bgi izt\u012br\u012bts p\u0113c nomas perioda beig\u0101m. Nav laika vai iesp\u0113jas to izdar\u012bt? Pas\u016btiet nosl\u0113guma t\u012br\u012b\u0161anu pie mums un net\u0113r\u0113jiet p\u0113d\u0113j\u0101s atva\u013cin\u0101juma stundas t\u012br\u012b\u0161anai!<\/p>\n<h5>CENA: 100 EUR<\/h5>\n<p>[\/vc_column_text][vc_single_image image=&#8221;57869&#8243; img_size=&#8221;200&#215;200&#8243; alignment=&#8221;center&#8221;][\/vc_column_inner][vc_column_inner width=&#8221;1\/3&#8243;][vc_column_text css=&#8221;&#8221;]<\/p>\n<h4>TUALETES KASETES UN PEL\u0112K\u0100 \u016aDENS TVERTNES IZTURKO\u0160ANA<\/h4>\n<p>Ja v\u0113laties, m\u0113s varam iztuk\u0161ot un izt\u012br\u012bt tualetes kaseti un iztuk\u0161ot pel\u0113k\u0101 \u016bdens tvertni kop\u0101 ar nosl\u0113guma t\u012br\u012b\u0161anu.<\/p>\n<h5>CENA: 40 EUR<\/h5>\n<p>[\/vc_column_text][vc_single_image image=&#8221;57874&#8243; img_size=&#8221;200&#215;200&#8243; alignment=&#8221;center&#8221;][\/vc_column_inner][\/vc_row_inner][\/vc_column][\/vc_row]<\/p>\n<\/div>","protected":false},"excerpt":{"rendered":"<p>[vc_row][vc_column][vc_column_text css=&#8221;&#8221;]<strong>MOTORHOME.ee<\/strong> kemperus var nom\u0101t ar \u0113rtu apr\u012bkojuma paketi &#8216;<strong>VISS IEK\u013bAUTS&#8217;<\/strong>, kas noz\u012bm\u0113, ka, dodoties ce\u013cojum\u0101, jums nav j\u0101\u0146em l\u012bdzi nekas cits k\u0101 vien dr\u0113bes, person\u012bg\u0101s mantas un nepiecie\u0161amo p\u0101rtiku. Ar apr\u012bkojuma paketi &#8216;Viss iek\u013cauts&#8217; jums nav j\u0101t\u0113r\u0113 viena atva\u013cin\u0101juma diena, iesai\u0146ojot mantas, bet otra &#8211; atgrie\u017eoties no ce\u013cojuma. Viss nepiecie\u0161amais pat\u012bkamam atva\u013cin\u0101jumam ir gl\u012bti nodro\u0161in\u0101ts kemper\u012b.<\/p>\n<p> VISS IEK\u013bAUTA PAKETE CENA: 15 EUR\/dien\u0101 (par automa\u0161\u012bnu), min. 100 EUR <\/p>\n<p>[\/vc_column_text][vc_row_inner][vc_column_inner width=&#8221;1\/3&#8243;][vc_column_text css=&#8221;&#8221;]<\/p>\n<p> Navig\u0101cijas ier\u012bce <\/p>\n<p>Garmin Camper navig\u0101cijas ier\u012bce ar visas Eiropas kart\u0113m. Turkl\u0101t navig\u0101cijas ier\u012bc\u0113 ir iek\u013cauta visa inform\u0101cija par kempingiem un tel\u0161u viet\u0101m.[\/vc_column_text][vc_single_image image=&#8221;57853&#8243; img_size=&#8221;full&#8221; alignment=&#8221;center&#8221;][\/vc_column_inner][vc_column_inner width=&#8221;1\/3&#8243;][vc_column_text css=&#8221;&#8221;]<\/p>\n<p> Dro\u0161\u012bbas pakete <\/p>\n<p>Dro\u0161\u012bbas pakete un aptieka \u2014 papildus standarta automa\u0161\u012bnas dro\u0161\u012bbas paketei ir nepiecie\u0161am\u0101s pirm\u0101s pal\u012bdz\u012bbas aptieci\u0146as, av\u0101rijas tr\u012bsst\u016bris, automa\u0161\u012bnas aptieka utt.[\/vc_column_text][vc_single_image image=&#8221;57854&#8243; img_size=&#8221;full&#8221; alignment=&#8221;center&#8221;][\/vc_column_inner][vc_column_inner width=&#8221;1\/3&#8243;][vc_column_text css=&#8221;&#8221;]<\/p>\n<p> G\u0101zes balons <\/p>\n<p>G\u0101zes balons (11 kg) kempera apg\u0101dei ar karstu \u016bdeni un apkuri. G\u0101zes balonu var \u0113rti izmantot ar\u012b g\u0101zes grila apsildei..[\/vc_column_text][vc_single_image image=&#8221;57856&#8243; img_size=&#8221;full&#8221;][\/vc_column_inner][\/vc_row_inner][vc_empty_space height=&#8221;15px&#8221;][vc_separator][vc_row_inner][vc_column_inner width=&#8221;1\/3&#8243;][vc_column_text css=&#8221;&#8221;]<\/p>\n<p> Mark\u012bze kempera s\u0101nos [&#8230;]<\/p>\n","protected":false},"author":1,"featured_media":0,"parent":58093,"menu_order":4,"comment_status":"closed","ping_status":"closed","template":"","meta":{"_acf_changed":false,"_exactmetrics_skip_tracking":false,"_exactmetrics_sitenote_active":false,"_exactmetrics_sitenote_note":"","_exactmetrics_sitenote_category":0,"footnotes":""},"class_list":["post-57792","page","type-page","status-publish","hentry"],"acf":[],"yoast_head":"<!-- This site is optimized with the Yoast SEO plugin v27.2 - https:\/\/yoast.com\/product\/yoast-seo-wordpress\/ -->\n<title>Apr\u012bkojuma pakete &#039;VISS CEN\u0100&#039; - MOTORHOME.ee<\/title>\n<meta name=\"description\" content=\"Apr\u012bkojuma pakete &#039;VISS CEN\u0100&#039; Kemper\u012b ir viss nepiecie\u0161amais pat\u012bkam\u0101m br\u012bvdien\u0101m: \u0100ra m\u0113beles, Gultasve\u013cas komplekti, G\u0101zes balons, TV...\" \/>\n<meta name=\"robots\" content=\"index, follow, max-snippet:-1, max-image-preview:large, max-video-preview:-1\" \/>\n<link rel=\"canonical\" href=\"https:\/\/motorhome.ee\/lv\/aprikojuma-pakete-viss-cena\/\" \/>\n<meta property=\"og:locale\" content=\"lv_LV\" \/>\n<meta property=\"og:type\" content=\"article\" \/>\n<meta property=\"og:title\" content=\"Apr\u012bkojuma pakete &#039;VISS CEN\u0100&#039; - MOTORHOME.ee\" \/>\n<meta property=\"og:description\" content=\"Apr\u012bkojuma pakete &#039;VISS CEN\u0100&#039; Kemper\u012b ir viss nepiecie\u0161amais pat\u012bkam\u0101m br\u012bvdien\u0101m: \u0100ra m\u0113beles, Gultasve\u013cas komplekti, G\u0101zes balons, TV...\" \/>\n<meta property=\"og:url\" content=\"https:\/\/motorhome.ee\/lv\/aprikojuma-pakete-viss-cena\/\" \/>\n<meta property=\"og:site_name\" content=\"MOTORHOME.ee\" \/>\n<meta property=\"article:publisher\" content=\"https:\/\/www.facebook.com\/MOTORHOME.ee\/\" \/>\n<meta property=\"article:modified_time\" content=\"2026-01-22T16:34:13+00:00\" \/>\n<meta property=\"og:image\" content=\"https:\/\/motorhome.ee\/wp-content\/uploads\/2021\/05\/frankia-_www89ee-1-_www89ee-_www89ee.jpg\" \/>\n\t<meta property=\"og:image:width\" content=\"1134\" \/>\n\t<meta property=\"og:image:height\" content=\"1701\" \/>\n\t<meta property=\"og:image:type\" content=\"image\/jpeg\" \/>\n<meta name=\"twitter:card\" content=\"summary_large_image\" \/>\n<meta name=\"twitter:label1\" content=\"Est. reading time\" \/>\n\t<meta name=\"twitter:data1\" content=\"5 minutes\" \/>\n<script type=\"application\/ld+json\" class=\"yoast-schema-graph\">{\"@context\":\"https:\/\/schema.org\",\"@graph\":[{\"@type\":\"WebPage\",\"@id\":\"https:\/\/motorhome.ee\/lv\/aprikojuma-pakete-viss-cena\/\",\"url\":\"https:\/\/motorhome.ee\/lv\/aprikojuma-pakete-viss-cena\/\",\"name\":\"Apr\u012bkojuma pakete 'VISS CEN\u0100' - MOTORHOME.ee\",\"isPartOf\":{\"@id\":\"https:\/\/motorhome.ee\/fi\/#website\"},\"datePublished\":\"2026-01-22T16:34:12+00:00\",\"dateModified\":\"2026-01-22T16:34:13+00:00\",\"description\":\"Apr\u012bkojuma pakete 'VISS CEN\u0100' Kemper\u012b ir viss nepiecie\u0161amais pat\u012bkam\u0101m br\u012bvdien\u0101m: \u0100ra m\u0113beles, Gultasve\u013cas komplekti, G\u0101zes balons, TV...\",\"breadcrumb\":{\"@id\":\"https:\/\/motorhome.ee\/lv\/aprikojuma-pakete-viss-cena\/#breadcrumb\"},\"inLanguage\":\"lv-LV\",\"potentialAction\":[{\"@type\":\"ReadAction\",\"target\":[\"https:\/\/motorhome.ee\/lv\/aprikojuma-pakete-viss-cena\/\"]}]},{\"@type\":\"BreadcrumbList\",\"@id\":\"https:\/\/motorhome.ee\/lv\/aprikojuma-pakete-viss-cena\/#breadcrumb\",\"itemListElement\":[{\"@type\":\"ListItem\",\"position\":1,\"name\":\"Home\",\"item\":\"https:\/\/motorhome.ee\/lv\/\"},{\"@type\":\"ListItem\",\"position\":2,\"name\":\"Apr\u012bkojuma pakete &#8216;VISS CEN\u0100&#8217;\"}]},{\"@type\":\"WebSite\",\"@id\":\"https:\/\/motorhome.ee\/fi\/#website\",\"url\":\"https:\/\/motorhome.ee\/fi\/\",\"name\":\"MOTORHOME.ee\",\"description\":\"\",\"publisher\":{\"@id\":\"https:\/\/motorhome.ee\/fi\/#organization\"},\"potentialAction\":[{\"@type\":\"SearchAction\",\"target\":{\"@type\":\"EntryPoint\",\"urlTemplate\":\"https:\/\/motorhome.ee\/fi\/?s={search_term_string}\"},\"query-input\":{\"@type\":\"PropertyValueSpecification\",\"valueRequired\":true,\"valueName\":\"search_term_string\"}}],\"inLanguage\":\"lv-LV\"},{\"@type\":\"Organization\",\"@id\":\"https:\/\/motorhome.ee\/fi\/#organization\",\"name\":\"Motorhome.ee\",\"url\":\"https:\/\/motorhome.ee\/fi\/\",\"logo\":{\"@type\":\"ImageObject\",\"inLanguage\":\"lv-LV\",\"@id\":\"https:\/\/motorhome.ee\/fi\/#\/schema\/logo\/image\/\",\"url\":\"https:\/\/motorhome.ee\/wp-content\/uploads\/2023\/03\/2021-07-23.jpg\",\"contentUrl\":\"https:\/\/motorhome.ee\/wp-content\/uploads\/2023\/03\/2021-07-23.jpg\",\"width\":540,\"height\":405,\"caption\":\"Motorhome.ee\"},\"image\":{\"@id\":\"https:\/\/motorhome.ee\/fi\/#\/schema\/logo\/image\/\"},\"sameAs\":[\"https:\/\/www.facebook.com\/MOTORHOME.ee\/\",\"https:\/\/www.instagram.com\/motorhome.ee\/\",\"https:\/\/www.youtube.com\/channel\/UCa08CRBOoU-bbN-g0fnNadw\"]}]}<\/script>\n<!-- \/ Yoast SEO plugin. -->","yoast_head_json":{"title":"Apr\u012bkojuma pakete 'VISS CEN\u0100' - MOTORHOME.ee","description":"Apr\u012bkojuma pakete 'VISS CEN\u0100' Kemper\u012b ir viss nepiecie\u0161amais pat\u012bkam\u0101m br\u012bvdien\u0101m: \u0100ra m\u0113beles, Gultasve\u013cas komplekti, G\u0101zes balons, TV...","robots":{"index":"index","follow":"follow","max-snippet":"max-snippet:-1","max-image-preview":"max-image-preview:large","max-video-preview":"max-video-preview:-1"},"canonical":"https:\/\/motorhome.ee\/lv\/aprikojuma-pakete-viss-cena\/","og_locale":"lv_LV","og_type":"article","og_title":"Apr\u012bkojuma pakete 'VISS CEN\u0100' - MOTORHOME.ee","og_description":"Apr\u012bkojuma pakete 'VISS CEN\u0100' Kemper\u012b ir viss nepiecie\u0161amais pat\u012bkam\u0101m br\u012bvdien\u0101m: \u0100ra m\u0113beles, Gultasve\u013cas komplekti, G\u0101zes balons, TV...","og_url":"https:\/\/motorhome.ee\/lv\/aprikojuma-pakete-viss-cena\/","og_site_name":"MOTORHOME.ee","article_publisher":"https:\/\/www.facebook.com\/MOTORHOME.ee\/","article_modified_time":"2026-01-22T16:34:13+00:00","og_image":[{"width":1134,"height":1701,"url":"https:\/\/motorhome.ee\/wp-content\/uploads\/2021\/05\/frankia-_www89ee-1-_www89ee-_www89ee.jpg","type":"image\/jpeg"}],"twitter_card":"summary_large_image","twitter_misc":{"Est. reading time":"5 minutes"},"schema":{"@context":"https:\/\/schema.org","@graph":[{"@type":"WebPage","@id":"https:\/\/motorhome.ee\/lv\/aprikojuma-pakete-viss-cena\/","url":"https:\/\/motorhome.ee\/lv\/aprikojuma-pakete-viss-cena\/","name":"Apr\u012bkojuma pakete 'VISS CEN\u0100' - MOTORHOME.ee","isPartOf":{"@id":"https:\/\/motorhome.ee\/fi\/#website"},"datePublished":"2026-01-22T16:34:12+00:00","dateModified":"2026-01-22T16:34:13+00:00","description":"Apr\u012bkojuma pakete 'VISS CEN\u0100' Kemper\u012b ir viss nepiecie\u0161amais pat\u012bkam\u0101m br\u012bvdien\u0101m: \u0100ra m\u0113beles, Gultasve\u013cas komplekti, G\u0101zes balons, TV...","breadcrumb":{"@id":"https:\/\/motorhome.ee\/lv\/aprikojuma-pakete-viss-cena\/#breadcrumb"},"inLanguage":"lv-LV","potentialAction":[{"@type":"ReadAction","target":["https:\/\/motorhome.ee\/lv\/aprikojuma-pakete-viss-cena\/"]}]},{"@type":"BreadcrumbList","@id":"https:\/\/motorhome.ee\/lv\/aprikojuma-pakete-viss-cena\/#breadcrumb","itemListElement":[{"@type":"ListItem","position":1,"name":"Home","item":"https:\/\/motorhome.ee\/lv\/"},{"@type":"ListItem","position":2,"name":"Apr\u012bkojuma pakete &#8216;VISS CEN\u0100&#8217;"}]},{"@type":"WebSite","@id":"https:\/\/motorhome.ee\/fi\/#website","url":"https:\/\/motorhome.ee\/fi\/","name":"MOTORHOME.ee","description":"","publisher":{"@id":"https:\/\/motorhome.ee\/fi\/#organization"},"potentialAction":[{"@type":"SearchAction","target":{"@type":"EntryPoint","urlTemplate":"https:\/\/motorhome.ee\/fi\/?s={search_term_string}"},"query-input":{"@type":"PropertyValueSpecification","valueRequired":true,"valueName":"search_term_string"}}],"inLanguage":"lv-LV"},{"@type":"Organization","@id":"https:\/\/motorhome.ee\/fi\/#organization","name":"Motorhome.ee","url":"https:\/\/motorhome.ee\/fi\/","logo":{"@type":"ImageObject","inLanguage":"lv-LV","@id":"https:\/\/motorhome.ee\/fi\/#\/schema\/logo\/image\/","url":"https:\/\/motorhome.ee\/wp-content\/uploads\/2023\/03\/2021-07-23.jpg","contentUrl":"https:\/\/motorhome.ee\/wp-content\/uploads\/2023\/03\/2021-07-23.jpg","width":540,"height":405,"caption":"Motorhome.ee"},"image":{"@id":"https:\/\/motorhome.ee\/fi\/#\/schema\/logo\/image\/"},"sameAs":["https:\/\/www.facebook.com\/MOTORHOME.ee\/","https:\/\/www.instagram.com\/motorhome.ee\/","https:\/\/www.youtube.com\/channel\/UCa08CRBOoU-bbN-g0fnNadw"]}]}},"_links":{"self":[{"href":"https:\/\/motorhome.ee\/lv\/wp-json\/wp\/v2\/pages\/57792","targetHints":{"allow":["GET"]}}],"collection":[{"href":"https:\/\/motorhome.ee\/lv\/wp-json\/wp\/v2\/pages"}],"about":[{"href":"https:\/\/motorhome.ee\/lv\/wp-json\/wp\/v2\/types\/page"}],"author":[{"embeddable":true,"href":"https:\/\/motorhome.ee\/lv\/wp-json\/wp\/v2\/users\/1"}],"replies":[{"embeddable":true,"href":"https:\/\/motorhome.ee\/lv\/wp-json\/wp\/v2\/comments?post=57792"}],"version-history":[{"count":10,"href":"https:\/\/motorhome.ee\/lv\/wp-json\/wp\/v2\/pages\/57792\/revisions"}],"predecessor-version":[{"id":57924,"href":"https:\/\/motorhome.ee\/lv\/wp-json\/wp\/v2\/pages\/57792\/revisions\/57924"}],"up":[{"embeddable":true,"href":"https:\/\/motorhome.ee\/lv\/wp-json\/wp\/v2\/pages\/58093"}],"wp:attachment":[{"href":"https:\/\/motorhome.ee\/lv\/wp-json\/wp\/v2\/media?parent=57792"}],"curies":[{"name":"wp","href":"https:\/\/api.w.org\/{rel}","templated":true}]}}