{"id":57897,"date":"2026-01-22T18:29:19","date_gmt":"2026-01-22T16:29:19","guid":{"rendered":"https:\/\/motorhome.ee\/?page_id=57897"},"modified":"2026-01-22T18:29:19","modified_gmt":"2026-01-22T16:29:19","slug":"kapec-nomat-kemperi-no-motorhome-ee","status":"publish","type":"page","link":"https:\/\/motorhome.ee\/lv\/kemperu_noma\/kapec-nomat-kemperi-no-motorhome-ee\/","title":{"rendered":"K\u0100P\u0112C NOM\u0100T KEMPERI NO MOTORHOME.ee"},"content":{"rendered":"<div class=\"wpb-content-wrapper\"><p>[vc_row][vc_column][vc_column_text]<\/p>\n<p style=\"text-align: justify;\">\u012ar\u0113jot kemperi no MOTORHOME.ee, j\u016bs izdar\u0101t pareizo izv\u0113li. M\u0113s pied\u0101v\u0101jam pla\u0161u da\u017e\u0101du veidu un mode\u013cu kemperu kl\u0101stu nomai, un pats galvenais \u2013 VISI M\u016aSU KEMPERI VIENM\u0112R IR JAUNI (automa\u0161\u012bnu maksim\u0101lais vecums l\u012bdz 2 gadiem). T\u0101p\u0113c jums neb\u016bs probl\u0113mu atrast sav\u0101m vajadz\u012bb\u0101m vispiem\u0113rot\u0101ko modeli no pied\u0101v\u0101tajiem kemperiem. Pateicoties m\u016bsu lielajam nomas automa\u0161\u012bnu parkam un m\u016bsu pa\u0161u servisam, m\u0113s vienm\u0113r varam pied\u0101v\u0101t saviem klientiem 100% IZBRAUK\u0160ANAS GARANTIJU, kas noz\u012bm\u0113, ka klientam nav j\u0101uztraucas par to, vai vi\u0146\u0161 noteikti var\u0113s doties ilgi pl\u0101notaj\u0101 atva\u013cin\u0101jum\u0101 norun\u0101taj\u0101 dien\u0101. MOTORHOME.ee no daudziem citiem nomas uz\u0146\u0113mumiem at\u0161\u0137iras ar\u012b ar \u013coti labo m\u016bsu kemperu apr\u012bkojuma l\u012bmeni.<\/p>\n<p>[\/vc_column_text][\/vc_column][\/vc_row][vc_row content_placement=&#8221;middle&#8221;][vc_column width=&#8221;1\/2&#8243;][vc_single_image image=&#8221;57898&#8243; img_size=&#8221;full&#8221; alignment=&#8221;center&#8221;][\/vc_column][vc_column width=&#8221;1\/2&#8243;][vc_custom_heading text=&#8221;PLA\u0160A IZV\u0112LE&#8221; font_container=&#8221;tag:h2|text_align:left|color:%230f773d&#8221; use_theme_fonts=&#8221;yes&#8221;][vc_column_text]<\/p>\n<p style=\"text-align: justify;\">\u012ar\u0113jot kemperus no <strong>MOTORHOME.ee<\/strong>, j\u016bs atrad\u012bsiet vislab\u0101ko da\u017e\u0101du kemperu mode\u013cu, veidu un cenu diapazonu izv\u0113li. M\u016bsu kemperu nomas park\u0101 ir \u013coti pla\u0161a da\u017e\u0101du veidu kemperu izv\u0113le (piln\u012bb\u0101 integr\u0113ti, da\u013c\u0113ji integr\u0113ti, ni\u0161as tipa) ar at\u0161\u0137ir\u012bgu gu\u013cvietu skaitu un risin\u0101jumiem, bag\u0101\u017eas nodal\u012bjuma ietilp\u012bbu, apr\u012bkojuma l\u012bmeni un da\u017e\u0101diem p\u0101rnesumk\u0101rbu veidiem (manu\u0101l\u0101, autom\u0101tisk\u0101). Ar m\u016bsu \u0113rto mekl\u0113t\u0101jprogrammu j\u016bs varat \u0101tri atrast kemperi, kas vislab\u0101k atbilst j\u016bsu vajadz\u012bb\u0101m un ir ide\u0101li piem\u0113rots j\u016bsu ce\u013cot\u0101ju grupai. MOTORHOME.ee j\u016bs atrad\u012bsiet vispiem\u0113rot\u0101ko kempera nomu savam atva\u013cin\u0101juma ce\u013cojumam.<\/p>\n<p>[\/vc_column_text][\/vc_column][\/vc_row][vc_row content_placement=&#8221;middle&#8221;][vc_column width=&#8221;1\/2&#8243;][vc_custom_heading text=&#8221;TIKAI JAUNI KEMPERI&#8221; font_container=&#8221;tag:h2|text_align:left|color:%230f773d&#8221; use_theme_fonts=&#8221;yes&#8221;][vc_column_text]<\/p>\n<p style=\"text-align: justify;\">M\u0113s iznom\u0101jam tikai kemperus, kas ir l\u012bdz diviem gadiem veci. Tas noz\u012bm\u0113, ka gandr\u012bz katru reizi, kad nolemjat nom\u0101t kemperi no MOTORHOME.ee, j\u016bs sa\u0146emsiet \u013coti kvalitat\u012bvu, jaunu un t\u012bru kemperi, un jums nekad neb\u016bs j\u0101uztraucas par tehnisk\u0101m probl\u0113m\u0101m ar transportl\u012bdzekli. Jauni, lielisk\u0101 st\u0101vokl\u012b eso\u0161i un labi apr\u012bkoti kemperi garant\u0113 jums vis\u0113rt\u0101ko atva\u013cin\u0101jumu un lab\u0101ko ce\u013cojuma pieredzi.<\/p>\n<p>[\/vc_column_text][\/vc_column][vc_column width=&#8221;1\/2&#8243;][vc_single_image image=&#8221;57899&#8243; img_size=&#8221;full&#8221; alignment=&#8221;center&#8221;][\/vc_column][\/vc_row][vc_row content_placement=&#8221;middle&#8221;][vc_column width=&#8221;1\/2&#8243;][vc_single_image image=&#8221;57900&#8243; img_size=&#8221;full&#8221; alignment=&#8221;center&#8221;][\/vc_column][vc_column width=&#8221;1\/2&#8243;][vc_custom_heading text=&#8221;100% IZEJAS GARANTIJA&#8221; font_container=&#8221;tag:h2|text_align:left|color:%230f773d&#8221; use_theme_fonts=&#8221;yes&#8221;][vc_column_text]<\/p>\n<p style=\"text-align: justify;\">MOTORHOME.ee kemperu noma garant\u0113 100% izbrauk\u0161anas garantiju. Pateicoties m\u016bsu pla\u0161ajam kemperu parkam, m\u0113s vienm\u0113r varam elast\u012bgi rea\u0123\u0113t uz tehnisk\u0101m probl\u0113m\u0101m, ko negaid\u012bti rada iepriek\u0161\u0113jais transportl\u012bdzek\u013ca lietot\u0101js vai ar\u012b j\u016bsu rezerv\u0113tais kemperis laik\u0101 neatgrie\u017eas no iepriek\u0161\u0113j\u0101s nomas. \u0160\u0101dos gad\u012bjumos m\u0113s vienm\u0113r pied\u0101v\u0101jam l\u012bdzv\u0113rt\u012bgu alternat\u012bvu kemperi. \u012ar\u0113jot kemperi no priv\u0101tpersonas vai maz\u0101ka nomas uz\u0146\u0113muma, j\u016bs nekad nevarat b\u016bt 100% p\u0101rliecin\u0101ts, ka j\u016bsu ce\u013cojums notiks laik\u0101.<\/p>\n<p>[\/vc_column_text][\/vc_column][\/vc_row][vc_row content_placement=&#8221;middle&#8221;][vc_column width=&#8221;1\/2&#8243;][vc_custom_heading text=&#8221;CAURSP\u012aD\u012aGA CENU POLITIKA&#8221; font_container=&#8221;tag:h2|text_align:left|color:%230f773d&#8221; use_theme_fonts=&#8221;yes&#8221;][vc_column_text]<\/p>\n<p style=\"text-align: justify;\"><strong>MOTORHOME.ee kemperu noma<\/strong> &#8211; nomas cen\u0101s ietilpst transportl\u012bdzek\u013ca mazg\u0101\u0161anas izmaksas p\u0113c lieto\u0161anas, apkope, e\u013c\u013cas, ce\u013cu satiksmes un KASKO apdro\u0161in\u0101\u0161ana (pa\u0161risks 1000 EUR par katru apdro\u0161in\u0101\u0161anas gad\u012bjumu), k\u0101 ar\u012b viena pilna g\u0101zes balona, \u200b\u200btualetes \u0137imik\u0101liju, \u016bdens \u0161\u013c\u016btenes, elektrisko adapteru, televizora, radio u.c. izmanto\u0161ana.<\/p>\n<p>[\/vc_column_text][\/vc_column][vc_column width=&#8221;1\/2&#8243;][vc_single_image image=&#8221;7490&#8243; img_size=&#8221;full&#8221; alignment=&#8221;center&#8221;][\/vc_column][\/vc_row][vc_row content_placement=&#8221;middle&#8221;][vc_column width=&#8221;1\/2&#8243;][vc_single_image image=&#8221;57901&#8243; img_size=&#8221;full&#8221; alignment=&#8221;center&#8221;][\/vc_column][vc_column width=&#8221;1\/2&#8243;][vc_custom_heading text=&#8221;PILN\u012aB\u0100 APR\u012aKOTS KEMPERU&#8221; font_container=&#8221;tag:h2|text_align:left|color:%230f773d&#8221; use_theme_fonts=&#8221;yes&#8221;][vc_column_text]<\/p>\n<p style=\"text-align: justify;\">Visi <strong>MOTORHOME.ee<\/strong> kemperi parasti ir \u013coti labi apr\u012bkoti. Katram no m\u016bsu kemperiem ir kru\u012bza kontrole, elektriski regul\u0113jami un apsild\u0101mi spogu\u013ci, elektriski vad\u0101mi logi salon\u0101, gaisa kondicionieris vai gaisa kondicionieris transportl\u012bdzek\u013ca salon\u0101, vad\u012bt\u0101ja un pasa\u017eiera dro\u0161\u012bbas spilveni, nepiecie\u0161amie adapteri un kabe\u013ci kempera piesl\u0113g\u0161anai elektrot\u012bklam, k\u0101 ar\u012b \u0161\u013c\u016btene\/piltuve \u016bdens tvertnes uzpild\u012b\u0161anai. <strong>MOTORHOME.ee<\/strong> kemperus var izmantot ar\u012b ziemas aukst\u0101 laik\u0101 &#8211; to nodro\u0161ina pietiekami jaud\u012bgs g\u0101zes sild\u012bt\u0101js\/karst\u0101 \u016bdens katls un izol\u0113ta un apsild\u0101ma \u016bdens sist\u0113ma. Turkl\u0101t visi <strong>MOTORHOME.ee<\/strong> kemperi ir apr\u012bkoti ar transportl\u012bdzek\u013ca s\u0101nos uzst\u0101d\u012btu nojumi (atveramu saulessargu), velosip\u0113du bag\u0101\u017enieku, televizoru (ar DVD atska\u0146ot\u0101ju, USB, HDMI saskarn\u0113m), CD\/USB\/MP3 radio, sagatavo\u0161an\u0101s divu g\u0101zes balonu uzst\u0101d\u012b\u0161anai, tualetes \u0137imik\u0101lij\u0101m utt.<\/p>\n<p>[\/vc_column_text][\/vc_column][\/vc_row][vc_row content_placement=&#8221;middle&#8221;][vc_column width=&#8221;1\/2&#8243;][vc_custom_heading text=&#8221;\u0112RTA PAKETE &#8216;VISS IEK\u013bAUTS&#8217;*&#8221; font_container=&#8221;tag:h2|text_align:left|color:%230f773d&#8221; use_theme_fonts=&#8221;yes&#8221;][vc_column_text]<\/p>\n<p style=\"text-align: justify;\"><strong>MOTORHOME.ee<\/strong> pied\u0101v\u0101 iesp\u0113ju nom\u0101t kemperi ar unik\u0101lu un laiku taupo\u0161u <a href=\"https:\/\/motorhome.ee\/lv\/koik-hinnas-varustuspakett-lv\/\">VISS IEK\u013bAUTS*<\/a> apr\u012bkojuma paketi. Paket\u0113 ietilpst viss nepiecie\u0161amais komfortablai atp\u016btai kemper\u012b, s\u0101kot no augstas kvalit\u0101tes un iztur\u012bg\u0101m \u0101ra m\u0113bel\u0113m, grila komplekta (g\u0101zes grils un piederumi) l\u012bdz augstas kvalit\u0101tes gultas ve\u013cai, dvie\u013ciem, galda piederumiem un virtuves piederumiem. Jums ar\u012b nav j\u0101uztraucas par GPS navig\u0101cijas ier\u012bces un DVD disku ar \u0123imenes film\u0101m ikvienai gaumei l\u012bdzi \u0146em\u0161anu. Visas \u0161\u012bs lietas jau ir novietotas automa\u0161\u012bn\u0101 l\u012bdz j\u016bsu atva\u013cin\u0101juma s\u0101kumam, un jums nav j\u0101pavada papildu laiks, iesai\u0146ojot visu nepiecie\u0161amo pirms do\u0161an\u0101s atva\u013cin\u0101jum\u0101. Jums j\u0101\u0146em l\u012bdzi tikai person\u012bg\u0101s mantas un p\u0101rtikas preces, un j\u016bsu atva\u013cin\u0101jums var s\u0101kties nekav\u0113joties.<\/p>\n<p><em>*Par papildu samaksu. Vair\u0101k inform\u0101cijas skatiet <a href=\"https:\/\/motorhome.ee\/lv\/koik-hinnas-varustuspakett-lv\/\">\u0160EIT<\/a>.<\/em>[\/vc_column_text][\/vc_column][vc_column width=&#8221;1\/2&#8243;][vc_single_image image=&#8221;57903&#8243; img_size=&#8221;full&#8221; alignment=&#8221;center&#8221;][\/vc_column][\/vc_row]<\/p>\n<\/div>","protected":false},"excerpt":{"rendered":"<p>[vc_row][vc_column][vc_column_text]<\/p>\n<p style=\"text-align: justify;\">\u012ar\u0113jot kemperi no MOTORHOME.ee, j\u016bs izdar\u0101t pareizo izv\u0113li. M\u0113s pied\u0101v\u0101jam pla\u0161u da\u017e\u0101du veidu un mode\u013cu kemperu kl\u0101stu nomai, un pats galvenais \u2013 VISI M\u016aSU KEMPERI VIENM\u0112R IR JAUNI (automa\u0161\u012bnu maksim\u0101lais vecums l\u012bdz 2 gadiem). T\u0101p\u0113c jums neb\u016bs probl\u0113mu atrast sav\u0101m vajadz\u012bb\u0101m vispiem\u0113rot\u0101ko modeli no pied\u0101v\u0101tajiem kemperiem. Pateicoties m\u016bsu lielajam nomas automa\u0161\u012bnu parkam un m\u016bsu pa\u0161u servisam, m\u0113s vienm\u0113r varam pied\u0101v\u0101t saviem klientiem 100% IZBRAUK\u0160ANAS GARANTIJU, kas noz\u012bm\u0113, ka klientam nav j\u0101uztraucas par to, vai vi\u0146\u0161 noteikti var\u0113s doties ilgi pl\u0101notaj\u0101 atva\u013cin\u0101jum\u0101 norun\u0101taj\u0101 dien\u0101. MOTORHOME.ee no daudziem citiem nomas uz\u0146\u0113mumiem at\u0161\u0137iras ar\u012b ar \u013coti labo m\u016bsu kemperu apr\u012bkojuma l\u012bmeni.<\/p>\n<p>[\/vc_column_text][\/vc_column][\/vc_row][vc_row content_placement=&#8221;middle&#8221;][vc_column width=&#8221;1\/2&#8243;][vc_single_image image=&#8221;57898&#8243; img_size=&#8221;full&#8221; alignment=&#8221;center&#8221;][\/vc_column][vc_column width=&#8221;1\/2&#8243;][vc_custom_heading text=&#8221;PLA\u0160A IZV\u0112LE&#8221; font_container=&#8221;tag:h2|text_align:left|color:%230f773d&#8221; use_theme_fonts=&#8221;yes&#8221;][vc_column_text]<\/p>\n<p style=\"text-align: justify;\">\u012ar\u0113jot kemperus no <strong>MOTORHOME.ee<\/strong>, j\u016bs atrad\u012bsiet vislab\u0101ko da\u017e\u0101du kemperu mode\u013cu, veidu un cenu diapazonu izv\u0113li. M\u016bsu kemperu nomas park\u0101 ir \u013coti pla\u0161a da\u017e\u0101du veidu kemperu izv\u0113le (piln\u012bb\u0101 integr\u0113ti, da\u013c\u0113ji integr\u0113ti, ni\u0161as tipa) ar at\u0161\u0137ir\u012bgu gu\u013cvietu skaitu un risin\u0101jumiem, bag\u0101\u017eas nodal\u012bjuma ietilp\u012bbu, [&#8230;]<\/p>\n","protected":false},"author":1,"featured_media":0,"parent":58093,"menu_order":2,"comment_status":"closed","ping_status":"closed","template":"","meta":{"_acf_changed":false,"_exactmetrics_skip_tracking":false,"_exactmetrics_sitenote_active":false,"_exactmetrics_sitenote_note":"","_exactmetrics_sitenote_category":0,"footnotes":""},"class_list":["post-57897","page","type-page","status-publish","hentry"],"acf":[],"yoast_head":"<!-- This site is optimized with the Yoast SEO plugin v27.2 - https:\/\/yoast.com\/product\/yoast-seo-wordpress\/ -->\n<title>K\u0100P\u0112C NOM\u0100T KEMPERI NO MOTORHOME.ee - MOTORHOME.ee<\/title>\n<meta name=\"description\" content=\"Pied\u0101v\u0101jam pla\u0161u da\u017e\u0101du veidu un mode\u013cu kemperu nomu. VISI M\u016aSU KEMPERI IR JAUNI, lab\u0101 st\u0101vokl\u012b, un m\u0113s sniedzam 100% iztur\u012bbas garantiju.\" \/>\n<meta name=\"robots\" content=\"index, follow, max-snippet:-1, max-image-preview:large, max-video-preview:-1\" \/>\n<link rel=\"canonical\" href=\"https:\/\/motorhome.ee\/lv\/kapec-nomat-kemperi-no-motorhome-ee\/\" \/>\n<meta property=\"og:locale\" content=\"lv_LV\" \/>\n<meta property=\"og:type\" content=\"article\" \/>\n<meta property=\"og:title\" content=\"K\u0100P\u0112C NOM\u0100T KEMPERI NO MOTORHOME.ee - MOTORHOME.ee\" \/>\n<meta property=\"og:description\" content=\"Pied\u0101v\u0101jam pla\u0161u da\u017e\u0101du veidu un mode\u013cu kemperu nomu. VISI M\u016aSU KEMPERI IR JAUNI, lab\u0101 st\u0101vokl\u012b, un m\u0113s sniedzam 100% iztur\u012bbas garantiju.\" \/>\n<meta property=\"og:url\" content=\"https:\/\/motorhome.ee\/lv\/kapec-nomat-kemperi-no-motorhome-ee\/\" \/>\n<meta property=\"og:site_name\" content=\"MOTORHOME.ee\" \/>\n<meta property=\"article:publisher\" content=\"https:\/\/www.facebook.com\/MOTORHOME.ee\/\" \/>\n<meta property=\"og:image\" content=\"https:\/\/motorhome.ee\/wp-content\/uploads\/2021\/05\/frankia-_www89ee-1-_www89ee-_www89ee.jpg\" \/>\n\t<meta property=\"og:image:width\" content=\"1134\" \/>\n\t<meta property=\"og:image:height\" content=\"1701\" \/>\n\t<meta property=\"og:image:type\" content=\"image\/jpeg\" \/>\n<meta name=\"twitter:card\" content=\"summary_large_image\" \/>\n<meta name=\"twitter:label1\" content=\"Est. reading time\" \/>\n\t<meta name=\"twitter:data1\" content=\"4 minutes\" \/>\n<script type=\"application\/ld+json\" class=\"yoast-schema-graph\">{\"@context\":\"https:\/\/schema.org\",\"@graph\":[{\"@type\":\"WebPage\",\"@id\":\"https:\/\/motorhome.ee\/lv\/kapec-nomat-kemperi-no-motorhome-ee\/\",\"url\":\"https:\/\/motorhome.ee\/lv\/kapec-nomat-kemperi-no-motorhome-ee\/\",\"name\":\"K\u0100P\u0112C NOM\u0100T KEMPERI NO MOTORHOME.ee - MOTORHOME.ee\",\"isPartOf\":{\"@id\":\"https:\/\/motorhome.ee\/fi\/#website\"},\"datePublished\":\"2026-01-22T16:29:19+00:00\",\"description\":\"Pied\u0101v\u0101jam pla\u0161u da\u017e\u0101du veidu un mode\u013cu kemperu nomu. VISI M\u016aSU KEMPERI IR JAUNI, lab\u0101 st\u0101vokl\u012b, un m\u0113s sniedzam 100% iztur\u012bbas garantiju.\",\"breadcrumb\":{\"@id\":\"https:\/\/motorhome.ee\/lv\/kapec-nomat-kemperi-no-motorhome-ee\/#breadcrumb\"},\"inLanguage\":\"lv-LV\",\"potentialAction\":[{\"@type\":\"ReadAction\",\"target\":[\"https:\/\/motorhome.ee\/lv\/kapec-nomat-kemperi-no-motorhome-ee\/\"]}]},{\"@type\":\"BreadcrumbList\",\"@id\":\"https:\/\/motorhome.ee\/lv\/kapec-nomat-kemperi-no-motorhome-ee\/#breadcrumb\",\"itemListElement\":[{\"@type\":\"ListItem\",\"position\":1,\"name\":\"Home\",\"item\":\"https:\/\/motorhome.ee\/lv\/\"},{\"@type\":\"ListItem\",\"position\":2,\"name\":\"K\u0100P\u0112C NOM\u0100T KEMPERI NO MOTORHOME.ee\"}]},{\"@type\":\"WebSite\",\"@id\":\"https:\/\/motorhome.ee\/fi\/#website\",\"url\":\"https:\/\/motorhome.ee\/fi\/\",\"name\":\"MOTORHOME.ee\",\"description\":\"\",\"publisher\":{\"@id\":\"https:\/\/motorhome.ee\/fi\/#organization\"},\"potentialAction\":[{\"@type\":\"SearchAction\",\"target\":{\"@type\":\"EntryPoint\",\"urlTemplate\":\"https:\/\/motorhome.ee\/fi\/?s={search_term_string}\"},\"query-input\":{\"@type\":\"PropertyValueSpecification\",\"valueRequired\":true,\"valueName\":\"search_term_string\"}}],\"inLanguage\":\"lv-LV\"},{\"@type\":\"Organization\",\"@id\":\"https:\/\/motorhome.ee\/fi\/#organization\",\"name\":\"Motorhome.ee\",\"url\":\"https:\/\/motorhome.ee\/fi\/\",\"logo\":{\"@type\":\"ImageObject\",\"inLanguage\":\"lv-LV\",\"@id\":\"https:\/\/motorhome.ee\/fi\/#\/schema\/logo\/image\/\",\"url\":\"https:\/\/motorhome.ee\/wp-content\/uploads\/2023\/03\/2021-07-23.jpg\",\"contentUrl\":\"https:\/\/motorhome.ee\/wp-content\/uploads\/2023\/03\/2021-07-23.jpg\",\"width\":540,\"height\":405,\"caption\":\"Motorhome.ee\"},\"image\":{\"@id\":\"https:\/\/motorhome.ee\/fi\/#\/schema\/logo\/image\/\"},\"sameAs\":[\"https:\/\/www.facebook.com\/MOTORHOME.ee\/\",\"https:\/\/www.instagram.com\/motorhome.ee\/\",\"https:\/\/www.youtube.com\/channel\/UCa08CRBOoU-bbN-g0fnNadw\"]}]}<\/script>\n<!-- \/ Yoast SEO plugin. -->","yoast_head_json":{"title":"K\u0100P\u0112C NOM\u0100T KEMPERI NO MOTORHOME.ee - MOTORHOME.ee","description":"Pied\u0101v\u0101jam pla\u0161u da\u017e\u0101du veidu un mode\u013cu kemperu nomu. VISI M\u016aSU KEMPERI IR JAUNI, lab\u0101 st\u0101vokl\u012b, un m\u0113s sniedzam 100% iztur\u012bbas garantiju.","robots":{"index":"index","follow":"follow","max-snippet":"max-snippet:-1","max-image-preview":"max-image-preview:large","max-video-preview":"max-video-preview:-1"},"canonical":"https:\/\/motorhome.ee\/lv\/kapec-nomat-kemperi-no-motorhome-ee\/","og_locale":"lv_LV","og_type":"article","og_title":"K\u0100P\u0112C NOM\u0100T KEMPERI NO MOTORHOME.ee - MOTORHOME.ee","og_description":"Pied\u0101v\u0101jam pla\u0161u da\u017e\u0101du veidu un mode\u013cu kemperu nomu. VISI M\u016aSU KEMPERI IR JAUNI, lab\u0101 st\u0101vokl\u012b, un m\u0113s sniedzam 100% iztur\u012bbas garantiju.","og_url":"https:\/\/motorhome.ee\/lv\/kapec-nomat-kemperi-no-motorhome-ee\/","og_site_name":"MOTORHOME.ee","article_publisher":"https:\/\/www.facebook.com\/MOTORHOME.ee\/","og_image":[{"width":1134,"height":1701,"url":"https:\/\/motorhome.ee\/wp-content\/uploads\/2021\/05\/frankia-_www89ee-1-_www89ee-_www89ee.jpg","type":"image\/jpeg"}],"twitter_card":"summary_large_image","twitter_misc":{"Est. reading time":"4 minutes"},"schema":{"@context":"https:\/\/schema.org","@graph":[{"@type":"WebPage","@id":"https:\/\/motorhome.ee\/lv\/kapec-nomat-kemperi-no-motorhome-ee\/","url":"https:\/\/motorhome.ee\/lv\/kapec-nomat-kemperi-no-motorhome-ee\/","name":"K\u0100P\u0112C NOM\u0100T KEMPERI NO MOTORHOME.ee - MOTORHOME.ee","isPartOf":{"@id":"https:\/\/motorhome.ee\/fi\/#website"},"datePublished":"2026-01-22T16:29:19+00:00","description":"Pied\u0101v\u0101jam pla\u0161u da\u017e\u0101du veidu un mode\u013cu kemperu nomu. VISI M\u016aSU KEMPERI IR JAUNI, lab\u0101 st\u0101vokl\u012b, un m\u0113s sniedzam 100% iztur\u012bbas garantiju.","breadcrumb":{"@id":"https:\/\/motorhome.ee\/lv\/kapec-nomat-kemperi-no-motorhome-ee\/#breadcrumb"},"inLanguage":"lv-LV","potentialAction":[{"@type":"ReadAction","target":["https:\/\/motorhome.ee\/lv\/kapec-nomat-kemperi-no-motorhome-ee\/"]}]},{"@type":"BreadcrumbList","@id":"https:\/\/motorhome.ee\/lv\/kapec-nomat-kemperi-no-motorhome-ee\/#breadcrumb","itemListElement":[{"@type":"ListItem","position":1,"name":"Home","item":"https:\/\/motorhome.ee\/lv\/"},{"@type":"ListItem","position":2,"name":"K\u0100P\u0112C NOM\u0100T KEMPERI NO MOTORHOME.ee"}]},{"@type":"WebSite","@id":"https:\/\/motorhome.ee\/fi\/#website","url":"https:\/\/motorhome.ee\/fi\/","name":"MOTORHOME.ee","description":"","publisher":{"@id":"https:\/\/motorhome.ee\/fi\/#organization"},"potentialAction":[{"@type":"SearchAction","target":{"@type":"EntryPoint","urlTemplate":"https:\/\/motorhome.ee\/fi\/?s={search_term_string}"},"query-input":{"@type":"PropertyValueSpecification","valueRequired":true,"valueName":"search_term_string"}}],"inLanguage":"lv-LV"},{"@type":"Organization","@id":"https:\/\/motorhome.ee\/fi\/#organization","name":"Motorhome.ee","url":"https:\/\/motorhome.ee\/fi\/","logo":{"@type":"ImageObject","inLanguage":"lv-LV","@id":"https:\/\/motorhome.ee\/fi\/#\/schema\/logo\/image\/","url":"https:\/\/motorhome.ee\/wp-content\/uploads\/2023\/03\/2021-07-23.jpg","contentUrl":"https:\/\/motorhome.ee\/wp-content\/uploads\/2023\/03\/2021-07-23.jpg","width":540,"height":405,"caption":"Motorhome.ee"},"image":{"@id":"https:\/\/motorhome.ee\/fi\/#\/schema\/logo\/image\/"},"sameAs":["https:\/\/www.facebook.com\/MOTORHOME.ee\/","https:\/\/www.instagram.com\/motorhome.ee\/","https:\/\/www.youtube.com\/channel\/UCa08CRBOoU-bbN-g0fnNadw"]}]}},"_links":{"self":[{"href":"https:\/\/motorhome.ee\/lv\/wp-json\/wp\/v2\/pages\/57897","targetHints":{"allow":["GET"]}}],"collection":[{"href":"https:\/\/motorhome.ee\/lv\/wp-json\/wp\/v2\/pages"}],"about":[{"href":"https:\/\/motorhome.ee\/lv\/wp-json\/wp\/v2\/types\/page"}],"author":[{"embeddable":true,"href":"https:\/\/motorhome.ee\/lv\/wp-json\/wp\/v2\/users\/1"}],"replies":[{"embeddable":true,"href":"https:\/\/motorhome.ee\/lv\/wp-json\/wp\/v2\/comments?post=57897"}],"version-history":[{"count":5,"href":"https:\/\/motorhome.ee\/lv\/wp-json\/wp\/v2\/pages\/57897\/revisions"}],"predecessor-version":[{"id":57926,"href":"https:\/\/motorhome.ee\/lv\/wp-json\/wp\/v2\/pages\/57897\/revisions\/57926"}],"up":[{"embeddable":true,"href":"https:\/\/motorhome.ee\/lv\/wp-json\/wp\/v2\/pages\/58093"}],"wp:attachment":[{"href":"https:\/\/motorhome.ee\/lv\/wp-json\/wp\/v2\/media?parent=57897"}],"curies":[{"name":"wp","href":"https:\/\/api.w.org\/{rel}","templated":true}]}}